{"id":28558,"date":"2025-02-20T23:29:46","date_gmt":"2025-02-20T22:29:46","guid":{"rendered":"https:\/\/olemosaic.orbitalia.org\/producto\/bol-de-coco-azul-delfin-mallorca-3\/"},"modified":"2025-07-25T19:41:16","modified_gmt":"2025-07-25T17:41:16","slug":"taca-de-coco-azul-golfinho-maiorca-3","status":"publish","type":"product","link":"https:\/\/olemosaic.orbitalia.org\/pt-pt\/produto\/taca-de-coco-azul-golfinho-maiorca-3\/","title":{"rendered":"Ta\u00e7a de coco azul. Golfinho. Ilha. Maiorca."},"content":{"rendered":"<p>Esta ta\u00e7a de coco azul, adornada com um elegante design de golfinho, \u00e9 uma recorda\u00e7\u00e3o aut\u00eantica que captura a ess\u00eancia do mar Mediterr\u00e2neo e a beleza natural de Maiorca. Elaborada a partir de cascas de coco recicladas, apresenta um acabamento brilhante que real\u00e7a os vibrantes tons azuis e dourados da sua superf\u00edcie, criando uma pe\u00e7a visualmente impactante e \u00fanica. No centro, uma delicada grava\u00e7\u00e3o de um golfinho n\u00e3o s\u00f3 adiciona car\u00e1cter ao design, como tamb\u00e9m simboliza a rica fauna marinha que rodeia a ilha. A inscri\u00e7\u00e3o &#8220;MALLORCA&#8221; est\u00e1 elegantemente incrustada na base da ta\u00e7a, o que a torna a recorda\u00e7\u00e3o perfeita da visita a esta id\u00edlica ilha balear.<\/p>\n<p>Ideal como objeto decorativo ou para uso di\u00e1rio, esta ta\u00e7a combina funcionalidade com um toque art\u00edstico que evoca a atmosfera mediterr\u00e2nica. O seu design vers\u00e1til permite que se integre em qualquer ambiente, desde cozinhas modernas a decora\u00e7\u00f5es r\u00fasticas, tornando-a um presente atraente para turistas que procuram recorda\u00e7\u00f5es aut\u00eanticas. Na Ol\u00e9 Mosaic, especializamo-nos na distribui\u00e7\u00e3o de lembran\u00e7as por grosso, e esta ta\u00e7a de coco \u00e9 uma op\u00e7\u00e3o incompar\u00e1vel para lojas de presentes tur\u00edsticos que desejam oferecer produtos que celebrem a cultura local e a beleza de Maiorca. Esta ta\u00e7a de coco representa mais do que um simples objeto; \u00e9 uma pe\u00e7a de arte que liga emocionalmente quem a possui.<\/p>\n","protected":false},"excerpt":{"rendered":"<p>Ta\u00e7a de coco azul, decorada com um elegante design de golfinho que representa a beleza marinha de Maiorca. Esta recorda\u00e7\u00e3o original \u00e9 elaborada em coco, com um acabamento brilhante que real\u00e7a os tons dourados e azuis da sua superf\u00edcie. Apresenta uma grava\u00e7\u00e3o de &#8220;MALLORCA&#8221;, capturando a ess\u00eancia da ilha. Ideal como objeto decorativo ou para uso di\u00e1rio, combina funcionalidade e um toque art\u00edstico que evoca a atmosfera mediterr\u00e2nica.<\/p>\n","protected":false},"featured_media":10143,"template":"","meta":{"_acf_changed":false},"product_brand":[],"product_cat":[513],"product_tag":[516],"class_list":{"0":"post-28558","1":"product","2":"type-product","3":"status-publish","4":"has-post-thumbnail","6":"product_cat-bols","7":"product_tag-animais","8":"pa_ciudad-mallorca","9":"pa_motivo-golfinhos","10":"pa_pais-espana","12":"first","13":"instock","14":"shipping-taxable","15":"product-type-simple"},"acf":[],"_links":{"self":[{"href":"https:\/\/olemosaic.orbitalia.org\/pt-pt\/wp-json\/wp\/v2\/product\/28558","targetHints":{"allow":["GET"]}}],"collection":[{"href":"https:\/\/olemosaic.orbitalia.org\/pt-pt\/wp-json\/wp\/v2\/product"}],"about":[{"href":"https:\/\/olemosaic.orbitalia.org\/pt-pt\/wp-json\/wp\/v2\/types\/product"}],"wp:featuredmedia":[{"embeddable":true,"href":"https:\/\/olemosaic.orbitalia.org\/pt-pt\/wp-json\/wp\/v2\/media\/10143"}],"wp:attachment":[{"href":"https:\/\/olemosaic.orbitalia.org\/pt-pt\/wp-json\/wp\/v2\/media?parent=28558"}],"wp:term":[{"taxonomy":"product_brand","embeddable":true,"href":"https:\/\/olemosaic.orbitalia.org\/pt-pt\/wp-json\/wp\/v2\/product_brand?post=28558"},{"taxonomy":"product_cat","embeddable":true,"href":"https:\/\/olemosaic.orbitalia.org\/pt-pt\/wp-json\/wp\/v2\/product_cat?post=28558"},{"taxonomy":"product_tag","embeddable":true,"href":"https:\/\/olemosaic.orbitalia.org\/pt-pt\/wp-json\/wp\/v2\/product_tag?post=28558"}],"curies":[{"name":"wp","href":"https:\/\/api.w.org\/{rel}","templated":true}]}}