{"id":28556,"date":"2025-02-20T23:29:45","date_gmt":"2025-02-20T22:29:45","guid":{"rendered":"https:\/\/olemosaic.orbitalia.org\/producto\/bol-de-coco-azul-delfin-3\/"},"modified":"2025-07-25T19:37:13","modified_gmt":"2025-07-25T17:37:13","slug":"taca-de-coco-azul-golfinho-3","status":"publish","type":"product","link":"https:\/\/olemosaic.orbitalia.org\/pt-pt\/produto\/taca-de-coco-azul-golfinho-3\/","title":{"rendered":"Ta\u00e7a de coco azul. Golfinho. Mosaico."},"content":{"rendered":"<p>Esta ta\u00e7a de coco azul, adornada com um elegante golfinho branco, \u00e9 o complemento perfeito para real\u00e7ar a est\u00e9tica marinha de qualquer casa. Elaborada com material ecol\u00f3gico, este produto destaca-se pelo seu design, que combina um fundo azul intenso com uma borda artesanal adornada com detalhes de mosaico. No centro da ta\u00e7a, um golfinho, s\u00edmbolo de alegria e liberdade, pintado \u00e0 m\u00e3o com grande destreza, confere um ar r\u00fastico e aut\u00eantico \u00e0 pe\u00e7a.<\/p>\n<p>A decora\u00e7\u00e3o da ta\u00e7a n\u00e3o \u00e9 apenas visualmente atraente, mas tamb\u00e9m evoca a cultura mar\u00edtima do Mediterr\u00e2neo, onde o golfinho \u00e9 um s\u00edmbolo apreciado em muitas tradi\u00e7\u00f5es locais. \u00c9 ideal tanto como objeto decorativo, para adicionar um toque de frescura a qualquer divis\u00e3o, como para o seu uso di\u00e1rio na apresenta\u00e7\u00e3o de aperitivos ou frutas.<\/p>\n<p>Na Ol\u00e9 Mosaic, orgulhamo-nos de oferecer lembran\u00e7as aut\u00eanticas que capturam a ess\u00eancia da vida mediterr\u00e2nica. Esta ta\u00e7a de coco azul \u00e9 uma excelente op\u00e7\u00e3o para lojas de presentes tur\u00edsticos que procuram produtos \u00fanicos e representativos da cultura local. Como distribuidores de artigos de decora\u00e7\u00e3o marinha por grosso, garantimos que cada pe\u00e7a reflita o artesanato e a beleza das suas origens.<\/p>\n","protected":false},"excerpt":{"rendered":"<p>Ta\u00e7a de coco azul decorada com um elegante golfinho branco, ideal para dar um toque marinho \u00e0 sua casa. Este produto, elaborado com material ecol\u00f3gico, apresenta um design muito especial com fundo azul intenso e uma borda artesanal com detalhes de mosaico. A figura do golfinho, s\u00edmbolo da alegria e da liberdade, aparenta estar pintada \u00e0 m\u00e3o, o que lhe confere um ar r\u00fastico e aut\u00eantico. Perfeito como objeto decorativo ou para o uso di\u00e1rio.<\/p>\n","protected":false},"featured_media":11736,"template":"","meta":{"_acf_changed":false},"product_brand":[],"product_cat":[513],"product_tag":[516],"class_list":{"0":"post-28556","1":"product","2":"type-product","3":"status-publish","4":"has-post-thumbnail","6":"product_cat-bols","7":"product_tag-animais","8":"pa_motivo-golfinhos","10":"first","11":"instock","12":"shipping-taxable","13":"product-type-simple"},"acf":[],"_links":{"self":[{"href":"https:\/\/olemosaic.orbitalia.org\/pt-pt\/wp-json\/wp\/v2\/product\/28556","targetHints":{"allow":["GET"]}}],"collection":[{"href":"https:\/\/olemosaic.orbitalia.org\/pt-pt\/wp-json\/wp\/v2\/product"}],"about":[{"href":"https:\/\/olemosaic.orbitalia.org\/pt-pt\/wp-json\/wp\/v2\/types\/product"}],"wp:featuredmedia":[{"embeddable":true,"href":"https:\/\/olemosaic.orbitalia.org\/pt-pt\/wp-json\/wp\/v2\/media\/11736"}],"wp:attachment":[{"href":"https:\/\/olemosaic.orbitalia.org\/pt-pt\/wp-json\/wp\/v2\/media?parent=28556"}],"wp:term":[{"taxonomy":"product_brand","embeddable":true,"href":"https:\/\/olemosaic.orbitalia.org\/pt-pt\/wp-json\/wp\/v2\/product_brand?post=28556"},{"taxonomy":"product_cat","embeddable":true,"href":"https:\/\/olemosaic.orbitalia.org\/pt-pt\/wp-json\/wp\/v2\/product_cat?post=28556"},{"taxonomy":"product_tag","embeddable":true,"href":"https:\/\/olemosaic.orbitalia.org\/pt-pt\/wp-json\/wp\/v2\/product_tag?post=28556"}],"curies":[{"name":"wp","href":"https:\/\/api.w.org\/{rel}","templated":true}]}}