{"id":28488,"date":"2025-02-20T23:29:42","date_gmt":"2025-02-20T22:29:42","guid":{"rendered":"https:\/\/olemosaic.orbitalia.org\/producto\/bol-de-coco-azul-caballito-de-mar-2\/"},"modified":"2025-07-25T19:45:51","modified_gmt":"2025-07-25T17:45:51","slug":"taca-de-coco-azul-cavalo-marinho-2","status":"publish","type":"product","link":"https:\/\/olemosaic.orbitalia.org\/pt-pt\/produto\/taca-de-coco-azul-cavalo-marinho-2\/","title":{"rendered":"Ta\u00e7a de coco azul. Cavalo-marinho."},"content":{"rendered":"<p>Esta ta\u00e7a de coco azul, com um design muito especial de cavalo-marinho, \u00e9 uma aut\u00eantica joia decorativa que captura a ess\u00eancia do Mediterr\u00e2neo. Confecionada \u00e0 m\u00e3o atrav\u00e9s da t\u00e9cnica ancestral do mosaico, esta ta\u00e7a destaca-se pelo seu fundo azul vibrante, que representa a profundidade e a frescura do mar. No seu interior, apreciam-se fragmentos de cer\u00e2mica em tons brancos que contrastam delicadamente com o azul, criando uma est\u00e9tica elegante que \u00e9 adornada com um encantador cavalo-marinho pintado a branco no centro. Este detalhe central n\u00e3o s\u00f3 real\u00e7a a singularidade da ta\u00e7a, como tamb\u00e9m simboliza a riqueza da vida marinha que se encontra nas costas mediterr\u00e2nicas.<\/p>\n<p>A borda da ta\u00e7a \u00e9 real\u00e7ada com um design que refor\u00e7a a sua sofistica\u00e7\u00e3o, tornando-a um objeto ideal para embelezar qualquer canto do seu lar, seja na cozinha, na sala ou como parte de uma decora\u00e7\u00e3o mais ampla. Como recorda\u00e7\u00e3o, esta ta\u00e7a captura a ess\u00eancia das costas do Mediterr\u00e2neo, oferecendo uma lembran\u00e7a aut\u00eantica e representativa da cultura local. Na Ol\u00e9 Mosaic, o nosso compromisso com a autenticidade traduz-se nesta ta\u00e7a de coco azul, que \u00e9 um presente perfeito para turistas que procuram recorda\u00e7\u00f5es de qualidade e com significado cultural. \u00c9 uma magn\u00edfica op\u00e7\u00e3o para lojas de presentes tur\u00edsticos que desejem oferecer produtos \u00fanicos e personalizados aos seus clientes. Como grossistas de artigos decorativos, garantimos que cada pe\u00e7a \u00e9 um testemunho da rica heran\u00e7a artesanal da regi\u00e3o.<\/p>\n","protected":false},"excerpt":{"rendered":"<p>Ta\u00e7a de coco azul com um design muito especial de cavalo-marinho, ideal para decorar qualquer canto do seu lar. Esta preciosa ta\u00e7a \u00e9 feita com a t\u00e9cnica do mosaico e apresenta um fundo azul vibrante decorado com fragmentos de cer\u00e2mica brancos. No centro, destaca-se um delicado cavalo-marinho pintado a branco, rodeado por uma borda elegante que lhe d\u00e1 um toque de sofistica\u00e7\u00e3o. Perfeito como recorda\u00e7\u00e3o das costas do Mediterr\u00e2neo.<\/p>\n","protected":false},"featured_media":10057,"template":"","meta":{"_acf_changed":false},"product_brand":[],"product_cat":[513],"product_tag":[516],"class_list":{"0":"post-28488","1":"product","2":"type-product","3":"status-publish","4":"has-post-thumbnail","6":"product_cat-bols","7":"product_tag-animais","8":"pa_motivo-cavalos-marinhos","10":"first","11":"instock","12":"shipping-taxable","13":"product-type-simple"},"acf":[],"_links":{"self":[{"href":"https:\/\/olemosaic.orbitalia.org\/pt-pt\/wp-json\/wp\/v2\/product\/28488","targetHints":{"allow":["GET"]}}],"collection":[{"href":"https:\/\/olemosaic.orbitalia.org\/pt-pt\/wp-json\/wp\/v2\/product"}],"about":[{"href":"https:\/\/olemosaic.orbitalia.org\/pt-pt\/wp-json\/wp\/v2\/types\/product"}],"wp:featuredmedia":[{"embeddable":true,"href":"https:\/\/olemosaic.orbitalia.org\/pt-pt\/wp-json\/wp\/v2\/media\/10057"}],"wp:attachment":[{"href":"https:\/\/olemosaic.orbitalia.org\/pt-pt\/wp-json\/wp\/v2\/media?parent=28488"}],"wp:term":[{"taxonomy":"product_brand","embeddable":true,"href":"https:\/\/olemosaic.orbitalia.org\/pt-pt\/wp-json\/wp\/v2\/product_brand?post=28488"},{"taxonomy":"product_cat","embeddable":true,"href":"https:\/\/olemosaic.orbitalia.org\/pt-pt\/wp-json\/wp\/v2\/product_cat?post=28488"},{"taxonomy":"product_tag","embeddable":true,"href":"https:\/\/olemosaic.orbitalia.org\/pt-pt\/wp-json\/wp\/v2\/product_tag?post=28488"}],"curies":[{"name":"wp","href":"https:\/\/api.w.org\/{rel}","templated":true}]}}