{"id":28487,"date":"2025-02-20T23:29:42","date_gmt":"2025-02-20T22:29:42","guid":{"rendered":"https:\/\/olemosaic.orbitalia.org\/producto\/bol-de-coco-azul-mariposa-2\/"},"modified":"2025-07-25T19:51:45","modified_gmt":"2025-07-25T17:51:45","slug":"taca-de-coco-azul-borboleta-2","status":"publish","type":"product","link":"https:\/\/olemosaic.orbitalia.org\/pt-pt\/produto\/taca-de-coco-azul-borboleta-2\/","title":{"rendered":"Ta\u00e7a de coco azul. Borboleta."},"content":{"rendered":"<p>Esta ta\u00e7a de coco azul com borboleta \u00e9 uma obra de arte \u00fanica, ideal para quem procura recorda\u00e7\u00f5es aut\u00eanticas e representativas da cultura artesanal. Elaborada artesanalmente, a ta\u00e7a apresenta uma encantadora borboleta em tons castanhos que se destaca sobre um elegante fundo claro, simbolizando a transforma\u00e7\u00e3o e a beleza da natureza. A sua estrutura de coco real\u00e7a a textura natural do material, conferindo um toque org\u00e2nico e r\u00fastico a qualquer espa\u00e7o.<\/p>\n<p>O design vibrante da ta\u00e7a completa-se com um delicado mosaico de cora\u00e7\u00f5es em cores vivas, que adorna a parte interna, criando uma harmonia visual que evoca a alegria e o amor. As pe\u00e7as em tons de rosa, verde, azul e roxo unem-se para formar um padr\u00e3o cativante, tornando cada ta\u00e7a verdadeiramente \u00fanica.<\/p>\n<p>Esta ta\u00e7a n\u00e3o \u00e9 apenas um elemento decorativo, mas tamb\u00e9m uma pe\u00e7a funcional que pode ser utilizada em qualquer canto do lar, desde a cozinha at\u00e9 \u00e0 sala. A sua liga\u00e7\u00e3o cultural com a arte do mosaico e a tradi\u00e7\u00e3o dos trabalhos manuais torna-a um presente significativo para turistas que desejem levar um peda\u00e7o da cultura local. Na Ol\u00e9 Mosaic, somos distribuidores de recorda\u00e7\u00f5es por grosso, e esta ta\u00e7a de coco azul com borboleta representa uma excelente op\u00e7\u00e3o para lojas de presentes tur\u00edsticos que procuram oferecer produtos aut\u00eanticos e de qualidade.<\/p>\n","protected":false},"excerpt":{"rendered":"<p>Ta\u00e7a de coco azul com um design de borboleta, adornada com mosaicos coloridos em forma de cora\u00e7\u00e3o. Este artigo, elaborado de forma artesanal, apresenta uma estrutura de coco que real\u00e7a a textura natural do material. A eleg\u00e2ncia da borboleta em tons castanhos contrasta com o fundo claro e as cores vivas dos mosaicos, criando uma pe\u00e7a decorativa e funcional, ideal para qualquer canto do lar. Evoca a beleza da natureza e a arte tradicional.<\/p>\n","protected":false},"featured_media":13474,"template":"","meta":{"_acf_changed":false},"product_brand":[],"product_cat":[513],"product_tag":[516],"class_list":{"0":"post-28487","1":"product","2":"type-product","3":"status-publish","4":"has-post-thumbnail","6":"product_cat-bols","7":"product_tag-animais","8":"pa_motivo-borboletas","10":"first","11":"instock","12":"shipping-taxable","13":"product-type-simple"},"acf":[],"_links":{"self":[{"href":"https:\/\/olemosaic.orbitalia.org\/pt-pt\/wp-json\/wp\/v2\/product\/28487","targetHints":{"allow":["GET"]}}],"collection":[{"href":"https:\/\/olemosaic.orbitalia.org\/pt-pt\/wp-json\/wp\/v2\/product"}],"about":[{"href":"https:\/\/olemosaic.orbitalia.org\/pt-pt\/wp-json\/wp\/v2\/types\/product"}],"wp:featuredmedia":[{"embeddable":true,"href":"https:\/\/olemosaic.orbitalia.org\/pt-pt\/wp-json\/wp\/v2\/media\/13474"}],"wp:attachment":[{"href":"https:\/\/olemosaic.orbitalia.org\/pt-pt\/wp-json\/wp\/v2\/media?parent=28487"}],"wp:term":[{"taxonomy":"product_brand","embeddable":true,"href":"https:\/\/olemosaic.orbitalia.org\/pt-pt\/wp-json\/wp\/v2\/product_brand?post=28487"},{"taxonomy":"product_cat","embeddable":true,"href":"https:\/\/olemosaic.orbitalia.org\/pt-pt\/wp-json\/wp\/v2\/product_cat?post=28487"},{"taxonomy":"product_tag","embeddable":true,"href":"https:\/\/olemosaic.orbitalia.org\/pt-pt\/wp-json\/wp\/v2\/product_tag?post=28487"}],"curies":[{"name":"wp","href":"https:\/\/api.w.org\/{rel}","templated":true}]}}