{"id":28484,"date":"2025-02-20T23:29:42","date_gmt":"2025-02-20T22:29:42","guid":{"rendered":"https:\/\/olemosaic.orbitalia.org\/producto\/bol-de-coco-azul-sardina\/"},"modified":"2025-07-25T18:37:45","modified_gmt":"2025-07-25T16:37:45","slug":"taca-de-coco-azul-sardinha","status":"publish","type":"product","link":"https:\/\/olemosaic.orbitalia.org\/pt-pt\/produto\/taca-de-coco-azul-sardinha\/","title":{"rendered":"Ta\u00e7a de coco azul. Sardinha. Portugal"},"content":{"rendered":"<p>Esta ta\u00e7a de coco azul com design de sardinha \u00e9 uma pe\u00e7a \u00fanica que captura a ess\u00eancia do esp\u00edrito marinho de Portugal. Elaborada em casca de coco aut\u00eantica, o seu fundo azul vibrante evoca as \u00e1guas do Atl\u00e2ntico, adornado com um encantador padr\u00e3o de mosaico que simula a rica tradi\u00e7\u00e3o art\u00edstica do pa\u00eds. No centro destaca-se uma sardinha estilizada, um elemento ic\u00f3nico que representa a importante heran\u00e7a piscat\u00f3ria de Portugal, complementada pela palavra &#8220;PORTUGAL&#8221; estampada em letras claras, que acrescenta um toque distintivo a esta obra. Esta ta\u00e7a n\u00e3o serve apenas como elemento decorativo, mas tamb\u00e9m \u00e9 funcional, ideal para o uso di\u00e1rio na cozinha ou na sala de jantar. O seu design funde a tradi\u00e7\u00e3o cultural com o encanto contempor\u00e2neo, tornando-a uma excelente recorda\u00e7\u00e3o da costa portuguesa e das suas tradi\u00e7\u00f5es.<\/p>\n<p>As recorda\u00e7\u00f5es deste tipo s\u00e3o perfeitas para turistas que procuram levar para casa um peda\u00e7o da cultura local. Na Ol\u00e9 Mosaic, especializamo-nos na distribui\u00e7\u00e3o de recorda\u00e7\u00f5es por grosso, oferecendo produtos aut\u00eanticos que n\u00e3o s\u00e3o apenas est\u00e9ticos, mas que tamb\u00e9m transmitem um profundo sentido cultural. Esta ta\u00e7a de coco azul \u00e9 uma op\u00e7\u00e3o ideal para lojas de presentes tur\u00edsticos que desejam oferecer aos seus clientes uma recorda\u00e7\u00e3o significativa e representativa da rica heran\u00e7a de Portugal. Como grossistas de recorda\u00e7\u00f5es, garantimos qualidade e autenticidade em cada produto.<\/p>\n","protected":false},"excerpt":{"rendered":"<p>Ta\u00e7a de coco azul com design de sardinha, que representa o esp\u00edrito marinheiro de Portugal. Elaborada em coco, esta ta\u00e7a apresenta um fundo azul vibrante adornado com um padr\u00e3o de mosaicos e uma sardinha estilizada no centro. A palavra &#8220;PORTUGAL&#8221; \u00e9 impressa em letras claras, complementando o design. Ideal tanto para decora\u00e7\u00e3o como para uso di\u00e1rio, combina tradi\u00e7\u00e3o e encanto cultural, evocando a rica heran\u00e7a piscat\u00f3ria do pa\u00eds.<\/p>\n","protected":false},"featured_media":11979,"template":"","meta":{"_acf_changed":false},"product_brand":[],"product_cat":[513],"product_tag":[516],"class_list":{"0":"post-28484","1":"product","2":"type-product","3":"status-publish","4":"has-post-thumbnail","6":"product_cat-bols","7":"product_tag-animais","8":"pa_motivo-sardinhas","9":"pa_pais-portugal","11":"first","12":"instock","13":"shipping-taxable","14":"product-type-simple"},"acf":[],"_links":{"self":[{"href":"https:\/\/olemosaic.orbitalia.org\/pt-pt\/wp-json\/wp\/v2\/product\/28484","targetHints":{"allow":["GET"]}}],"collection":[{"href":"https:\/\/olemosaic.orbitalia.org\/pt-pt\/wp-json\/wp\/v2\/product"}],"about":[{"href":"https:\/\/olemosaic.orbitalia.org\/pt-pt\/wp-json\/wp\/v2\/types\/product"}],"wp:featuredmedia":[{"embeddable":true,"href":"https:\/\/olemosaic.orbitalia.org\/pt-pt\/wp-json\/wp\/v2\/media\/11979"}],"wp:attachment":[{"href":"https:\/\/olemosaic.orbitalia.org\/pt-pt\/wp-json\/wp\/v2\/media?parent=28484"}],"wp:term":[{"taxonomy":"product_brand","embeddable":true,"href":"https:\/\/olemosaic.orbitalia.org\/pt-pt\/wp-json\/wp\/v2\/product_brand?post=28484"},{"taxonomy":"product_cat","embeddable":true,"href":"https:\/\/olemosaic.orbitalia.org\/pt-pt\/wp-json\/wp\/v2\/product_cat?post=28484"},{"taxonomy":"product_tag","embeddable":true,"href":"https:\/\/olemosaic.orbitalia.org\/pt-pt\/wp-json\/wp\/v2\/product_tag?post=28484"}],"curies":[{"name":"wp","href":"https:\/\/api.w.org\/{rel}","templated":true}]}}