{"id":28475,"date":"2025-02-20T23:29:41","date_gmt":"2025-02-20T22:29:41","guid":{"rendered":"https:\/\/olemosaic.orbitalia.org\/producto\/bol-de-coco-amarillo-salamandra-tenerife\/"},"modified":"2025-07-25T20:12:05","modified_gmt":"2025-07-25T18:12:05","slug":"taca-de-coco-amarela-salamandra-tenerife","status":"publish","type":"product","link":"https:\/\/olemosaic.orbitalia.org\/pt-pt\/produto\/taca-de-coco-amarela-salamandra-tenerife\/","title":{"rendered":"Ta\u00e7a de coco amarela. Salamandra. Tenerife."},"content":{"rendered":"<p>Esta ta\u00e7a de coco amarela, decorada com uma simp\u00e1tica salamandra, \u00e9 uma pe\u00e7a \u00fanica que capta a ess\u00eancia de Tenerife e a sua rica fauna. Elaborada a partir de cascas de coco, a ta\u00e7a apresenta um design artesanal que se destaca pela sua minuciosa pintura \u00e0 m\u00e3o. A salamandra, representada em tons amarelos vibrantes, contrasta belamente com o fundo escuro da ta\u00e7a, criando uma pe\u00e7a visualmente atraente e chamativa. Rodeando este motivo central, uns cora\u00e7\u00f5es dourados conferem um toque de eleg\u00e2ncia e calor, tornando esta ta\u00e7a n\u00e3o apenas uma recorda\u00e7\u00e3o, mas tamb\u00e9m um objeto decorativo que celebra a beleza das Ilhas Can\u00e1rias.<\/p>\n<p>A inscri\u00e7\u00e3o &#8220;TENERIFE&#8221; no centro da ta\u00e7a serve como uma recorda\u00e7\u00e3o distinta da ilha, tornando-a um presente perfeito para quem procura uma lembran\u00e7a aut\u00eantica e significativa da sua visita. Al\u00e9m disso, a salamandra associa-se \u00e0 biodiversidade \u00fanica de Tenerife, destacando a liga\u00e7\u00e3o cultural e natural entre o produto e a regi\u00e3o.<\/p>\n<p>Na Ol\u00e9 Mosaic, especializamo-nos na distribui\u00e7\u00e3o de recorda\u00e7\u00f5es aut\u00eanticas e de qualidade por grosso, e esta ta\u00e7a de coco amarela representa uma excelente op\u00e7\u00e3o para lojas de presentes tur\u00edsticos que desejem oferecer produtos \u00fanicos e memor\u00e1veis. Com o seu design atraente e a sua relev\u00e2ncia cultural, esta ta\u00e7a posiciona-se como uma das recorda\u00e7\u00f5es de Tenerife mais destacadas para turistas de todo o mundo.<\/p>\n","protected":false},"excerpt":{"rendered":"<p>Ta\u00e7a de coco amarela decorada com uma salamandra, que representa a ess\u00eancia de Tenerife. Esta atraente ta\u00e7a, elaborada com casca de coco, apresenta um design artesanal, pintado \u00e0 m\u00e3o, com uma salamandra amarela como motivo central sobre um fundo escuro, rodeada de cora\u00e7\u00f5es dourados. A inscri\u00e7\u00e3o &#8220;TENERIFE&#8221; confere-lhe um toque distintivo, tornando-a uma recorda\u00e7\u00e3o perfeita e funcional para recordar a beleza das Ilhas Can\u00e1rias.<\/p>\n","protected":false},"featured_media":10228,"template":"","meta":{"_acf_changed":false},"product_brand":[],"product_cat":[513],"product_tag":[516],"class_list":{"0":"post-28475","1":"product","2":"type-product","3":"status-publish","4":"has-post-thumbnail","6":"product_cat-bols","7":"product_tag-animais","8":"pa_ciudad-tenerife","9":"pa_motivo-salamandras","10":"pa_pais-espana","12":"first","13":"instock","14":"shipping-taxable","15":"product-type-simple"},"acf":[],"_links":{"self":[{"href":"https:\/\/olemosaic.orbitalia.org\/pt-pt\/wp-json\/wp\/v2\/product\/28475","targetHints":{"allow":["GET"]}}],"collection":[{"href":"https:\/\/olemosaic.orbitalia.org\/pt-pt\/wp-json\/wp\/v2\/product"}],"about":[{"href":"https:\/\/olemosaic.orbitalia.org\/pt-pt\/wp-json\/wp\/v2\/types\/product"}],"wp:featuredmedia":[{"embeddable":true,"href":"https:\/\/olemosaic.orbitalia.org\/pt-pt\/wp-json\/wp\/v2\/media\/10228"}],"wp:attachment":[{"href":"https:\/\/olemosaic.orbitalia.org\/pt-pt\/wp-json\/wp\/v2\/media?parent=28475"}],"wp:term":[{"taxonomy":"product_brand","embeddable":true,"href":"https:\/\/olemosaic.orbitalia.org\/pt-pt\/wp-json\/wp\/v2\/product_brand?post=28475"},{"taxonomy":"product_cat","embeddable":true,"href":"https:\/\/olemosaic.orbitalia.org\/pt-pt\/wp-json\/wp\/v2\/product_cat?post=28475"},{"taxonomy":"product_tag","embeddable":true,"href":"https:\/\/olemosaic.orbitalia.org\/pt-pt\/wp-json\/wp\/v2\/product_tag?post=28475"}],"curies":[{"name":"wp","href":"https:\/\/api.w.org\/{rel}","templated":true}]}}