{"id":28474,"date":"2025-02-20T23:29:41","date_gmt":"2025-02-20T22:29:41","guid":{"rendered":"https:\/\/olemosaic.orbitalia.org\/producto\/bol-de-coco-amarillo-tortuga-gran-canaria\/"},"modified":"2025-07-25T18:49:54","modified_gmt":"2025-07-25T16:49:54","slug":"taca-de-coco-amarela-tartaruga-gran-canaria","status":"publish","type":"product","link":"https:\/\/olemosaic.orbitalia.org\/pt-pt\/produto\/taca-de-coco-amarela-tartaruga-gran-canaria\/","title":{"rendered":"Ta\u00e7a de coco amarela. Tartaruga. Gran Canaria."},"content":{"rendered":"<p>Esta ta\u00e7a de coco amarela, decorada com uma ador\u00e1vel tartaruga, \u00e9 uma aut\u00eantica recorda\u00e7\u00e3o que capta a beleza natural de Gran Canaria. O seu design pintado \u00e0 m\u00e3o real\u00e7a a vivacidade das cores, com um fundo amarelo vibrante que evoca o sol e as praias da ilha. A tartaruga, um s\u00edmbolo da vida marinha can\u00e1ria, \u00e9 minuciosamente elaborada e centrada na ta\u00e7a, juntamente com a inscri\u00e7\u00e3o &#8220;GRAN CANARIA&#8221;, que sublinha a sua liga\u00e7\u00e3o com esta maravilhosa regi\u00e3o. Os detalhes dourados e os cora\u00e7\u00f5es que emolduram a cena acrescentam um toque especial e alegre, conferindo um encanto adicional a esta pe\u00e7a decorativa.<\/p>\n<p>Esta ta\u00e7a n\u00e3o s\u00f3 \u00e9 ideal para servir aperitivos, como tamb\u00e9m funciona como um elemento decorativo de destaque que trar\u00e1 um peda\u00e7o de Gran Canaria a qualquer lar. A sua autenticidade e estilo artesanal tornam-na um relato visual da cultura can\u00e1ria, ideal para os turistas que procuram levar uma recorda\u00e7\u00e3o significativa da sua visita. Na Ol\u00e9 Mosaic, distribu\u00edmos esta e outras recorda\u00e7\u00f5es de qualidade por grosso, perfeitas para lojas de presentes tur\u00edsticos. Com esta ta\u00e7a de coco amarela, cada cliente poder\u00e1 oferecer aos seus visitantes um peda\u00e7o da ess\u00eancia do esp\u00edrito can\u00e1rio.<\/p>\n","protected":false},"excerpt":{"rendered":"<p>Ta\u00e7a de coco de cor amarela, decorada com uma simp\u00e1tica tartaruga que representa a beleza natural de Gran Canaria. Esta ta\u00e7a \u00fanica, feita de coco, apresenta um design artesanal, pintado \u00e0 m\u00e3o, com detalhes dourados, legendas e cora\u00e7\u00f5es que emolduram a cena. Ideal para servir aperitivos ou como pe\u00e7a decorativa, evoca a ess\u00eancia do encanto can\u00e1rio, tornando esta ta\u00e7a numa aut\u00eantica recorda\u00e7\u00e3o da regi\u00e3o.<\/p>\n","protected":false},"featured_media":10273,"template":"","meta":{"_acf_changed":false},"product_brand":[],"product_cat":[513],"product_tag":[516],"class_list":{"0":"post-28474","1":"product","2":"type-product","3":"status-publish","4":"has-post-thumbnail","6":"product_cat-bols","7":"product_tag-animais","8":"pa_ciudad-gran-canaria","9":"pa_motivo-tartarugas","10":"pa_pais-espana","12":"first","13":"instock","14":"shipping-taxable","15":"product-type-simple"},"acf":[],"_links":{"self":[{"href":"https:\/\/olemosaic.orbitalia.org\/pt-pt\/wp-json\/wp\/v2\/product\/28474","targetHints":{"allow":["GET"]}}],"collection":[{"href":"https:\/\/olemosaic.orbitalia.org\/pt-pt\/wp-json\/wp\/v2\/product"}],"about":[{"href":"https:\/\/olemosaic.orbitalia.org\/pt-pt\/wp-json\/wp\/v2\/types\/product"}],"wp:featuredmedia":[{"embeddable":true,"href":"https:\/\/olemosaic.orbitalia.org\/pt-pt\/wp-json\/wp\/v2\/media\/10273"}],"wp:attachment":[{"href":"https:\/\/olemosaic.orbitalia.org\/pt-pt\/wp-json\/wp\/v2\/media?parent=28474"}],"wp:term":[{"taxonomy":"product_brand","embeddable":true,"href":"https:\/\/olemosaic.orbitalia.org\/pt-pt\/wp-json\/wp\/v2\/product_brand?post=28474"},{"taxonomy":"product_cat","embeddable":true,"href":"https:\/\/olemosaic.orbitalia.org\/pt-pt\/wp-json\/wp\/v2\/product_cat?post=28474"},{"taxonomy":"product_tag","embeddable":true,"href":"https:\/\/olemosaic.orbitalia.org\/pt-pt\/wp-json\/wp\/v2\/product_tag?post=28474"}],"curies":[{"name":"wp","href":"https:\/\/api.w.org\/{rel}","templated":true}]}}