{"id":28463,"date":"2025-02-20T22:29:40","date_gmt":"2025-02-20T22:29:40","guid":{"rendered":"https:\/\/olemosaic.orbitalia.org\/producto\/bol-de-coco-amarillo-delfin-mallorca\/"},"modified":"2025-07-25T20:15:21","modified_gmt":"2025-07-25T18:15:21","slug":"taca-de-coco-amarela-golfinho-maiorca","status":"publish","type":"product","link":"https:\/\/olemosaic.orbitalia.org\/pt-pt\/produto\/taca-de-coco-amarela-golfinho-maiorca\/","title":{"rendered":"Ta\u00e7a de coco amarela. Golfinho. Maiorca."},"content":{"rendered":"<p>Esta ta\u00e7a de coco amarela, adornada com um elegante golfinho, \u00e9 uma recorda\u00e7\u00e3o excecional que reflete a beleza natural de Maiorca. Fabricada artesanalmente a partir da casca de coco, destaca-se pela sua vibrante cor amarela, que capta a luz e acrescenta um toque quente a qualquer espa\u00e7o. A figura central do golfinho, num atraente tom amarelo vivo, simboliza a rica vida marinha da ilha, enquanto o seu design \u00e9 emoldurado por delicados cora\u00e7\u00f5es que conferem um ar rom\u00e2ntico e alegre.<\/p>\n<p>O contraste entre o fundo castanho da casca de coco e os detalhes dourados confere \u00e0 ta\u00e7a um acabamento luminoso e atraente, tornando-a uma pe\u00e7a decorativa ideal para qualquer lar. Cada ta\u00e7a \u00e9 \u00fanica, o que sublinha a sua autenticidade como recorda\u00e7\u00e3o representativa de Maiorca. Este produto n\u00e3o \u00e9 apenas um belo objeto decorativo, mas tamb\u00e9m celebra a liga\u00e7\u00e3o cultural da ilha com o mar e os seus habitantes.<\/p>\n<p>Na Ol\u00e9 Mosaic, especializamo-nos na distribui\u00e7\u00e3o de recorda\u00e7\u00f5es por grosso, oferecendo esta ta\u00e7a de coco amarela como uma op\u00e7\u00e3o perfeita para lojas de presentes tur\u00edsticos que procuram produtos aut\u00eanticos e cheios de significado cultural. \u00c9 um presente ideal para turistas que desejam levar um peda\u00e7o da m\u00e1gica Maiorca.<\/p>\n","protected":false},"excerpt":{"rendered":"<p>Ta\u00e7a de coco amarela decorada com um elegante golfinho, que representa a beleza marinha de Maiorca. Esta ta\u00e7a artesanal, elaborada a partir da casca de coco, apresenta um design encantador com detalhes em tons amarelos e dourados, real\u00e7ados por cora\u00e7\u00f5es que emolduram a figura central. O golfinho, s\u00edmbolo da ilha, destaca-se num vibrante amarelo que contrasta com o fundo castanho, tornando-a uma atraente recorda\u00e7\u00e3o da costa balear.<\/p>\n","protected":false},"featured_media":10257,"template":"","meta":{"_acf_changed":false},"product_brand":[],"product_cat":[513],"product_tag":[516],"class_list":{"0":"post-28463","1":"product","2":"type-product","3":"status-publish","4":"has-post-thumbnail","6":"product_cat-bols","7":"product_tag-animais","8":"pa_ciudad-mallorca","9":"pa_motivo-golfinhos","10":"pa_pais-espana","12":"first","13":"instock","14":"shipping-taxable","15":"product-type-simple"},"acf":[],"_links":{"self":[{"href":"https:\/\/olemosaic.orbitalia.org\/pt-pt\/wp-json\/wp\/v2\/product\/28463","targetHints":{"allow":["GET"]}}],"collection":[{"href":"https:\/\/olemosaic.orbitalia.org\/pt-pt\/wp-json\/wp\/v2\/product"}],"about":[{"href":"https:\/\/olemosaic.orbitalia.org\/pt-pt\/wp-json\/wp\/v2\/types\/product"}],"wp:featuredmedia":[{"embeddable":true,"href":"https:\/\/olemosaic.orbitalia.org\/pt-pt\/wp-json\/wp\/v2\/media\/10257"}],"wp:attachment":[{"href":"https:\/\/olemosaic.orbitalia.org\/pt-pt\/wp-json\/wp\/v2\/media?parent=28463"}],"wp:term":[{"taxonomy":"product_brand","embeddable":true,"href":"https:\/\/olemosaic.orbitalia.org\/pt-pt\/wp-json\/wp\/v2\/product_brand?post=28463"},{"taxonomy":"product_cat","embeddable":true,"href":"https:\/\/olemosaic.orbitalia.org\/pt-pt\/wp-json\/wp\/v2\/product_cat?post=28463"},{"taxonomy":"product_tag","embeddable":true,"href":"https:\/\/olemosaic.orbitalia.org\/pt-pt\/wp-json\/wp\/v2\/product_tag?post=28463"}],"curies":[{"name":"wp","href":"https:\/\/api.w.org\/{rel}","templated":true}]}}