{"id":28461,"date":"2025-02-20T23:29:40","date_gmt":"2025-02-20T22:29:40","guid":{"rendered":"https:\/\/olemosaic.orbitalia.org\/producto\/bol-de-coco-amarillo-camino-de-santiago\/"},"modified":"2025-07-25T18:45:33","modified_gmt":"2025-07-25T16:45:33","slug":"taca-de-coco-amarela-caminho-de-santiago","status":"publish","type":"product","link":"https:\/\/olemosaic.orbitalia.org\/pt-pt\/produto\/taca-de-coco-amarela-caminho-de-santiago\/","title":{"rendered":"Ta\u00e7a de coco amarela. Caminho de Santiago."},"content":{"rendered":"<p>Esta ta\u00e7a de coco amarela, inspirada no Caminho de Santiago, \u00e9 uma lembran\u00e7a excecional que capta a ess\u00eancia desta emblem\u00e1tica rota de peregrina\u00e7\u00e3o. O seu design pintado \u00e0 m\u00e3o real\u00e7a a famosa concha do peregrino, um s\u00edmbolo ic\u00f3nico que representa a f\u00e9 e a viagem espiritual em dire\u00e7\u00e3o a Santiago de Compostela. Com cores vibrantes que variam entre tonalidades de amarelo e castanho, a ta\u00e7a apresenta um acabamento brilhante que, al\u00e9m de ser decorativo, a torna um objeto funcional ideal para o uso di\u00e1rio.<\/p>\n<p>Ao redor da borda, pequenos cora\u00e7\u00f5es desenhados com precis\u00e3o conferem um toque distintivo e rom\u00e2ntico ao design. Na base da ta\u00e7a, a inscri\u00e7\u00e3o &#8220;Caminho de Santiago&#8221; recorda-nos a import\u00e2ncia desta travessia hist\u00f3rica e cultural. Esta ta\u00e7a \u00e9 mais do que uma simples recorda\u00e7\u00e3o; \u00e9 uma representa\u00e7\u00e3o art\u00edstica que celebra a tradi\u00e7\u00e3o da peregrina\u00e7\u00e3o, ligando os viajantes \u00e0 sua heran\u00e7a cultural e espiritual.<\/p>\n<p>Na Ol\u00e9 Mosaic, somos distribuidores de lembran\u00e7as por grosso e esta ta\u00e7a de coco amarela \u00e9 uma op\u00e7\u00e3o perfeita para lojas de presentes tur\u00edsticos que procuram produtos aut\u00eanticos e representativos. N\u00e3o \u00e9 apenas um tributo a uma das rotas mais reconhecidas de Espanha, mas tamb\u00e9m um presente significativo que evocar\u00e1 belas recorda\u00e7\u00f5es do Caminho de Santiago.<\/p>\n","protected":false},"excerpt":{"rendered":"<p>Ta\u00e7a de coco amarela inspirada no Caminho de Santiago, ideal como recorda\u00e7\u00e3o. Esta excecional ta\u00e7a apresenta um design artesanal, pintado \u00e0 m\u00e3o, que destaca a famosa concha do peregrino em cores vibrantes, com a inscri\u00e7\u00e3o \u00abCaminho de Santiago\u00bb na sua base. A borda est\u00e1 decorada com pequenos cora\u00e7\u00f5es, acrescentando um toque distintivo. O seu acabamento brilhante e os tons amarelos e castanhos tornam esta ta\u00e7a uma pe\u00e7a decorativa e funcional, perfeita para recordar a rota espiritual.<\/p>\n","protected":false},"featured_media":10209,"template":"","meta":{"_acf_changed":false},"product_brand":[],"product_cat":[513],"product_tag":[],"class_list":{"0":"post-28461","1":"product","2":"type-product","3":"status-publish","4":"has-post-thumbnail","6":"product_cat-bols","7":"pa_motivo-caminho-de-santiago","9":"first","10":"instock","11":"shipping-taxable","12":"product-type-simple"},"acf":[],"_links":{"self":[{"href":"https:\/\/olemosaic.orbitalia.org\/pt-pt\/wp-json\/wp\/v2\/product\/28461","targetHints":{"allow":["GET"]}}],"collection":[{"href":"https:\/\/olemosaic.orbitalia.org\/pt-pt\/wp-json\/wp\/v2\/product"}],"about":[{"href":"https:\/\/olemosaic.orbitalia.org\/pt-pt\/wp-json\/wp\/v2\/types\/product"}],"wp:featuredmedia":[{"embeddable":true,"href":"https:\/\/olemosaic.orbitalia.org\/pt-pt\/wp-json\/wp\/v2\/media\/10209"}],"wp:attachment":[{"href":"https:\/\/olemosaic.orbitalia.org\/pt-pt\/wp-json\/wp\/v2\/media?parent=28461"}],"wp:term":[{"taxonomy":"product_brand","embeddable":true,"href":"https:\/\/olemosaic.orbitalia.org\/pt-pt\/wp-json\/wp\/v2\/product_brand?post=28461"},{"taxonomy":"product_cat","embeddable":true,"href":"https:\/\/olemosaic.orbitalia.org\/pt-pt\/wp-json\/wp\/v2\/product_cat?post=28461"},{"taxonomy":"product_tag","embeddable":true,"href":"https:\/\/olemosaic.orbitalia.org\/pt-pt\/wp-json\/wp\/v2\/product_tag?post=28461"}],"curies":[{"name":"wp","href":"https:\/\/api.w.org\/{rel}","templated":true}]}}