{"id":28422,"date":"2025-02-20T23:29:40","date_gmt":"2025-02-20T22:29:40","guid":{"rendered":"https:\/\/olemosaic.orbitalia.org\/producto\/bol-de-coco-amarillo-abanico\/"},"modified":"2025-07-25T19:52:18","modified_gmt":"2025-07-25T17:52:18","slug":"taca-de-coco-amarela-leque","status":"publish","type":"product","link":"https:\/\/olemosaic.orbitalia.org\/pt-pt\/produto\/taca-de-coco-amarela-leque\/","title":{"rendered":"Ta\u00e7a de coco amarela. Leque."},"content":{"rendered":"<p>Esta ta\u00e7a de coco amarela \u00e9 uma pe\u00e7a artesanal culturalmente rica que capta a ess\u00eancia vibrante do folclore espanhol. Com um fundo preto que real\u00e7a os seus detalhes dourados, esta ta\u00e7a apresenta um elegante motivo de leque no centro, rodeado de encantadores cora\u00e7\u00f5es e elementos decorativos que acrescentam um toque festivo e atraente. A mestria artesanal que cada ta\u00e7a encerra \u00e9 evidente, uma vez que cada pe\u00e7a aparenta ser pintada \u00e0 m\u00e3o, refletindo a dedica\u00e7\u00e3o e a per\u00edcia dos artes\u00e3os locais.<\/p>\n<p>O design colorido e audaz n\u00e3o s\u00f3 a torna um artigo decorativo, mas tamb\u00e9m uma recorda\u00e7\u00e3o representativa de Espanha, ideal para quem procura souvenirs aut\u00eanticos que encapsulem a riqueza cultural do pa\u00eds. Esta ta\u00e7a \u00e9 perfeita para adornar qualquer espa\u00e7o, conferindo um toque art\u00edstico e um ar de celebra\u00e7\u00e3o que recorda as tradi\u00e7\u00f5es espanholas.<\/p>\n<p>Na Ol\u00e9 Mosaic, como distribuidores de souvenirs por grosso, oferecemos produtos que marcam a diferen\u00e7a. Esta ta\u00e7a de coco amarela n\u00e3o \u00e9 apenas uma op\u00e7\u00e3o decorativa, mas tamb\u00e9m uma excelente ideia para turistas e lojas de presentes tur\u00edsticos que procuram refletir a autenticidade e a criatividade da arte espanhola. Com o seu design \u00fanico e o seu valor cultural, \u00e9 um complemento ideal para quem deseje levar um peda\u00e7o da cultura espanhola para casa.<\/p>\n","protected":false},"excerpt":{"rendered":"<p>Ta\u00e7a de coco amarela com um elegante design que combina um fundo preto com detalhes dourados. Este produto artesanal apresenta um motivo de leque no centro, rodeado de cora\u00e7\u00f5es e elementos decorativos, tudo num estilo vibrante e atraente. Fabricada em coco, cada ta\u00e7a tem um design artesanal, pintado \u00e0 m\u00e3o, o que real\u00e7a a mestria da sua cria\u00e7\u00e3o. Ideal para acrescentar um toque art\u00edstico a qualquer espa\u00e7o, evocando a riqueza do folclore espanhol.<\/p>\n","protected":false},"featured_media":10193,"template":"","meta":{"_acf_changed":false},"product_brand":[],"product_cat":[513],"product_tag":[],"class_list":{"0":"post-28422","1":"product","2":"type-product","3":"status-publish","4":"has-post-thumbnail","6":"product_cat-bols","7":"pa_motivo-leques","9":"first","10":"instock","11":"shipping-taxable","12":"product-type-simple"},"acf":[],"_links":{"self":[{"href":"https:\/\/olemosaic.orbitalia.org\/pt-pt\/wp-json\/wp\/v2\/product\/28422","targetHints":{"allow":["GET"]}}],"collection":[{"href":"https:\/\/olemosaic.orbitalia.org\/pt-pt\/wp-json\/wp\/v2\/product"}],"about":[{"href":"https:\/\/olemosaic.orbitalia.org\/pt-pt\/wp-json\/wp\/v2\/types\/product"}],"wp:featuredmedia":[{"embeddable":true,"href":"https:\/\/olemosaic.orbitalia.org\/pt-pt\/wp-json\/wp\/v2\/media\/10193"}],"wp:attachment":[{"href":"https:\/\/olemosaic.orbitalia.org\/pt-pt\/wp-json\/wp\/v2\/media?parent=28422"}],"wp:term":[{"taxonomy":"product_brand","embeddable":true,"href":"https:\/\/olemosaic.orbitalia.org\/pt-pt\/wp-json\/wp\/v2\/product_brand?post=28422"},{"taxonomy":"product_cat","embeddable":true,"href":"https:\/\/olemosaic.orbitalia.org\/pt-pt\/wp-json\/wp\/v2\/product_cat?post=28422"},{"taxonomy":"product_tag","embeddable":true,"href":"https:\/\/olemosaic.orbitalia.org\/pt-pt\/wp-json\/wp\/v2\/product_tag?post=28422"}],"curies":[{"name":"wp","href":"https:\/\/api.w.org\/{rel}","templated":true}]}}