{"id":28419,"date":"2025-02-20T22:29:39","date_gmt":"2025-02-20T22:29:39","guid":{"rendered":"https:\/\/olemosaic.orbitalia.org\/producto\/bol-de-coco-amarillo-tortuga-mallorca\/"},"modified":"2025-07-25T20:37:49","modified_gmt":"2025-07-25T18:37:49","slug":"taca-de-coco-amarela-tartaruga-maiorca","status":"publish","type":"product","link":"https:\/\/olemosaic.orbitalia.org\/pt-pt\/produto\/taca-de-coco-amarela-tartaruga-maiorca\/","title":{"rendered":"Ta\u00e7a de coco amarela. Tartaruga. Maiorca."},"content":{"rendered":"<p>Esta ta\u00e7a de coco amarela \u00e9 uma recorda\u00e7\u00e3o encantadora que capta a ess\u00eancia de Maiorca, um souvenir perfeito desta bela ilha mediterr\u00e2nica. Com um acabamento brilhante, a ta\u00e7a destaca-se pelo seu design atraente, com detalhes dourados e uma moldura adornada com cora\u00e7\u00f5es, que simbolizam o amor pela cultura local. No centro, uma tartaruga esculpida com precis\u00e3o, juntamente com a palavra &#8220;MAIORCA&#8221;, real\u00e7a a liga\u00e7\u00e3o entre a arte popular e a rica biodiversidade marinha da ilha. Esta ta\u00e7a n\u00e3o \u00e9 apenas um objeto decorativo; o seu design vers\u00e1til torna-a uma op\u00e7\u00e3o ideal para servir pequenos aperitivos em reuni\u00f5es ou celebra\u00e7\u00f5es, conferindo um toque mediterr\u00e2nico a qualquer mesa. Feita de coco, oferece uma sensa\u00e7\u00e3o org\u00e2nica e aut\u00eantica, um valor acrescentado para os turistas que procuram levar um peda\u00e7o de Maiorca para casa. Na Ol\u00e9 Mosaic, somos distribuidores grossistas de souvenirs aut\u00eanticos e esta ta\u00e7a de coco amarela \u00e9 uma excelente adi\u00e7\u00e3o para as lojas de presentes tur\u00edsticos que desejem oferecer produtos com valor cultural e est\u00e9tico.<\/p>\n","protected":false},"excerpt":{"rendered":"<p>Ta\u00e7a de coco amarela adornada com um design de tartaruga encantador, que representa a rica cultura de Maiorca. Esta ta\u00e7a original, feita de coco, apresenta um acabamento brilhante com detalhes dourados e uma moldura de cora\u00e7\u00f5es. No centro, destaca-se uma tartaruga gravada, juntamente com a palavra &#8220;MAIORCA&#8221;, o que a torna uma recorda\u00e7\u00e3o ideal para evocar a beleza desta ilha mediterr\u00e2nica. Perfeita para decora\u00e7\u00e3o ou para servir aperitivos.<\/p>\n","protected":false},"featured_media":10269,"template":"","meta":{"_acf_changed":false},"product_brand":[],"product_cat":[513],"product_tag":[516],"class_list":{"0":"post-28419","1":"product","2":"type-product","3":"status-publish","4":"has-post-thumbnail","6":"product_cat-bols","7":"product_tag-animais","8":"pa_ciudad-mallorca","9":"pa_motivo-tartarugas","10":"pa_pais-espana","12":"first","13":"instock","14":"shipping-taxable","15":"product-type-simple"},"acf":[],"_links":{"self":[{"href":"https:\/\/olemosaic.orbitalia.org\/pt-pt\/wp-json\/wp\/v2\/product\/28419","targetHints":{"allow":["GET"]}}],"collection":[{"href":"https:\/\/olemosaic.orbitalia.org\/pt-pt\/wp-json\/wp\/v2\/product"}],"about":[{"href":"https:\/\/olemosaic.orbitalia.org\/pt-pt\/wp-json\/wp\/v2\/types\/product"}],"wp:featuredmedia":[{"embeddable":true,"href":"https:\/\/olemosaic.orbitalia.org\/pt-pt\/wp-json\/wp\/v2\/media\/10269"}],"wp:attachment":[{"href":"https:\/\/olemosaic.orbitalia.org\/pt-pt\/wp-json\/wp\/v2\/media?parent=28419"}],"wp:term":[{"taxonomy":"product_brand","embeddable":true,"href":"https:\/\/olemosaic.orbitalia.org\/pt-pt\/wp-json\/wp\/v2\/product_brand?post=28419"},{"taxonomy":"product_cat","embeddable":true,"href":"https:\/\/olemosaic.orbitalia.org\/pt-pt\/wp-json\/wp\/v2\/product_cat?post=28419"},{"taxonomy":"product_tag","embeddable":true,"href":"https:\/\/olemosaic.orbitalia.org\/pt-pt\/wp-json\/wp\/v2\/product_tag?post=28419"}],"curies":[{"name":"wp","href":"https:\/\/api.w.org\/{rel}","templated":true}]}}