{"id":28408,"date":"2025-02-20T23:29:39","date_gmt":"2025-02-20T22:29:39","guid":{"rendered":"https:\/\/olemosaic.orbitalia.org\/producto\/bol-de-coco-amarillo-tortuga-barcelona\/"},"modified":"2025-07-25T19:33:19","modified_gmt":"2025-07-25T17:33:19","slug":"taca-de-coco-amarela-tartaruga-barcelona","status":"publish","type":"product","link":"https:\/\/olemosaic.orbitalia.org\/pt-pt\/produto\/taca-de-coco-amarela-tartaruga-barcelona\/","title":{"rendered":"Ta\u00e7a de coco amarela. Tartaruga. Barcelona."},"content":{"rendered":"<p>Esta ta\u00e7a de coco amarela \u00e9 um exemplo requintado de artesanato inspirado na beleza costeira de Barcelona. De design artesanal, esta ta\u00e7a destaca-se pela sua cor amarela vibrante, que evoca os raios de sol sobre as praias mediterr\u00e2nicas. A pe\u00e7a conta com um design art\u00edstico impressionante: uma tartaruga central, s\u00edmbolo da vida marinha e da sustentabilidade, est\u00e1 incrustada num fundo decorado com cora\u00e7\u00f5es delicados, criando um atraente contraste visual. A palavra &#8220;Barcelona&#8221;, elegantemente integrada no design, adiciona um toque distintivo que refor\u00e7a a sua liga\u00e7\u00e3o cultural, tornando-a uma recorda\u00e7\u00e3o aut\u00eantica da cidade.<\/p>\n<p>Esta ta\u00e7a n\u00e3o s\u00f3 \u00e9 ideal como pe\u00e7a decorativa, como tamb\u00e9m pode ser utilizada diariamente para servir alimentos, conferindo um estilo \u00fanico a qualquer mesa. O seu design vers\u00e1til torna-a um presente perfeito para turistas que procuram uma recorda\u00e7\u00e3o significativa da sua visita a esta cidade emblem\u00e1tica. Na Ol\u00e9 Mosaic, especializamo-nos na distribui\u00e7\u00e3o de recorda\u00e7\u00f5es de qualidade por grosso, e esta ta\u00e7a de coco amarela \u00e9 uma excelente op\u00e7\u00e3o para lojas de presentes tur\u00edsticos que querem oferecer produtos aut\u00eanticos e com um profundo valor cultural. Como grossista de souvenirs, garantimos que cada pe\u00e7a conta com o artesanato e a originalidade que os seus clientes apreciar\u00e3o.<\/p>\n","protected":false},"excerpt":{"rendered":"<p>Ta\u00e7a de coco amarela com design de tartaruga, inspirado na beleza costeira de Barcelona. Esta elegante ta\u00e7a, com o seu toque art\u00edstico, tem um design artesanal, pintado \u00e0 m\u00e3o, em tons amarelos e castanhos, destacando uma tartaruga central sobre um fundo decorado com cora\u00e7\u00f5es. A palavra &#8220;Barcelona&#8221; integra-se no design, adicionando um encanto especial. Ideal como pe\u00e7a decorativa ou para uso di\u00e1rio, esta ta\u00e7a \u00e9 uma recorda\u00e7\u00e3o \u00fanica que reflete a cultura mediterr\u00e2nea.<\/p>\n","protected":false},"featured_media":10277,"template":"","meta":{"_acf_changed":false},"product_brand":[],"product_cat":[513],"product_tag":[516],"class_list":{"0":"post-28408","1":"product","2":"type-product","3":"status-publish","4":"has-post-thumbnail","6":"product_cat-bols","7":"product_tag-animais","8":"pa_ciudad-barcelona","9":"pa_motivo-tartarugas","10":"pa_pais-espana","12":"first","13":"instock","14":"shipping-taxable","15":"product-type-simple"},"acf":[],"_links":{"self":[{"href":"https:\/\/olemosaic.orbitalia.org\/pt-pt\/wp-json\/wp\/v2\/product\/28408","targetHints":{"allow":["GET"]}}],"collection":[{"href":"https:\/\/olemosaic.orbitalia.org\/pt-pt\/wp-json\/wp\/v2\/product"}],"about":[{"href":"https:\/\/olemosaic.orbitalia.org\/pt-pt\/wp-json\/wp\/v2\/types\/product"}],"wp:featuredmedia":[{"embeddable":true,"href":"https:\/\/olemosaic.orbitalia.org\/pt-pt\/wp-json\/wp\/v2\/media\/10277"}],"wp:attachment":[{"href":"https:\/\/olemosaic.orbitalia.org\/pt-pt\/wp-json\/wp\/v2\/media?parent=28408"}],"wp:term":[{"taxonomy":"product_brand","embeddable":true,"href":"https:\/\/olemosaic.orbitalia.org\/pt-pt\/wp-json\/wp\/v2\/product_brand?post=28408"},{"taxonomy":"product_cat","embeddable":true,"href":"https:\/\/olemosaic.orbitalia.org\/pt-pt\/wp-json\/wp\/v2\/product_cat?post=28408"},{"taxonomy":"product_tag","embeddable":true,"href":"https:\/\/olemosaic.orbitalia.org\/pt-pt\/wp-json\/wp\/v2\/product_tag?post=28408"}],"curies":[{"name":"wp","href":"https:\/\/api.w.org\/{rel}","templated":true}]}}