{"id":28407,"date":"2025-02-20T22:29:39","date_gmt":"2025-02-20T22:29:39","guid":{"rendered":"https:\/\/olemosaic.orbitalia.org\/producto\/bol-de-coco-amarillo-sardina-lisboa-2\/"},"modified":"2025-07-25T18:42:19","modified_gmt":"2025-07-25T16:42:19","slug":"taca-de-coco-amarela-sardinha-lisboa-2","status":"publish","type":"product","link":"https:\/\/olemosaic.orbitalia.org\/pt-pt\/produto\/taca-de-coco-amarela-sardinha-lisboa-2\/","title":{"rendered":"Ta\u00e7a de coco amarela. Sardinha. Lisboa."},"content":{"rendered":"<p>Esta ta\u00e7a de coco amarela \u00e9 uma encantadora recorda\u00e7\u00e3o que capta a ess\u00eancia da rica tradi\u00e7\u00e3o piscat\u00f3ria de Lisboa. O seu design vibrante e \u00fanico apresenta uma sardinha dourada no centro, s\u00edmbolo emblem\u00e1tico da gastronomia portuguesa, rodeada por uma moldura de cora\u00e7\u00f5es amarelos que conferem um toque de alegria e calor. A base preta, salpicada de pequenos detalhes dourados, contrasta magnificamente com as cores vivas, criando um efeito visual atraente que destaca a sua beleza artesanal.<\/p>\n<p>Fabricada em coco, esta ta\u00e7a \u00e9 leve e resistente, o que a torna um artigo vers\u00e1til, ideal para servir pratos deliciosos ou como pe\u00e7a decorativa em qualquer casa. A sua forma redonda e os seus motivos delicados s\u00e3o um reflexo da cultura local, o que torna esta ta\u00e7a um souvenir perfeito para aqueles que desejam levar consigo um peda\u00e7o de Lisboa. Esta ta\u00e7a n\u00e3o s\u00f3 \u00e9 pr\u00e1tica, como tamb\u00e9m representa a autenticidade e a liga\u00e7\u00e3o cultural com uma cidade famosa pela sua rica hist\u00f3ria mar\u00edtima e pelo seu amor pela cozinha \u00e0 base de peixe.<\/p>\n<p>Na Ol\u00e9 Mosaic, como distribuidores de souvenirs por grosso, oferecemos artigos como esta ta\u00e7a de coco amarela, que combinam funcionalidade e significado cultural. \u00c9 uma excelente op\u00e7\u00e3o para lojas de presentes tur\u00edsticos que procuram oferecer produtos aut\u00eanticos e representativos de Portugal.<\/p>\n","protected":false},"excerpt":{"rendered":"<p>Ta\u00e7a de coco amarela decorada com um elegante design de sardinha, que representa a rica tradi\u00e7\u00e3o piscat\u00f3ria de Lisboa. Esta bonita ta\u00e7a apresenta uma base preta salpicada de detalhes dourados, com uma moldura de cora\u00e7\u00f5es amarelos que real\u00e7am o seu encanto. A sua forma redonda e o material de coco tornam-na um artigo leve e resistente, ideal para servir ou exibir. Perfeito para adicionar um toque de cultura portuguesa a qualquer casa.<\/p>\n","protected":false},"featured_media":10177,"template":"","meta":{"_acf_changed":false},"product_brand":[],"product_cat":[513],"product_tag":[516],"class_list":{"0":"post-28407","1":"product","2":"type-product","3":"status-publish","4":"has-post-thumbnail","6":"product_cat-bols","7":"product_tag-animais","8":"pa_ciudad-lisboa","9":"pa_motivo-sardinhas","10":"pa_pais-portugal","12":"first","13":"instock","14":"shipping-taxable","15":"product-type-simple"},"acf":[],"_links":{"self":[{"href":"https:\/\/olemosaic.orbitalia.org\/pt-pt\/wp-json\/wp\/v2\/product\/28407","targetHints":{"allow":["GET"]}}],"collection":[{"href":"https:\/\/olemosaic.orbitalia.org\/pt-pt\/wp-json\/wp\/v2\/product"}],"about":[{"href":"https:\/\/olemosaic.orbitalia.org\/pt-pt\/wp-json\/wp\/v2\/types\/product"}],"wp:featuredmedia":[{"embeddable":true,"href":"https:\/\/olemosaic.orbitalia.org\/pt-pt\/wp-json\/wp\/v2\/media\/10177"}],"wp:attachment":[{"href":"https:\/\/olemosaic.orbitalia.org\/pt-pt\/wp-json\/wp\/v2\/media?parent=28407"}],"wp:term":[{"taxonomy":"product_brand","embeddable":true,"href":"https:\/\/olemosaic.orbitalia.org\/pt-pt\/wp-json\/wp\/v2\/product_brand?post=28407"},{"taxonomy":"product_cat","embeddable":true,"href":"https:\/\/olemosaic.orbitalia.org\/pt-pt\/wp-json\/wp\/v2\/product_cat?post=28407"},{"taxonomy":"product_tag","embeddable":true,"href":"https:\/\/olemosaic.orbitalia.org\/pt-pt\/wp-json\/wp\/v2\/product_tag?post=28407"}],"curies":[{"name":"wp","href":"https:\/\/api.w.org\/{rel}","templated":true}]}}