{"id":28406,"date":"2025-02-20T23:29:39","date_gmt":"2025-02-20T22:29:39","guid":{"rendered":"https:\/\/olemosaic.orbitalia.org\/producto\/bol-de-coco-amarillo-sardina-lisboa\/"},"modified":"2025-07-25T20:25:46","modified_gmt":"2025-07-25T18:25:46","slug":"taca-de-coco-amarela-sardinha-lisboa","status":"publish","type":"product","link":"https:\/\/olemosaic.orbitalia.org\/pt-pt\/produto\/taca-de-coco-amarela-sardinha-lisboa\/","title":{"rendered":"Ta\u00e7a de coco amarela. Sardinha e cora\u00e7\u00f5es. Lisboa."},"content":{"rendered":"<p>Esta ta\u00e7a de coco amarela \u00e9 uma recorda\u00e7\u00e3o aut\u00eantica que capta a ess\u00eancia de Lisboa, celebrando a rica cultura gastron\u00f3mica da cidade. O seu design vibrante e atraente destaca-se pelo seu acabamento brilhante que real\u00e7a a cor amarela predominante, conferindo um toque alegre e luminoso. Rodeada por uma borda decorada com cora\u00e7\u00f5es delicados em tons castanhos e amarelos, a ta\u00e7a apresenta uma figura de sardinha no centro, emblem\u00e1tica da tradi\u00e7\u00e3o culin\u00e1ria lisboeta, acompanhada pela palavra &#8220;LISBOA&#8221;. Esta representa\u00e7\u00e3o n\u00e3o s\u00f3 \u00e9 visualmente atraente, como tamb\u00e9m evoca a popularidade da sardinha na gastronomia local, especialmente durante festividades como as festas de Santo Ant\u00f3nio.<\/p>\n<p>A ta\u00e7a \u00e9 perfeita tanto para o seu uso pr\u00e1tico na cozinha como para adornar qualquer espa\u00e7o da casa. O seu car\u00e1cter distintivo torna-a uma excelente op\u00e7\u00e3o para quem procura recorda\u00e7\u00f5es de Lisboa aut\u00eanticas e representativas. Na Ol\u00e9 Mosaic, somos especialistas na distribui\u00e7\u00e3o de souvenirs por grosso, oferecendo produtos que refletem a rica heran\u00e7a cultural de Portugal. Esta ta\u00e7a de coco amarela, com o seu design encantador e a sua liga\u00e7\u00e3o cultural, \u00e9 um presente perfeito para turistas que desejem levar um pedacinho de Lisboa ou embelezar a sua casa com um toque portugu\u00eas.<\/p>\n","protected":false},"excerpt":{"rendered":"<p>Ta\u00e7a de coco amarela decorada com uma sardinha, s\u00edmbolo de Lisboa. Esta atraente ta\u00e7a apresenta um acabamento brilhante e um design de cora\u00e7\u00f5es na borda, o que cria um contraste chamativo com a cor amarela predominante. A figura da sardinha, juntamente com o texto &#8220;LISBOA&#8221;, destaca-se no centro, refletindo a cultura gastron\u00f3mica local. Ideal como souvenir ou para adornar a sua casa com um toque portugu\u00eas.<\/p>\n","protected":false},"featured_media":10213,"template":"","meta":{"_acf_changed":false},"product_brand":[],"product_cat":[513],"product_tag":[516],"class_list":{"0":"post-28406","1":"product","2":"type-product","3":"status-publish","4":"has-post-thumbnail","6":"product_cat-bols","7":"product_tag-animais","8":"pa_ciudad-lisboa","9":"pa_motivo-sardinhas","10":"pa_pais-portugal","12":"first","13":"instock","14":"shipping-taxable","15":"product-type-simple"},"acf":[],"_links":{"self":[{"href":"https:\/\/olemosaic.orbitalia.org\/pt-pt\/wp-json\/wp\/v2\/product\/28406","targetHints":{"allow":["GET"]}}],"collection":[{"href":"https:\/\/olemosaic.orbitalia.org\/pt-pt\/wp-json\/wp\/v2\/product"}],"about":[{"href":"https:\/\/olemosaic.orbitalia.org\/pt-pt\/wp-json\/wp\/v2\/types\/product"}],"wp:featuredmedia":[{"embeddable":true,"href":"https:\/\/olemosaic.orbitalia.org\/pt-pt\/wp-json\/wp\/v2\/media\/10213"}],"wp:attachment":[{"href":"https:\/\/olemosaic.orbitalia.org\/pt-pt\/wp-json\/wp\/v2\/media?parent=28406"}],"wp:term":[{"taxonomy":"product_brand","embeddable":true,"href":"https:\/\/olemosaic.orbitalia.org\/pt-pt\/wp-json\/wp\/v2\/product_brand?post=28406"},{"taxonomy":"product_cat","embeddable":true,"href":"https:\/\/olemosaic.orbitalia.org\/pt-pt\/wp-json\/wp\/v2\/product_cat?post=28406"},{"taxonomy":"product_tag","embeddable":true,"href":"https:\/\/olemosaic.orbitalia.org\/pt-pt\/wp-json\/wp\/v2\/product_tag?post=28406"}],"curies":[{"name":"wp","href":"https:\/\/api.w.org\/{rel}","templated":true}]}}