{"id":28404,"date":"2025-02-20T23:29:39","date_gmt":"2025-02-20T22:29:39","guid":{"rendered":"https:\/\/olemosaic.orbitalia.org\/producto\/bol-de-coco-amarillo-isla-mallorca\/"},"modified":"2025-07-25T18:42:39","modified_gmt":"2025-07-25T16:42:39","slug":"taca-de-coco-amarela-ilha-maiorca","status":"publish","type":"product","link":"https:\/\/olemosaic.orbitalia.org\/pt-pt\/produto\/taca-de-coco-amarela-ilha-maiorca\/","title":{"rendered":"Ta\u00e7a de coco amarela. Ilha. Maiorca."},"content":{"rendered":"<p>Esta ta\u00e7a de coco amarela decorada \u00e9 uma representa\u00e7\u00e3o requintada do encanto e da beleza de Maiorca, ideal para quem procura uma recorda\u00e7\u00e3o aut\u00eantica e cultural desta maravilhosa ilha bale\u00e1rica. Fabricada a partir de cascas de coco, esta ta\u00e7a apresenta um acabamento preto brilhante que contrasta maravilhosamente com as manchas amarelas, que delineiam de forma vibrante a silhueta da ilha e real\u00e7am a palavra &#8220;MAIORCA&#8221; no seu interior. O seu design artesanal n\u00e3o s\u00f3 a torna uma pe\u00e7a decorativa apelativa, como tamb\u00e9m \u00e9 funcional, sendo perfeita para servir aperitivos ou como centro de mesa.<\/p>\n<p>A ta\u00e7a capta a ess\u00eancia mediterr\u00e2nica de Maiorca, evocando as suas paisagens ensolaradas e o calor das suas gentes. Cada pe\u00e7a \u00e9 elaborada artesanalmente, o que garante que cada ta\u00e7a seja \u00fanica, refletindo a rica heran\u00e7a cultural da ilha. Esta recorda\u00e7\u00e3o de Maiorca \u00e9 uma excelente op\u00e7\u00e3o para os visitantes que procuram levar um pouco do colorido folclore local, ideal para recordar a paz e a beleza que as suas praias e paisagens naturais oferecem.<\/p>\n<p>Na Ol\u00e9 Mosaic, orgulhamo-nos de oferecer produtos aut\u00eanticos como esta ta\u00e7a de coco amarela, perfeitos para lojas de presentes tur\u00edsticos que desejam oferecer recorda\u00e7\u00f5es de qualidade. Como grossista de souvenirs, asseguramos a autenticidade e o apelo cultural de cada artigo, proporcionando aos turistas uma recorda\u00e7\u00e3o memor\u00e1vel da sua visita a Maiorca.<\/p>\n","protected":false},"excerpt":{"rendered":"<p>Ta\u00e7a de coco amarela decorada com um mapa vibrante de Maiorca. Esta atraente ta\u00e7a, feita de coco, apresenta um acabamento preto brilhante com manchas amarelas que real\u00e7am a forma da ilha e a palavra &#8220;MAIORCA&#8221; no seu interior. Ideal como pe\u00e7a decorativa ou para servir aperitivos, o seu design artesanal capta a ess\u00eancia da ilha bale\u00e1rica, conferindo um toque ex\u00f3tico e cultural a qualquer casa.<\/p>\n","protected":false},"featured_media":10197,"template":"","meta":{"_acf_changed":false},"product_brand":[],"product_cat":[513],"product_tag":[],"class_list":{"0":"post-28404","1":"product","2":"type-product","3":"status-publish","4":"has-post-thumbnail","6":"product_cat-bols","7":"pa_ciudad-mallorca","8":"pa_motivo-ilhas","9":"pa_pais-espana","11":"first","12":"instock","13":"shipping-taxable","14":"product-type-simple"},"acf":[],"_links":{"self":[{"href":"https:\/\/olemosaic.orbitalia.org\/pt-pt\/wp-json\/wp\/v2\/product\/28404","targetHints":{"allow":["GET"]}}],"collection":[{"href":"https:\/\/olemosaic.orbitalia.org\/pt-pt\/wp-json\/wp\/v2\/product"}],"about":[{"href":"https:\/\/olemosaic.orbitalia.org\/pt-pt\/wp-json\/wp\/v2\/types\/product"}],"wp:featuredmedia":[{"embeddable":true,"href":"https:\/\/olemosaic.orbitalia.org\/pt-pt\/wp-json\/wp\/v2\/media\/10197"}],"wp:attachment":[{"href":"https:\/\/olemosaic.orbitalia.org\/pt-pt\/wp-json\/wp\/v2\/media?parent=28404"}],"wp:term":[{"taxonomy":"product_brand","embeddable":true,"href":"https:\/\/olemosaic.orbitalia.org\/pt-pt\/wp-json\/wp\/v2\/product_brand?post=28404"},{"taxonomy":"product_cat","embeddable":true,"href":"https:\/\/olemosaic.orbitalia.org\/pt-pt\/wp-json\/wp\/v2\/product_cat?post=28404"},{"taxonomy":"product_tag","embeddable":true,"href":"https:\/\/olemosaic.orbitalia.org\/pt-pt\/wp-json\/wp\/v2\/product_tag?post=28404"}],"curies":[{"name":"wp","href":"https:\/\/api.w.org\/{rel}","templated":true}]}}