{"id":28362,"date":"2025-02-20T23:29:38","date_gmt":"2025-02-20T22:29:38","guid":{"rendered":"https:\/\/olemosaic.orbitalia.org\/producto\/bol-de-coco-amarillo-delfin\/"},"modified":"2025-07-25T18:39:19","modified_gmt":"2025-07-25T16:39:19","slug":"taca-de-coco-amarela-golfinho","status":"publish","type":"product","link":"https:\/\/olemosaic.orbitalia.org\/pt-pt\/produto\/taca-de-coco-amarela-golfinho\/","title":{"rendered":"Ta\u00e7a de coco amarela. Golfinho."},"content":{"rendered":"<p>Esta ta\u00e7a de coco amarela decorada com golfinhos \u00e9 uma pe\u00e7a artesanal que reflete a ess\u00eancia vibrante das regi\u00f5es costeiras do Mediterr\u00e2neo. Fabricada com casca de coco, esta magn\u00edfica ta\u00e7a apresenta um fundo preto resplandecente salpicado de detalhes dourados, onde se destacam dois golfinhos a saltar num design cheio de vida. Rodeados de cora\u00e7\u00f5es dourados, estes cet\u00e1ceos simbolizam a alegria e a liberdade do mar, tornando este produto numa aut\u00eantica recorda\u00e7\u00e3o da cultura mar\u00edtima.<\/p>\n<p>O acabamento pintado \u00e0 m\u00e3o garante que cada ta\u00e7a seja \u00fanica, o que a torna um elemento decorativo ideal para diversas ocasi\u00f5es. O seu design art\u00edstico n\u00e3o s\u00f3 estabelece uma liga\u00e7\u00e3o com a beleza natural do oceano, como tamb\u00e9m evoca um sentimento de nostalgia para quem desfrutou das costas ensolaradas. Esta ta\u00e7a \u00e9 perfeita para adornar qualquer espa\u00e7o, conferindo um toque mediterr\u00e2nico \u00e0 decora\u00e7\u00e3o da casa.<\/p>\n<p>Na Ol\u00e9 Mosaic, especializamo-nos na distribui\u00e7\u00e3o de souvenirs por grosso, oferecendo produtos aut\u00eanticos que representam a rica cultura de Espanha e Portugal. Esta ta\u00e7a de coco amarela \u00e9 uma excelente op\u00e7\u00e3o para lojas de presentes tur\u00edsticos que procuram artigos \u00fanicos e representativos da tradi\u00e7\u00e3o local. Como grossistas de souvenirs, garantimos qualidade e autenticidade em cada pe\u00e7a da nossa cole\u00e7\u00e3o.<\/p>\n","protected":false},"excerpt":{"rendered":"<p>Ta\u00e7a de coco amarela decorada com um design vibrante de dois golfinhos. Este artigo artesanal, feito a partir de casca de coco, apresenta um fundo preto brilhante salpicado de detalhes dourados que representam golfinhos a saltar, rodeados de cora\u00e7\u00f5es. A t\u00e9cnica de design artesanal, pintada \u00e0 m\u00e3o, confere-lhe um toque \u00fanico e distintivo, tornando-a uma magn\u00edfica recorda\u00e7\u00e3o que reflete a beleza do folclore mar\u00edtimo das regi\u00f5es costeiras. Ideal para adornar qualquer espa\u00e7o com um toque mediterr\u00e2nico.<\/p>\n","protected":false},"featured_media":10181,"template":"","meta":{"_acf_changed":false},"product_brand":[],"product_cat":[513],"product_tag":[516],"class_list":{"0":"post-28362","1":"product","2":"type-product","3":"status-publish","4":"has-post-thumbnail","6":"product_cat-bols","7":"product_tag-animais","8":"pa_motivo-golfinhos","10":"first","11":"instock","12":"shipping-taxable","13":"product-type-simple"},"acf":[],"_links":{"self":[{"href":"https:\/\/olemosaic.orbitalia.org\/pt-pt\/wp-json\/wp\/v2\/product\/28362","targetHints":{"allow":["GET"]}}],"collection":[{"href":"https:\/\/olemosaic.orbitalia.org\/pt-pt\/wp-json\/wp\/v2\/product"}],"about":[{"href":"https:\/\/olemosaic.orbitalia.org\/pt-pt\/wp-json\/wp\/v2\/types\/product"}],"wp:featuredmedia":[{"embeddable":true,"href":"https:\/\/olemosaic.orbitalia.org\/pt-pt\/wp-json\/wp\/v2\/media\/10181"}],"wp:attachment":[{"href":"https:\/\/olemosaic.orbitalia.org\/pt-pt\/wp-json\/wp\/v2\/media?parent=28362"}],"wp:term":[{"taxonomy":"product_brand","embeddable":true,"href":"https:\/\/olemosaic.orbitalia.org\/pt-pt\/wp-json\/wp\/v2\/product_brand?post=28362"},{"taxonomy":"product_cat","embeddable":true,"href":"https:\/\/olemosaic.orbitalia.org\/pt-pt\/wp-json\/wp\/v2\/product_cat?post=28362"},{"taxonomy":"product_tag","embeddable":true,"href":"https:\/\/olemosaic.orbitalia.org\/pt-pt\/wp-json\/wp\/v2\/product_tag?post=28362"}],"curies":[{"name":"wp","href":"https:\/\/api.w.org\/{rel}","templated":true}]}}