{"id":28360,"date":"2025-02-20T23:29:37","date_gmt":"2025-02-20T22:29:37","guid":{"rendered":"https:\/\/olemosaic.orbitalia.org\/producto\/bol-de-ceramica-de-9-cm-toro-beige\/"},"modified":"2025-07-25T19:55:19","modified_gmt":"2025-07-25T17:55:19","slug":"taca-de-ceramica-de-9-cm-touro-bege","status":"publish","type":"product","link":"https:\/\/olemosaic.orbitalia.org\/pt-pt\/produto\/taca-de-ceramica-de-9-cm-touro-bege\/","title":{"rendered":"Ta\u00e7a de cer\u00e2mica de 9 cm. Touro. Bege"},"content":{"rendered":"<p>Esta ta\u00e7a de cer\u00e2mica, de 9 cm de di\u00e2metro, \u00e9 uma aut\u00eantica recorda\u00e7\u00e3o que presta homenagem \u00e0 rica cultura espanhola. Com um design vibrante, a ta\u00e7a apresenta touros estilizados numa gama de cores vivas, que simbolizam a tradi\u00e7\u00e3o e a paix\u00e3o da famosa arte da tauromaquia. Cada pe\u00e7a aparenta ser pintada \u00e0 m\u00e3o, lo que garante que cada ta\u00e7a seja \u00fanica. A palavra \u201cEspa\u00f1a\u201d, escrita com letras alegres, complementa os motivos florais que adornam o exterior, criando uma pe\u00e7a chamativa e festiva.<\/p>\n<p>O interior da ta\u00e7a destaca-se pelo seu tom vermelho quente, que confere um toque acolhedor, ideal para servir aperitivos t\u00edpicos da gastronomia espanhola ou como elemento decorativo em qualquer casa. Esta ta\u00e7a n\u00e3o s\u00f3 \u00e9 funcional, como tamb\u00e9m captura a ess\u00eancia do folclore espanhol, tornando-a um presente perfeito para aqueles que desejam levar consigo um pedacinho de Espanha.<\/p>\n<p>Na Ol\u00e9 Mosaic, especializamo-nos na distribui\u00e7\u00e3o de recorda\u00e7\u00f5es de cer\u00e2mica por grosso, oferecendo produtos aut\u00eanticos que evocam a tradi\u00e7\u00e3o cultural. Esta ta\u00e7a de touros \u00e9 uma excelente op\u00e7\u00e3o para lojas de presentes tur\u00edsticos que procuram artigos de qualidade e relev\u00e2ncia cultural, destacando-se como uma pe\u00e7a representativa que qualquer turista gostaria de adicionar \u00e0 sua cole\u00e7\u00e3o de recorda\u00e7\u00f5es de Espanha.<\/p>\n","protected":false},"excerpt":{"rendered":"<p>Ta\u00e7a de cer\u00e2mica de 9 cm, decorada com um design vibrante que captura a ess\u00eancia de Espanha. A ta\u00e7a apresenta touros estilizados em cores vivas, acompanhados de motivos florais e a palavra &#8220;Espa\u00f1a&#8221; escrita com letras alegres, tudo com design artesanal, pintado \u00e0 m\u00e3o. O seu interior, de cor vermelha, confere um toque quente \u00e0 sua est\u00e9tica. Perfeita para servir aperitivos ou como pe\u00e7a decorativa, esta ta\u00e7a reflete a rica tradi\u00e7\u00e3o cultural espanhola.<\/p>\n","protected":false},"featured_media":7375,"template":"","meta":{"_acf_changed":false},"product_brand":[],"product_cat":[513],"product_tag":[516,515],"class_list":{"0":"post-28360","1":"product","2":"type-product","3":"status-publish","4":"has-post-thumbnail","6":"product_cat-bols","7":"product_tag-animais","8":"product_tag-ceramica","9":"pa_motivo-touros","11":"first","12":"instock","13":"shipping-taxable","14":"product-type-simple"},"acf":[],"_links":{"self":[{"href":"https:\/\/olemosaic.orbitalia.org\/pt-pt\/wp-json\/wp\/v2\/product\/28360","targetHints":{"allow":["GET"]}}],"collection":[{"href":"https:\/\/olemosaic.orbitalia.org\/pt-pt\/wp-json\/wp\/v2\/product"}],"about":[{"href":"https:\/\/olemosaic.orbitalia.org\/pt-pt\/wp-json\/wp\/v2\/types\/product"}],"wp:featuredmedia":[{"embeddable":true,"href":"https:\/\/olemosaic.orbitalia.org\/pt-pt\/wp-json\/wp\/v2\/media\/7375"}],"wp:attachment":[{"href":"https:\/\/olemosaic.orbitalia.org\/pt-pt\/wp-json\/wp\/v2\/media?parent=28360"}],"wp:term":[{"taxonomy":"product_brand","embeddable":true,"href":"https:\/\/olemosaic.orbitalia.org\/pt-pt\/wp-json\/wp\/v2\/product_brand?post=28360"},{"taxonomy":"product_cat","embeddable":true,"href":"https:\/\/olemosaic.orbitalia.org\/pt-pt\/wp-json\/wp\/v2\/product_cat?post=28360"},{"taxonomy":"product_tag","embeddable":true,"href":"https:\/\/olemosaic.orbitalia.org\/pt-pt\/wp-json\/wp\/v2\/product_tag?post=28360"}],"curies":[{"name":"wp","href":"https:\/\/api.w.org\/{rel}","templated":true}]}}