{"id":28342,"date":"2025-02-20T23:29:36","date_gmt":"2025-02-20T22:29:36","guid":{"rendered":"https:\/\/olemosaic.orbitalia.org\/producto\/bol-de-ceramica-de-12-cm-panoramica-barcelona-beige-2\/"},"modified":"2025-07-25T19:56:09","modified_gmt":"2025-07-25T17:56:09","slug":"taca-de-ceramica-de-12-cm-panoramica-barcelona-bege-2","status":"publish","type":"product","link":"https:\/\/olemosaic.orbitalia.org\/pt-pt\/produto\/taca-de-ceramica-de-12-cm-panoramica-barcelona-bege-2\/","title":{"rendered":"Ta\u00e7a de cer\u00e2mica de 12 cm. Panor\u00e2mica Sagrada Fam\u00edlia Barcelona. Bege"},"content":{"rendered":"<p>Esta ta\u00e7a de cer\u00e2mica pintada \u00e0 m\u00e3o, de 12 cm, \u00e9 um aut\u00eantico s\u00edmbolo de Barcelona, desenhada para capturar a ess\u00eancia vibrante desta ic\u00f3nica cidade espanhola. A pe\u00e7a apresenta uma panor\u00e2mica colorida que inclui a famosa Sagrada Fam\u00edlia, juntamente com outros elementos emblem\u00e1ticos e arquitet\u00f3nicos que caracterizam Barcelona, como mosaicos e edif\u00edcios de renome. O seu interior \u00e9 de um delicado tom bege, que contrasta na perfei\u00e7\u00e3o com a borda vermelha que destaca a parte superior da ta\u00e7a, criando uma pe\u00e7a n\u00e3o s\u00f3 funcional, mas tamb\u00e9m decorativa.<\/p>\n<p>Os motivos art\u00edsticos plasmados na ta\u00e7a est\u00e3o cheios de vida e alegria, com textos que real\u00e7am &#8220;Barcelona&#8221; em distintos estilos, tornando-a uma recorda\u00e7\u00e3o ideal para quem deseja levar um peda\u00e7o da cultura catal\u00e3. Este souvenir \u00e9 mais do que um simples objeto decorativo; representa a rica hist\u00f3ria e o esp\u00edrito criativo que caracteriza esta regi\u00e3o do Mediterr\u00e2neo. \u00c9 uma excelente op\u00e7\u00e3o para os turistas que procuram souvenirs de cer\u00e2mica aut\u00eanticos, al\u00e9m de ser um presente perfeito para aqueles que amam a arquitetura e a arte.<\/p>\n<p>Na Ol\u00e9 Mosaic, especializamo-nos na distribui\u00e7\u00e3o de souvenirs por grosso, oferecendo produtos aut\u00eanticos que refletem a cultura local. Esta ta\u00e7a de cer\u00e2mica \u00e9 uma op\u00e7\u00e3o fant\u00e1stica para lojas de presentes tur\u00edsticos que desejem oferecer aos seus clientes uma recorda\u00e7\u00e3o distintiva e de qualidade. Como grossista de cer\u00e2mica, garantimos uma oferta que celebra a heran\u00e7a cultural e art\u00edstica de Espanha.<\/p>\n","protected":false},"excerpt":{"rendered":"<p>Ta\u00e7a de cer\u00e2mica de 12 cm, decorada com uma colorida panor\u00e2mica de Barcelona. A pe\u00e7a apresenta um design vibrante que inclui a famosa Sagrada Fam\u00edlia e outros elementos emblem\u00e1ticos da cidade, como mosaicos e edif\u00edcios ic\u00f3nicos. Com o interior bege e a borda vermelha, esta ta\u00e7a de design artesanal, pintada \u00e0 m\u00e3o, destaca-se pelos seus motivos art\u00edsticos e pelas inscri\u00e7\u00f5es que real\u00e7am &#8220;Barcelona&#8221;, tornando-a uma recorda\u00e7\u00e3o atraente que captura a ess\u00eancia da cidade.<\/p>\n","protected":false},"featured_media":7758,"template":"","meta":{"_acf_changed":false},"product_brand":[],"product_cat":[513],"product_tag":[515],"class_list":{"0":"post-28342","1":"product","2":"type-product","3":"status-publish","4":"has-post-thumbnail","6":"product_cat-bols","7":"product_tag-ceramica","8":"pa_ciudad-barcelona","9":"pa_motivo-panoramas","10":"pa_pais-espana","12":"first","13":"instock","14":"shipping-taxable","15":"product-type-simple"},"acf":[],"_links":{"self":[{"href":"https:\/\/olemosaic.orbitalia.org\/pt-pt\/wp-json\/wp\/v2\/product\/28342","targetHints":{"allow":["GET"]}}],"collection":[{"href":"https:\/\/olemosaic.orbitalia.org\/pt-pt\/wp-json\/wp\/v2\/product"}],"about":[{"href":"https:\/\/olemosaic.orbitalia.org\/pt-pt\/wp-json\/wp\/v2\/types\/product"}],"wp:featuredmedia":[{"embeddable":true,"href":"https:\/\/olemosaic.orbitalia.org\/pt-pt\/wp-json\/wp\/v2\/media\/7758"}],"wp:attachment":[{"href":"https:\/\/olemosaic.orbitalia.org\/pt-pt\/wp-json\/wp\/v2\/media?parent=28342"}],"wp:term":[{"taxonomy":"product_brand","embeddable":true,"href":"https:\/\/olemosaic.orbitalia.org\/pt-pt\/wp-json\/wp\/v2\/product_brand?post=28342"},{"taxonomy":"product_cat","embeddable":true,"href":"https:\/\/olemosaic.orbitalia.org\/pt-pt\/wp-json\/wp\/v2\/product_cat?post=28342"},{"taxonomy":"product_tag","embeddable":true,"href":"https:\/\/olemosaic.orbitalia.org\/pt-pt\/wp-json\/wp\/v2\/product_tag?post=28342"}],"curies":[{"name":"wp","href":"https:\/\/api.w.org\/{rel}","templated":true}]}}