{"id":28301,"date":"2025-02-20T23:29:36","date_gmt":"2025-02-20T22:29:36","guid":{"rendered":"https:\/\/olemosaic.orbitalia.org\/producto\/bol-de-coco-amarillo-flor\/"},"modified":"2025-07-25T18:53:06","modified_gmt":"2025-07-25T16:53:06","slug":"taca-de-coco-amarela-flor","status":"publish","type":"product","link":"https:\/\/olemosaic.orbitalia.org\/pt-pt\/produto\/taca-de-coco-amarela-flor\/","title":{"rendered":"Ta\u00e7a de coco amarela. Flor."},"content":{"rendered":"<p>Esta ta\u00e7a de cer\u00e2mica \u00e9 uma aut\u00eantica joia do folclore espanhol, desenhada para conferir um toque vibrante e colorido a qualquer lar. Com um atraente acabamento castanho, a ta\u00e7a apresenta um cativante design de flor amarela no centro, detalhado com cora\u00e7\u00f5es e manchas de cor que evocam o calor da tradi\u00e7\u00e3o artesanal do sul de Espanha. As p\u00e9talas da flor, num tom amarelo brilhante, contrastam na perfei\u00e7\u00e3o com o fundo castanho, criando uma pe\u00e7a que n\u00e3o \u00e9 apenas funcional, mas tamb\u00e9m uma obra de arte.<\/p>\n<p>Ideal para servir aperitivos ou como pe\u00e7a decorativa, esta ta\u00e7a \u00e9 uma representa\u00e7\u00e3o perfeita da rica heran\u00e7a cultural da regi\u00e3o. Ao incorporar elementos visuais que refletem a alegria e o colorido da vida quotidiana, torna-se o souvenir perfeito, ideal para os turistas que desejam levar consigo um peda\u00e7o de Espanha. Na Ol\u00e9 Mosaic, orgulhamo-nos de oferecer souvenirs aut\u00eanticos que celebram a cultura e o artesanato local. Esta ta\u00e7a de cer\u00e2mica n\u00e3o \u00e9 apenas um produto atraente, mas tamb\u00e9m uma excelente op\u00e7\u00e3o para lojas de presentes tur\u00edsticos que procuram oferecer aos seus clientes autenticidade e um v\u00ednculo com o patrim\u00f3nio espanhol. Como grossistas de cer\u00e2mica, garantimos qualidade e autenticidade em cada pe\u00e7a.<\/p>\n","protected":false},"excerpt":{"rendered":"<p>Ta\u00e7a de coco com um design vibrante de uma flor amarela, dispon\u00edvel num atraente acabamento castanho. Esta ta\u00e7a, decorada com cora\u00e7\u00f5es e manchas de cor, capta a ess\u00eancia do folclore espanhol, ideal para servir aperitivos ou como pe\u00e7a decorativa. Perfeita para acrescentar um toque de cor e artesanato a qualquer lar, representa a rica tradi\u00e7\u00e3o artesanal do sul de Espanha.<\/p>\n","protected":false},"featured_media":10189,"template":"","meta":{"_acf_changed":false},"product_brand":[],"product_cat":[513],"product_tag":[],"class_list":{"0":"post-28301","1":"product","2":"type-product","3":"status-publish","4":"has-post-thumbnail","6":"product_cat-bols","7":"pa_motivo-flores","9":"first","10":"instock","11":"shipping-taxable","12":"product-type-simple"},"acf":[],"_links":{"self":[{"href":"https:\/\/olemosaic.orbitalia.org\/pt-pt\/wp-json\/wp\/v2\/product\/28301","targetHints":{"allow":["GET"]}}],"collection":[{"href":"https:\/\/olemosaic.orbitalia.org\/pt-pt\/wp-json\/wp\/v2\/product"}],"about":[{"href":"https:\/\/olemosaic.orbitalia.org\/pt-pt\/wp-json\/wp\/v2\/types\/product"}],"wp:featuredmedia":[{"embeddable":true,"href":"https:\/\/olemosaic.orbitalia.org\/pt-pt\/wp-json\/wp\/v2\/media\/10189"}],"wp:attachment":[{"href":"https:\/\/olemosaic.orbitalia.org\/pt-pt\/wp-json\/wp\/v2\/media?parent=28301"}],"wp:term":[{"taxonomy":"product_brand","embeddable":true,"href":"https:\/\/olemosaic.orbitalia.org\/pt-pt\/wp-json\/wp\/v2\/product_brand?post=28301"},{"taxonomy":"product_cat","embeddable":true,"href":"https:\/\/olemosaic.orbitalia.org\/pt-pt\/wp-json\/wp\/v2\/product_cat?post=28301"},{"taxonomy":"product_tag","embeddable":true,"href":"https:\/\/olemosaic.orbitalia.org\/pt-pt\/wp-json\/wp\/v2\/product_tag?post=28301"}],"curies":[{"name":"wp","href":"https:\/\/api.w.org\/{rel}","templated":true}]}}