{"id":28299,"date":"2025-02-20T23:29:36","date_gmt":"2025-02-20T22:29:36","guid":{"rendered":"https:\/\/olemosaic.orbitalia.org\/producto\/bol-de-ceramica-de-9-cm-mosaico-barcelona-blanco\/"},"modified":"2025-07-25T20:26:34","modified_gmt":"2025-07-25T18:26:34","slug":"taca-de-ceramica-de-9-cm-mosaico-barcelona-branco","status":"publish","type":"product","link":"https:\/\/olemosaic.orbitalia.org\/pt-pt\/produto\/taca-de-ceramica-de-9-cm-mosaico-barcelona-branco\/","title":{"rendered":"Ta\u00e7a de cer\u00e2mica de 9 cm. Mosaico. Barcelona. Branco"},"content":{"rendered":"<p>Esta ta\u00e7a de cer\u00e2mica \u00e9 uma encantadora recorda\u00e7\u00e3o que capta a vibrante ess\u00eancia de Barcelona. Com um di\u00e2metro de 9 cm, destaca-se pela sua colorida decora\u00e7\u00e3o, composta por mosaicos em tons azuis, laranjas e vermelhos que evocam o famoso trencad\u00eds de Gaud\u00ed, uma t\u00e9cnica que transformou a arquitetura da cidade numa aut\u00eantica obra de arte. O exterior da ta\u00e7a apresenta uma rica variedade de padr\u00f5es, cada um selecionado para levar para casa um peda\u00e7o do fervor cultural de Barcelona, enquanto o seu interior branco proporciona um elegante contraste que real\u00e7a a beleza do design. Um bordo vermelho adorna a parte superior, acrescentando um toque distintivo a esta pe\u00e7a funcional.<\/p>\n<p>Esta ta\u00e7a n\u00e3o \u00e9 apenas ideal para servir tapas ou aperitivos, mas tamb\u00e9m pode ser utilizada como elemento decorativo que real\u00e7a qualquer mesa. A inclus\u00e3o do nome &#8220;Barcelona&#8221; no design enfatiza a sua autenticidade e a liga\u00e7\u00e3o cultural com a cidade, tornando-a uma recorda\u00e7\u00e3o perfeita para quem deseja levar um peda\u00e7o desta ic\u00f3nica metr\u00f3pole. Na Ol\u00e9 Mosaic, orgulhamo-nos de oferecer recorda\u00e7\u00f5es aut\u00eanticas que representam fielmente a tradi\u00e7\u00e3o e a arte de cada regi\u00e3o. Esta ta\u00e7a de cer\u00e2mica \u00e9 uma escolha ideal para lojas de presentes tur\u00edsticos que procuram oferecer produtos que reflitam a riqueza cultural de Espanha e o seu design artesanal.<\/p>\n","protected":false},"excerpt":{"rendered":"<p>Ta\u00e7a de cer\u00e2mica de 9 cm, decorada com vibrantes mosaicos que captam a ess\u00eancia de Barcelona. Esta cativante ta\u00e7a exibe uma variedade de padr\u00f5es coloridos em tons azuis, laranjas e vermelhos, que evocam o famoso trencad\u00eds de Gaud\u00ed. Com o interior branco e o bordo vermelho, \u00e9 um artigo funcional e decorativo, ideal para real\u00e7ar qualquer mesa ou como uma recorda\u00e7\u00e3o original. Destaca-se o nome &#8220;Barcelona&#8221;, acrescentando um toque distintivo a este design artesanal.<\/p>\n","protected":false},"featured_media":11181,"template":"","meta":{"_acf_changed":false},"product_brand":[],"product_cat":[513],"product_tag":[515],"class_list":{"0":"post-28299","1":"product","2":"type-product","3":"status-publish","4":"has-post-thumbnail","6":"product_cat-bols","7":"product_tag-ceramica","8":"pa_ciudad-barcelona","9":"pa_motivo-mosaico","10":"pa_pais-espana","12":"first","13":"instock","14":"shipping-taxable","15":"product-type-simple"},"acf":[],"_links":{"self":[{"href":"https:\/\/olemosaic.orbitalia.org\/pt-pt\/wp-json\/wp\/v2\/product\/28299","targetHints":{"allow":["GET"]}}],"collection":[{"href":"https:\/\/olemosaic.orbitalia.org\/pt-pt\/wp-json\/wp\/v2\/product"}],"about":[{"href":"https:\/\/olemosaic.orbitalia.org\/pt-pt\/wp-json\/wp\/v2\/types\/product"}],"wp:featuredmedia":[{"embeddable":true,"href":"https:\/\/olemosaic.orbitalia.org\/pt-pt\/wp-json\/wp\/v2\/media\/11181"}],"wp:attachment":[{"href":"https:\/\/olemosaic.orbitalia.org\/pt-pt\/wp-json\/wp\/v2\/media?parent=28299"}],"wp:term":[{"taxonomy":"product_brand","embeddable":true,"href":"https:\/\/olemosaic.orbitalia.org\/pt-pt\/wp-json\/wp\/v2\/product_brand?post=28299"},{"taxonomy":"product_cat","embeddable":true,"href":"https:\/\/olemosaic.orbitalia.org\/pt-pt\/wp-json\/wp\/v2\/product_cat?post=28299"},{"taxonomy":"product_tag","embeddable":true,"href":"https:\/\/olemosaic.orbitalia.org\/pt-pt\/wp-json\/wp\/v2\/product_tag?post=28299"}],"curies":[{"name":"wp","href":"https:\/\/api.w.org\/{rel}","templated":true}]}}