{"id":28298,"date":"2025-02-20T23:29:36","date_gmt":"2025-02-20T22:29:36","guid":{"rendered":"https:\/\/olemosaic.orbitalia.org\/producto\/bol-de-coco-naranja-sardina\/"},"modified":"2025-07-25T18:37:48","modified_gmt":"2025-07-25T16:37:48","slug":"taca-de-coco-laranja-sardinha","status":"publish","type":"product","link":"https:\/\/olemosaic.orbitalia.org\/pt-pt\/produto\/taca-de-coco-laranja-sardinha\/","title":{"rendered":"Ta\u00e7a de coco laranja. Sardinha e Portugal."},"content":{"rendered":"<p>Esta ta\u00e7a de cer\u00e2mica, numa vibrante cor laranja, \u00e9 um aut\u00eantico souvenir de Portugal, ideal para os amantes da cultura gastron\u00f3mica do pa\u00eds. O seu design moderno apresenta uma sardinha branca no centro, acompanhada pela palavra &#8220;PORTUGAL&#8221;, o que a torna uma pe\u00e7a decorativa e funcional ao mesmo tempo. A textura brilhante do acabamento emula a cer\u00e2mica tradicional e real\u00e7a o impacto visual, fazendo-a destacar-se em qualquer mesa ou canto da casa.<\/p>\n<p>O interior da ta\u00e7a mostra padr\u00f5es que evocam o estilo artesanal t\u00edpico de Portugal, simbolizando a rica heran\u00e7a cultural do pa\u00eds. A sua forma redonda e robusta \u00e9 perfeita para servir tapas, azeitonas ou qualquer outro tipo de aperitivo, tornando-a uma excelente adi\u00e7\u00e3o \u00e0s reuni\u00f5es familiares ou com amigos. Esta ta\u00e7a n\u00e3o serve apenas como utens\u00edlio, mas tamb\u00e9m como uma recorda\u00e7\u00e3o constante da tradi\u00e7\u00e3o culin\u00e1ria portuguesa.<\/p>\n<p>Na Ol\u00e9 Mosaic, especializamo-nos na distribui\u00e7\u00e3o de souvenirs por grosso, o que nos permite oferecer artigos \u00fanicos e representativos de cada regi\u00e3o. Esta ta\u00e7a de cer\u00e2mica \u00e9 uma magn\u00edfica op\u00e7\u00e3o para lojas de presentes tur\u00edsticos que procuram produtos aut\u00eanticos e relevantes. Com o seu design atraente e significado cultural, revela-se uma recorda\u00e7\u00e3o perfeita de Portugal.<\/p>\n","protected":false},"excerpt":{"rendered":"<p>Ta\u00e7a de coco numa vibrante cor laranja, decorada com um design moderno que mostra uma sardinha branca no centro e a palavra &#8220;PORTUGAL&#8221;. Este artigo, ideal para servir tapas ou como elemento decorativo, destaca-se pelo seu acabamento brilhante e pelos padr\u00f5es do interior, que evocam o estilo artesanal portugu\u00eas. A sua forma redonda e robusta torna-a uma aut\u00eantica recorda\u00e7\u00e3o que reflete a rica cultura gastron\u00f3mica de Portugal.<\/p>\n","protected":false},"featured_media":11981,"template":"","meta":{"_acf_changed":false},"product_brand":[],"product_cat":[513],"product_tag":[516],"class_list":{"0":"post-28298","1":"product","2":"type-product","3":"status-publish","4":"has-post-thumbnail","6":"product_cat-bols","7":"product_tag-animais","8":"pa_motivo-sardinhas","9":"pa_pais-portugal","11":"first","12":"instock","13":"shipping-taxable","14":"product-type-simple"},"acf":[],"_links":{"self":[{"href":"https:\/\/olemosaic.orbitalia.org\/pt-pt\/wp-json\/wp\/v2\/product\/28298","targetHints":{"allow":["GET"]}}],"collection":[{"href":"https:\/\/olemosaic.orbitalia.org\/pt-pt\/wp-json\/wp\/v2\/product"}],"about":[{"href":"https:\/\/olemosaic.orbitalia.org\/pt-pt\/wp-json\/wp\/v2\/types\/product"}],"wp:featuredmedia":[{"embeddable":true,"href":"https:\/\/olemosaic.orbitalia.org\/pt-pt\/wp-json\/wp\/v2\/media\/11981"}],"wp:attachment":[{"href":"https:\/\/olemosaic.orbitalia.org\/pt-pt\/wp-json\/wp\/v2\/media?parent=28298"}],"wp:term":[{"taxonomy":"product_brand","embeddable":true,"href":"https:\/\/olemosaic.orbitalia.org\/pt-pt\/wp-json\/wp\/v2\/product_brand?post=28298"},{"taxonomy":"product_cat","embeddable":true,"href":"https:\/\/olemosaic.orbitalia.org\/pt-pt\/wp-json\/wp\/v2\/product_cat?post=28298"},{"taxonomy":"product_tag","embeddable":true,"href":"https:\/\/olemosaic.orbitalia.org\/pt-pt\/wp-json\/wp\/v2\/product_tag?post=28298"}],"curies":[{"name":"wp","href":"https:\/\/api.w.org\/{rel}","templated":true}]}}