{"id":28297,"date":"2025-02-20T23:29:36","date_gmt":"2025-02-20T22:29:36","guid":{"rendered":"https:\/\/olemosaic.orbitalia.org\/producto\/bol-de-coco-amarillo-ibiscus\/"},"modified":"2025-07-25T19:26:50","modified_gmt":"2025-07-25T17:26:50","slug":"taca-de-coco-amarela-hibisco","status":"publish","type":"product","link":"https:\/\/olemosaic.orbitalia.org\/pt-pt\/produto\/taca-de-coco-amarela-hibisco\/","title":{"rendered":"Ta\u00e7a de coco amarela. Hibisco."},"content":{"rendered":"<p>Esta ta\u00e7a de cer\u00e2mica, num vibrante tom amarelo, \u00e9 uma aut\u00eantica joia do artesanato espanhol. Decorada com um elegante hibisco no centro, esta ta\u00e7a capta a ess\u00eancia do folclore ib\u00e9rico, destacando-se pelo seu acabamento pintado \u00e0 m\u00e3o, que demonstra habilidade e dedica\u00e7\u00e3o artesanal. Os bordos est\u00e3o adornados com delicados motivos em forma de cora\u00e7\u00e3o, que complementam o design central e conferem um ar rom\u00e2ntico e festivo. A combina\u00e7\u00e3o de cores quentes n\u00e3o s\u00f3 acrescenta um toque de calor, mas tamb\u00e9m d\u00e1 vida a qualquer espa\u00e7o, tornando esta ta\u00e7a numa pe\u00e7a ideal para servir aperitivos ou como um atraente elemento decorativo.<\/p>\n<p>A liga\u00e7\u00e3o cultural desta ta\u00e7a com as tradi\u00e7\u00f5es artesanais de Espanha torna-a um souvenir representativo perfeito para aqueles que querem levar consigo um peda\u00e7o da cultura espanhola. Esta ta\u00e7a, que simboliza a alegria e a hospitalidade das mesas ib\u00e9ricas, \u00e9 uma excelente op\u00e7\u00e3o para turistas em busca de uma recorda\u00e7\u00e3o aut\u00eantica. Na Ol\u00e9 Mosaic, especializamo-nos na distribui\u00e7\u00e3o de produtos artesanais, garantindo aos nossos clientes um acesso exclusivo a souvenirs aut\u00eanticos. Como grossistas de cer\u00e2mica, oferecemos uma sele\u00e7\u00e3o \u00fanica que real\u00e7a tanto a qualidade como a riqueza cultural de Espanha.<\/p>\n","protected":false},"excerpt":{"rendered":"<p>Ta\u00e7a de coco num vibrante amarelo, decorada com um elegante hibisco no centro e motivos em forma de cora\u00e7\u00e3o no bordo. Esta ta\u00e7a artesanal reflete a beleza do folclore espanhol, destacando-se pelo seu acabamento de design artesanal, pintado \u00e0 m\u00e3o, e pela combina\u00e7\u00e3o de cores quentes. Ideal para servir aperitivos ou como pe\u00e7a decorativa, este produto capta a ess\u00eancia das tradi\u00e7\u00f5es artesanais ib\u00e9ricas, conferindo um toque de cor e originalidade a qualquer lar.<\/p>\n","protected":false},"featured_media":13452,"template":"","meta":{"_acf_changed":false},"product_brand":[],"product_cat":[513],"product_tag":[],"class_list":{"0":"post-28297","1":"product","2":"type-product","3":"status-publish","4":"has-post-thumbnail","6":"product_cat-bols","7":"pa_motivo-hibisco","9":"first","10":"instock","11":"shipping-taxable","12":"product-type-simple"},"acf":[],"_links":{"self":[{"href":"https:\/\/olemosaic.orbitalia.org\/pt-pt\/wp-json\/wp\/v2\/product\/28297","targetHints":{"allow":["GET"]}}],"collection":[{"href":"https:\/\/olemosaic.orbitalia.org\/pt-pt\/wp-json\/wp\/v2\/product"}],"about":[{"href":"https:\/\/olemosaic.orbitalia.org\/pt-pt\/wp-json\/wp\/v2\/types\/product"}],"wp:featuredmedia":[{"embeddable":true,"href":"https:\/\/olemosaic.orbitalia.org\/pt-pt\/wp-json\/wp\/v2\/media\/13452"}],"wp:attachment":[{"href":"https:\/\/olemosaic.orbitalia.org\/pt-pt\/wp-json\/wp\/v2\/media?parent=28297"}],"wp:term":[{"taxonomy":"product_brand","embeddable":true,"href":"https:\/\/olemosaic.orbitalia.org\/pt-pt\/wp-json\/wp\/v2\/product_brand?post=28297"},{"taxonomy":"product_cat","embeddable":true,"href":"https:\/\/olemosaic.orbitalia.org\/pt-pt\/wp-json\/wp\/v2\/product_cat?post=28297"},{"taxonomy":"product_tag","embeddable":true,"href":"https:\/\/olemosaic.orbitalia.org\/pt-pt\/wp-json\/wp\/v2\/product_tag?post=28297"}],"curies":[{"name":"wp","href":"https:\/\/api.w.org\/{rel}","templated":true}]}}