{"id":28285,"date":"2025-02-20T23:29:35","date_gmt":"2025-02-20T22:29:35","guid":{"rendered":"https:\/\/olemosaic.orbitalia.org\/producto\/bol-de-ceramica-de-9-cm-salamandra-y-flores-barcelona-blanco\/"},"modified":"2025-07-25T19:34:09","modified_gmt":"2025-07-25T17:34:09","slug":"taca-de-ceramica-de-9-cm-salamandra-e-flores-barcelona-branco","status":"publish","type":"product","link":"https:\/\/olemosaic.orbitalia.org\/pt-pt\/produto\/taca-de-ceramica-de-9-cm-salamandra-e-flores-barcelona-branco\/","title":{"rendered":"Ta\u00e7a de cer\u00e2mica de 9 cm. Salamandra e flores. Barcelona. Branco"},"content":{"rendered":"<p>Esta ta\u00e7a de cer\u00e2mica de 9 cm \u00e9 uma pe\u00e7a decorativa maravilhosa que captura a ess\u00eancia vibrante de Barcelona, ideal como recorda\u00e7\u00e3o. Apresenta um fundo branco que real\u00e7a as suas cores luminosas e um rebordo vermelho brilhante que confere um toque de calor e energia. A colorida ilustra\u00e7\u00e3o de salamandras em tons azuis, verdes e vermelhos, acompanhada de flores e folhas verdes, evoca os ic\u00f3nicos mosaicos de Gaud\u00ed, um emblema da arte modernista catal\u00e3. A representa\u00e7\u00e3o das salamandras, s\u00edmbolos de for\u00e7a e metamorfose na cultura, juntamente com o design floral, transforma esta ta\u00e7a num reflexo perfeito da rica heran\u00e7a cultural de Barcelona.<\/p>\n<p>A ta\u00e7a n\u00e3o \u00e9 apenas um objeto utilit\u00e1rio, mas tamb\u00e9m atua como uma recorda\u00e7\u00e3o significativa da cidade, que evoca nos turistas a criatividade e o talento art\u00edstico que deixaram marca nas suas ruas. Cada mosaico e cada cor contam uma hist\u00f3ria, tornando esta ta\u00e7a um excelente presente para quem deseja levar um peda\u00e7o do esp\u00edrito de Barcelona. Na Ol\u00e9 Mosaic, como grossistas de recorda\u00e7\u00f5es de cer\u00e2mica, oferecemos produtos aut\u00eanticos que representam a cultura espanhola, o que torna esta ta\u00e7a uma op\u00e7\u00e3o ideal para lojas de presentes tur\u00edsticos que procuram artigos \u00fanicos e de qualidade.<\/p>\n","protected":false},"excerpt":{"rendered":"<p>Ta\u00e7a de cer\u00e2mica de 9 cm decorada com motivos de salamandras e flores, inspirado na arte de Barcelona. Esta ta\u00e7a apresenta um fundo branco com um rebordo vermelho brilhante e uma colorida ilustra\u00e7\u00e3o de salamandras em tons azuis, verdes e vermelhos, acompanhada de flores e folhas verdes. O seu design, que evoca os ic\u00f3nicos mosaicos de Gaud\u00ed, torna-a um presente perfeito para recordar a ess\u00eancia da cidade.<\/p>\n","protected":false},"featured_media":11179,"template":"","meta":{"_acf_changed":false},"product_brand":[],"product_cat":[513],"product_tag":[516,515],"class_list":{"0":"post-28285","1":"product","2":"type-product","3":"status-publish","4":"has-post-thumbnail","6":"product_cat-bols","7":"product_tag-animais","8":"product_tag-ceramica","9":"pa_ciudad-barcelona","10":"pa_motivo-salamandras","11":"pa_pais-espana","13":"first","14":"instock","15":"shipping-taxable","16":"product-type-simple"},"acf":[],"_links":{"self":[{"href":"https:\/\/olemosaic.orbitalia.org\/pt-pt\/wp-json\/wp\/v2\/product\/28285","targetHints":{"allow":["GET"]}}],"collection":[{"href":"https:\/\/olemosaic.orbitalia.org\/pt-pt\/wp-json\/wp\/v2\/product"}],"about":[{"href":"https:\/\/olemosaic.orbitalia.org\/pt-pt\/wp-json\/wp\/v2\/types\/product"}],"wp:featuredmedia":[{"embeddable":true,"href":"https:\/\/olemosaic.orbitalia.org\/pt-pt\/wp-json\/wp\/v2\/media\/11179"}],"wp:attachment":[{"href":"https:\/\/olemosaic.orbitalia.org\/pt-pt\/wp-json\/wp\/v2\/media?parent=28285"}],"wp:term":[{"taxonomy":"product_brand","embeddable":true,"href":"https:\/\/olemosaic.orbitalia.org\/pt-pt\/wp-json\/wp\/v2\/product_brand?post=28285"},{"taxonomy":"product_cat","embeddable":true,"href":"https:\/\/olemosaic.orbitalia.org\/pt-pt\/wp-json\/wp\/v2\/product_cat?post=28285"},{"taxonomy":"product_tag","embeddable":true,"href":"https:\/\/olemosaic.orbitalia.org\/pt-pt\/wp-json\/wp\/v2\/product_tag?post=28285"}],"curies":[{"name":"wp","href":"https:\/\/api.w.org\/{rel}","templated":true}]}}