{"id":28214,"date":"2025-02-20T22:29:32","date_gmt":"2025-02-20T22:29:32","guid":{"rendered":"https:\/\/olemosaic.orbitalia.org\/producto\/bol-de-ceramica-de-14-cm-barcelona-blanco\/"},"modified":"2025-07-25T20:32:37","modified_gmt":"2025-07-25T18:32:37","slug":"taca-de-ceramica-de-14-cm-barcelona-branco","status":"publish","type":"product","link":"https:\/\/olemosaic.orbitalia.org\/pt-pt\/produto\/taca-de-ceramica-de-14-cm-barcelona-branco\/","title":{"rendered":"Ta\u00e7a de cer\u00e2mica de 14 cm. Barcelona. Branco"},"content":{"rendered":"<p>Esta ta\u00e7a de cer\u00e2mica de 14 cm, inspirada na ic\u00f3nica cidade de Barcelona, \u00e9 uma pe\u00e7a \u00fanica que captura a ess\u00eancia vibrante da capital catal\u00e3. O seu design destaca-se pela representa\u00e7\u00e3o gr\u00e1fica de elementos arquitet\u00f3nicos emblem\u00e1ticos como a majestosa Sagrada Fam\u00edlia e o colorido Parque G\u00fcell, um tributo ao genial Antoni Gaud\u00ed. Decorada com uma base branca luminosa, a parte superior apresenta um audaz tom vermelho que lhe confere um toque contempor\u00e2neo e atraente.<\/p>\n<p>Os motivos em mosaico, que recordam a obra de Gaud\u00ed, s\u00e3o elaborados com cores brilhantes que evocam a rica cultura e a arte da cidade, criando um contraste visual que tornar\u00e1 esta ta\u00e7a o centro das aten\u00e7\u00f5es em qualquer lar. Perfeita como recorda\u00e7\u00e3o, \u00e9 ideal tanto para os amantes de Barcelona como para os turistas que procuram levar uma lembran\u00e7a aut\u00eantica da sua visita a esta cidade cheia de hist\u00f3ria e dinamismo.<\/p>\n<p>Na Ol\u00e9 Mosaic somos distribuidores de souvenirs de cer\u00e2mica que refletem a tradi\u00e7\u00e3o e a arte locais. Esta ta\u00e7a de cer\u00e2mica de Barcelona \u00e9 uma excelente op\u00e7\u00e3o para lojas de presentes tur\u00edsticos que desejem oferecer produtos representativos e de qualidade que realcem a beleza cultural de Espanha.<\/p>\n","protected":false},"excerpt":{"rendered":"<p>Ta\u00e7a de cer\u00e2mica de 14 cm, inspirada na emblem\u00e1tica cidade de Barcelona. Esta ta\u00e7a apresenta um design vibrante que inclui elementos arquitet\u00f3nicos destacados, como a Sagrada Fam\u00edlia e o Parque G\u00fcell. Decorada com cores vivas e um fundo branco, a sua borda superior \u00e9 de um vermelho intenso que lhe confere um toque moderno. Os motivos de mosaico, t\u00e3o caracter\u00edsticos de Gaud\u00ed, evocam a rica cultura e a arte barcelonesa, tornando-a um souvenir perfeito para os amantes da cidade.<\/p>\n","protected":false},"featured_media":11172,"template":"","meta":{"_acf_changed":false},"product_brand":[],"product_cat":[513],"product_tag":[515],"class_list":{"0":"post-28214","1":"product","2":"type-product","3":"status-publish","4":"has-post-thumbnail","6":"product_cat-bols","7":"product_tag-ceramica","8":"pa_ciudad-barcelona","9":"pa_pais-espana","11":"first","12":"instock","13":"shipping-taxable","14":"product-type-simple"},"acf":[],"_links":{"self":[{"href":"https:\/\/olemosaic.orbitalia.org\/pt-pt\/wp-json\/wp\/v2\/product\/28214","targetHints":{"allow":["GET"]}}],"collection":[{"href":"https:\/\/olemosaic.orbitalia.org\/pt-pt\/wp-json\/wp\/v2\/product"}],"about":[{"href":"https:\/\/olemosaic.orbitalia.org\/pt-pt\/wp-json\/wp\/v2\/types\/product"}],"wp:featuredmedia":[{"embeddable":true,"href":"https:\/\/olemosaic.orbitalia.org\/pt-pt\/wp-json\/wp\/v2\/media\/11172"}],"wp:attachment":[{"href":"https:\/\/olemosaic.orbitalia.org\/pt-pt\/wp-json\/wp\/v2\/media?parent=28214"}],"wp:term":[{"taxonomy":"product_brand","embeddable":true,"href":"https:\/\/olemosaic.orbitalia.org\/pt-pt\/wp-json\/wp\/v2\/product_brand?post=28214"},{"taxonomy":"product_cat","embeddable":true,"href":"https:\/\/olemosaic.orbitalia.org\/pt-pt\/wp-json\/wp\/v2\/product_cat?post=28214"},{"taxonomy":"product_tag","embeddable":true,"href":"https:\/\/olemosaic.orbitalia.org\/pt-pt\/wp-json\/wp\/v2\/product_tag?post=28214"}],"curies":[{"name":"wp","href":"https:\/\/api.w.org\/{rel}","templated":true}]}}