{"id":28210,"date":"2025-02-20T22:29:31","date_gmt":"2025-02-20T22:29:31","guid":{"rendered":"https:\/\/olemosaic.orbitalia.org\/producto\/bol-de-ceramica-de-14-cm-mosaico-blanco\/"},"modified":"2025-07-25T20:15:34","modified_gmt":"2025-07-25T18:15:34","slug":"taca-de-ceramica-de-14-cm-mosaico-branco","status":"publish","type":"product","link":"https:\/\/olemosaic.orbitalia.org\/pt-pt\/produto\/taca-de-ceramica-de-14-cm-mosaico-branco\/","title":{"rendered":"Ta\u00e7a de cer\u00e2mica de 14 cm. Mosaico. Branco"},"content":{"rendered":"<p>Esta ta\u00e7a de cer\u00e2mica de 14 cm \u00e9 uma aut\u00eantica joia que celebra a rica tradi\u00e7\u00e3o da cer\u00e2mica espanhola. Decorada com um mosaico vibrante que combina tons de azul, laranja e vermelho, este produto capta a ess\u00eancia do folclore espanhol atrav\u00e9s do seu design intrincado. A decora\u00e7\u00e3o apresenta uma fus\u00e3o de padr\u00f5es geom\u00e9tricos e florais, lo que torna cada ta\u00e7a uma verdadeira obra de arte que evoca o calor e o colorido da tradi\u00e7\u00e3o artesanal do pa\u00eds. O seu acabamento exterior num branco cl\u00e1ssico real\u00e7a a vivacidade do mosaico, enquanto o interior vermelho brilhante acrescenta um toque de alegria e distin\u00e7\u00e3o. Esta ta\u00e7a n\u00e3o s\u00f3 \u00e9 ideal para servir tapas ou saladas, como tamb\u00e9m funciona como um elemento decorativo de destaque, perfeito para embelezar qualquer espa\u00e7o.<\/p>\n<p>A cer\u00e2mica decorativa \u00e9 um s\u00edmbolo cultural em muitas regi\u00f5es de Espanha, e esta ta\u00e7a representa a liga\u00e7\u00e3o com esse legado art\u00edstico. Ideal para turistas que procuram souvenirs aut\u00eanticos, esta ta\u00e7a \u00e9 uma excelente escolha para quem deseja levar um peda\u00e7o da cultura espanhola para casa. Na Ol\u00e9 Mosaic, somos distribuidores de cer\u00e2mica e souvenirs de qualidade, oferecendo produtos que se destacam pelo seu design \u00fanico e pela sua relev\u00e2ncia cultural, perfeitos para lojas de presentes.<\/p>\n","protected":false},"excerpt":{"rendered":"<p>Ta\u00e7a de cer\u00e2mica de 14 cm, decorada com um mosaico vibrante em tons de azul, laranja e vermelho, t\u00edpicos da cer\u00e2mica espanhola. Este produto destaca-se pela sua t\u00e9cnica decorativa, na qual m\u00faltiplos padr\u00f5es geom\u00e9tricos e florais se combinam para criar uma pe\u00e7a visualmente atraente. Com um acabamento branco cl\u00e1ssico e um interior vermelho brilhante, esta ta\u00e7a \u00e9 ideal para servir ou como elemento decorativo que evoca o colorido e a tradi\u00e7\u00e3o do folclore espanhol.<\/p>\n","protected":false},"featured_media":11170,"template":"","meta":{"_acf_changed":false},"product_brand":[],"product_cat":[513],"product_tag":[515],"class_list":{"0":"post-28210","1":"product","2":"type-product","3":"status-publish","4":"has-post-thumbnail","6":"product_cat-bols","7":"product_tag-ceramica","8":"pa_motivo-mosaico","10":"first","11":"instock","12":"shipping-taxable","13":"product-type-simple"},"acf":[],"_links":{"self":[{"href":"https:\/\/olemosaic.orbitalia.org\/pt-pt\/wp-json\/wp\/v2\/product\/28210","targetHints":{"allow":["GET"]}}],"collection":[{"href":"https:\/\/olemosaic.orbitalia.org\/pt-pt\/wp-json\/wp\/v2\/product"}],"about":[{"href":"https:\/\/olemosaic.orbitalia.org\/pt-pt\/wp-json\/wp\/v2\/types\/product"}],"wp:featuredmedia":[{"embeddable":true,"href":"https:\/\/olemosaic.orbitalia.org\/pt-pt\/wp-json\/wp\/v2\/media\/11170"}],"wp:attachment":[{"href":"https:\/\/olemosaic.orbitalia.org\/pt-pt\/wp-json\/wp\/v2\/media?parent=28210"}],"wp:term":[{"taxonomy":"product_brand","embeddable":true,"href":"https:\/\/olemosaic.orbitalia.org\/pt-pt\/wp-json\/wp\/v2\/product_brand?post=28210"},{"taxonomy":"product_cat","embeddable":true,"href":"https:\/\/olemosaic.orbitalia.org\/pt-pt\/wp-json\/wp\/v2\/product_cat?post=28210"},{"taxonomy":"product_tag","embeddable":true,"href":"https:\/\/olemosaic.orbitalia.org\/pt-pt\/wp-json\/wp\/v2\/product_tag?post=28210"}],"curies":[{"name":"wp","href":"https:\/\/api.w.org\/{rel}","templated":true}]}}