{"id":28209,"date":"2025-02-20T23:29:31","date_gmt":"2025-02-20T22:29:31","guid":{"rendered":"https:\/\/olemosaic.orbitalia.org\/producto\/bol-de-ceramica-de-14-cm-salamandra-barcelona-beige\/"},"modified":"2025-07-25T20:11:40","modified_gmt":"2025-07-25T18:11:40","slug":"taca-de-ceramica-de-14-cm-salamandra-barcelona-bege","status":"publish","type":"product","link":"https:\/\/olemosaic.orbitalia.org\/pt-pt\/produto\/taca-de-ceramica-de-14-cm-salamandra-barcelona-bege\/","title":{"rendered":"Ta\u00e7a de cer\u00e2mica de 14 cm. Salamandra. Barcelona. Bege"},"content":{"rendered":"<p>Esta ta\u00e7a de cer\u00e2mica de 14 cm \u00e9 um presente perfeito que evoca o esp\u00edrito art\u00edstico e vibrante de Barcelona. Decorada com salamandras e flores coloridas, esta atraente ta\u00e7a em tons bege apresenta um design pintado \u00e0 m\u00e3o que destaca a riqueza cultural da cidade condal. As salamandras, representadas numa variedade de cores vivas como o azul, o verde e o vermelho, simbolizam a criatividade e a arte caracter\u00edsticas da regi\u00e3o. A palavra &#8220;Barcelona&#8221; aparece em letras alegres que acrescentam um toque de frescura e modernidade ao design, tornando este objeto num aut\u00eantico souvenir.<\/p>\n<p>Ideal tanto para servir aperitivos como para ser utilizada como pe\u00e7a decorativa, esta ta\u00e7a de cer\u00e2mica reflete as tradi\u00e7\u00f5es artesanais locais e \u00e9 um verdadeiro s\u00edmbolo da hospitalidade catal\u00e3. O seu acabamento cuidadosamente trabalhado assegura n\u00e3o s\u00f3 beleza est\u00e9tica, mas tamb\u00e9m funcionalidade. Cada ta\u00e7a \u00e9 uma pe\u00e7a \u00fanica, representativa da heran\u00e7a cultural de Barcelona, o que a torna uma excelente recorda\u00e7\u00e3o para os turistas que procuram levar um pedacinho da cidade.<\/p>\n<p>Na Ol\u00e9 Mosaic, especializamo-nos na distribui\u00e7\u00e3o de souvenirs por grosso, oferecendo produtos aut\u00eanticos e de alta qualidade, ideais para lojas de presentes tur\u00edsticos. Esta ta\u00e7a de cer\u00e2mica n\u00e3o s\u00f3 atrair\u00e1 os visitantes que procuram souvenirs de Barcelona, como tamb\u00e9m celebrar\u00e1 a rica hist\u00f3ria e a arte desta emblem\u00e1tica cidade. Como grossistas de cer\u00e2mica, garantimos a autenticidade e o valor cultural em cada pe\u00e7a que oferecemos.<\/p>\n","protected":false},"excerpt":{"rendered":"<p>Ta\u00e7a de cer\u00e2mica de 14 cm decorada com salamandras e flores coloridas, evocando o estilo vibrante de Barcelona. Esta atraente ta\u00e7a em tons bege apresenta um design artesanal, pintado \u00e0 m\u00e3o, que combina detalhes em azul, verde e vermelho, incluindo a palavra &#8220;Barcelona&#8221; em letras alegres. Ideal para servir aperitivos ou como pe\u00e7a decorativa, \u00e9 um souvenir que capturar\u00e1 o esp\u00edrito art\u00edstico da Cidade Condal.<\/p>\n","protected":false},"featured_media":7226,"template":"","meta":{"_acf_changed":false},"product_brand":[],"product_cat":[513],"product_tag":[516,515],"class_list":{"0":"post-28209","1":"product","2":"type-product","3":"status-publish","4":"has-post-thumbnail","6":"product_cat-bols","7":"product_tag-animais","8":"product_tag-ceramica","9":"pa_ciudad-barcelona","10":"pa_motivo-salamandras","11":"pa_pais-espana","13":"first","14":"instock","15":"shipping-taxable","16":"product-type-simple"},"acf":[],"_links":{"self":[{"href":"https:\/\/olemosaic.orbitalia.org\/pt-pt\/wp-json\/wp\/v2\/product\/28209","targetHints":{"allow":["GET"]}}],"collection":[{"href":"https:\/\/olemosaic.orbitalia.org\/pt-pt\/wp-json\/wp\/v2\/product"}],"about":[{"href":"https:\/\/olemosaic.orbitalia.org\/pt-pt\/wp-json\/wp\/v2\/types\/product"}],"wp:featuredmedia":[{"embeddable":true,"href":"https:\/\/olemosaic.orbitalia.org\/pt-pt\/wp-json\/wp\/v2\/media\/7226"}],"wp:attachment":[{"href":"https:\/\/olemosaic.orbitalia.org\/pt-pt\/wp-json\/wp\/v2\/media?parent=28209"}],"wp:term":[{"taxonomy":"product_brand","embeddable":true,"href":"https:\/\/olemosaic.orbitalia.org\/pt-pt\/wp-json\/wp\/v2\/product_brand?post=28209"},{"taxonomy":"product_cat","embeddable":true,"href":"https:\/\/olemosaic.orbitalia.org\/pt-pt\/wp-json\/wp\/v2\/product_cat?post=28209"},{"taxonomy":"product_tag","embeddable":true,"href":"https:\/\/olemosaic.orbitalia.org\/pt-pt\/wp-json\/wp\/v2\/product_tag?post=28209"}],"curies":[{"name":"wp","href":"https:\/\/api.w.org\/{rel}","templated":true}]}}