{"id":28207,"date":"2025-02-20T23:29:31","date_gmt":"2025-02-20T22:29:31","guid":{"rendered":"https:\/\/olemosaic.orbitalia.org\/producto\/bol-de-ceramica-de-135-cm-salamandra-mallorca-beige\/"},"modified":"2025-07-25T19:41:14","modified_gmt":"2025-07-25T17:41:14","slug":"taca-de-ceramica-de-13-5-cm-salamandra-maiorca-bege","status":"publish","type":"product","link":"https:\/\/olemosaic.orbitalia.org\/pt-pt\/produto\/taca-de-ceramica-de-13-5-cm-salamandra-maiorca-bege\/","title":{"rendered":"Ta\u00e7a de cer\u00e2mica de 13,5 cm. Salamandra. Maiorca. Bege"},"content":{"rendered":"<p>Esta ta\u00e7a de cer\u00e2mica de 13,5 cm, inspirada na fauna de Maiorca, \u00e9 uma pe\u00e7a decorativa que reflete a ess\u00eancia vibrante do Mediterr\u00e2neo. Com um design encantador que apresenta salamandras multicoloridas sobre um fundo bege, esta ta\u00e7a ovalada capta a aten\u00e7\u00e3o com os seus detalhes intrincados. A ilustra\u00e7\u00e3o das salamandras, representadas em tons vibrantes de azul, vermelho e verde, juntamente com flores delicadas em cores contrastantes, complementa a alegria e o colorido t\u00edpicos da ilha. A palavra &#8220;MALLORCA&#8221;, impressa com um estilo descontra\u00eddo, acrescenta um toque de autenticidade e liga\u00e7\u00e3o com a regi\u00e3o, tornando esta ta\u00e7a uma recorda\u00e7\u00e3o representativa que os turistas ficar\u00e3o encantados por levar para casa.<\/p>\n<p>Esta pe\u00e7a n\u00e3o s\u00f3 serve como um atraente elemento decorativo, mas tamb\u00e9m \u00e9 funcional, ideal para servir aperitivos ou como um bonito centro de mesa em qualquer casa. A cer\u00e2mica maiorquina \u00e9 conhecida pelo seu artesanato e design muito especial, o que torna esta ta\u00e7a um excelente souvenir para quem procura uma recorda\u00e7\u00e3o aut\u00eantica da sua visita \u00e0s Ilhas Baleares. Na Ol\u00e9 Mosaic, como grossista de cer\u00e2micas, oferecemos artigos que n\u00e3o s\u00f3 embelezam, mas tamb\u00e9m celebram a riqueza cultural das suas origens, assegurando que cada cliente encontre um peda\u00e7o de Maiorca em cada produto.<\/p>\n","protected":false},"excerpt":{"rendered":"<p>Ta\u00e7a de cer\u00e2mica de 13,5 cm inspirada na fauna maiorquina, com um design encantador de salamandras multicoloridas. Esta elegante ta\u00e7a, de imponente forma ovalada e fundo bege, destaca os motivos ornamentais em tons vibrantes e flores decorativas. A palavra &#8220;MALLORCA&#8221; est\u00e1 impressa com um estilo descontra\u00eddo, que complementa o seu apelo visual. Ideal como pe\u00e7a decorativa ou para uso pr\u00e1tico, acrescenta um toque mediterr\u00e2nico a qualquer casa.<\/p>\n","protected":false},"featured_media":7729,"template":"","meta":{"_acf_changed":false},"product_brand":[],"product_cat":[513],"product_tag":[516,515],"class_list":{"0":"post-28207","1":"product","2":"type-product","3":"status-publish","4":"has-post-thumbnail","6":"product_cat-bols","7":"product_tag-animais","8":"product_tag-ceramica","9":"pa_ciudad-mallorca","10":"pa_motivo-salamandras","11":"pa_pais-espana","13":"first","14":"instock","15":"shipping-taxable","16":"product-type-simple"},"acf":[],"_links":{"self":[{"href":"https:\/\/olemosaic.orbitalia.org\/pt-pt\/wp-json\/wp\/v2\/product\/28207","targetHints":{"allow":["GET"]}}],"collection":[{"href":"https:\/\/olemosaic.orbitalia.org\/pt-pt\/wp-json\/wp\/v2\/product"}],"about":[{"href":"https:\/\/olemosaic.orbitalia.org\/pt-pt\/wp-json\/wp\/v2\/types\/product"}],"wp:featuredmedia":[{"embeddable":true,"href":"https:\/\/olemosaic.orbitalia.org\/pt-pt\/wp-json\/wp\/v2\/media\/7729"}],"wp:attachment":[{"href":"https:\/\/olemosaic.orbitalia.org\/pt-pt\/wp-json\/wp\/v2\/media?parent=28207"}],"wp:term":[{"taxonomy":"product_brand","embeddable":true,"href":"https:\/\/olemosaic.orbitalia.org\/pt-pt\/wp-json\/wp\/v2\/product_brand?post=28207"},{"taxonomy":"product_cat","embeddable":true,"href":"https:\/\/olemosaic.orbitalia.org\/pt-pt\/wp-json\/wp\/v2\/product_cat?post=28207"},{"taxonomy":"product_tag","embeddable":true,"href":"https:\/\/olemosaic.orbitalia.org\/pt-pt\/wp-json\/wp\/v2\/product_tag?post=28207"}],"curies":[{"name":"wp","href":"https:\/\/api.w.org\/{rel}","templated":true}]}}