{"id":28203,"date":"2025-02-20T22:29:30","date_gmt":"2025-02-20T22:29:30","guid":{"rendered":"https:\/\/olemosaic.orbitalia.org\/producto\/bol-de-ceramica-de-12-cm-camino-de-santiago-beige\/"},"modified":"2025-07-25T19:58:01","modified_gmt":"2025-07-25T17:58:01","slug":"taca-de-ceramica-de-12-cm-caminho-de-santiago-bege","status":"publish","type":"product","link":"https:\/\/olemosaic.orbitalia.org\/pt-pt\/produto\/taca-de-ceramica-de-12-cm-caminho-de-santiago-bege\/","title":{"rendered":"Ta\u00e7a de cer\u00e2mica de 12 cm. Caminho de Santiago. Bege"},"content":{"rendered":"<p>Esta ta\u00e7a de cer\u00e2mica de 12 cm \u00e9 inspirada no lend\u00e1rio Caminho de Santiago, uma das rotas de peregrina\u00e7\u00e3o mais emblem\u00e1ticas do mundo. Com a sua ilustra\u00e7\u00e3o vibrante, a ta\u00e7a apresenta o famoso monge peregrino, representado majestosamente junto \u00e0 ic\u00f3nica Catedral de Santiago, um s\u00edmbolo de f\u00e9 e liga\u00e7\u00e3o cultural. A paleta de cores inclui tons bege quentes, que proporcionam uma sensa\u00e7\u00e3o acolhedora, enquanto o rebordo vermelho real\u00e7a o artesanato do produto e acrescenta um toque de distin\u00e7\u00e3o.<\/p>\n<p>Decorada com motivos culturais, como a concha do peregrino e o emblem\u00e1tico s\u00edmbolo do caminho, esta ta\u00e7a combina funcionalidade e arte. As inscri\u00e7\u00f5es &#8220;Camino de Santiago&#8221; em cores encantadoras evocam a travessia espiritual e cultural que muitos viajantes empreendem, tornando este objeto numa recorda\u00e7\u00e3o representativa e aut\u00eantica da regi\u00e3o. Esta ta\u00e7a n\u00e3o s\u00f3 \u00e9 ideal para o uso di\u00e1rio, como tamb\u00e9m serve como um atraente souvenir para aqueles que procuram levar um pedacinho da hist\u00f3ria e tradi\u00e7\u00e3o espanhola.<\/p>\n<p>Na Ol\u00e9 Mosaic, dedicamo-nos \u00e0 distribui\u00e7\u00e3o de souvenirs por grosso, como esta ta\u00e7a de cer\u00e2mica do Caminho de Santiago, um presente perfeito para as lojas de recorda\u00e7\u00f5es tur\u00edsticas que desejam oferecer produtos aut\u00eanticos e de alta qualidade. Esta ta\u00e7a \u00e9 mais do que um simples artigo decorativo; \u00e9 uma pe\u00e7a que evoca a ess\u00eancia da peregrina\u00e7\u00e3o, proporcionando aos turistas a oportunidade de levar uma recorda\u00e7\u00e3o significativa da sua experi\u00eancia.<\/p>\n","protected":false},"excerpt":{"rendered":"<p>Ta\u00e7a de cer\u00e2mica de 12 cm, inspirada no Caminho de Santiago. Apresenta uma ilustra\u00e7\u00e3o colorida do famoso monge peregrino e da ic\u00f3nica Catedral de Santiago. A ta\u00e7a, com detalhes em tons bege e um rebordo vermelho, exibe inscri\u00e7\u00f5es que evocam o nome do caminho. Decorada com um estilo vibrante, combina motivos culturais e elementos distintivos como conchas e o emblema do caminho, tornando-a uma recorda\u00e7\u00e3o atraente.<\/p>\n","protected":false},"featured_media":8725,"template":"","meta":{"_acf_changed":false},"product_brand":[],"product_cat":[513],"product_tag":[515],"class_list":{"0":"post-28203","1":"product","2":"type-product","3":"status-publish","4":"has-post-thumbnail","6":"product_cat-bols","7":"product_tag-ceramica","8":"pa_motivo-caminho-de-santiago","10":"first","11":"instock","12":"shipping-taxable","13":"product-type-simple"},"acf":[],"_links":{"self":[{"href":"https:\/\/olemosaic.orbitalia.org\/pt-pt\/wp-json\/wp\/v2\/product\/28203","targetHints":{"allow":["GET"]}}],"collection":[{"href":"https:\/\/olemosaic.orbitalia.org\/pt-pt\/wp-json\/wp\/v2\/product"}],"about":[{"href":"https:\/\/olemosaic.orbitalia.org\/pt-pt\/wp-json\/wp\/v2\/types\/product"}],"wp:featuredmedia":[{"embeddable":true,"href":"https:\/\/olemosaic.orbitalia.org\/pt-pt\/wp-json\/wp\/v2\/media\/8725"}],"wp:attachment":[{"href":"https:\/\/olemosaic.orbitalia.org\/pt-pt\/wp-json\/wp\/v2\/media?parent=28203"}],"wp:term":[{"taxonomy":"product_brand","embeddable":true,"href":"https:\/\/olemosaic.orbitalia.org\/pt-pt\/wp-json\/wp\/v2\/product_brand?post=28203"},{"taxonomy":"product_cat","embeddable":true,"href":"https:\/\/olemosaic.orbitalia.org\/pt-pt\/wp-json\/wp\/v2\/product_cat?post=28203"},{"taxonomy":"product_tag","embeddable":true,"href":"https:\/\/olemosaic.orbitalia.org\/pt-pt\/wp-json\/wp\/v2\/product_tag?post=28203"}],"curies":[{"name":"wp","href":"https:\/\/api.w.org\/{rel}","templated":true}]}}