{"id":28149,"date":"2025-02-20T22:29:29","date_gmt":"2025-02-20T22:29:29","guid":{"rendered":"https:\/\/olemosaic.orbitalia.org\/producto\/bol-de-ceramica-de-11-cm-toro-beige\/"},"modified":"2025-07-25T18:50:55","modified_gmt":"2025-07-25T16:50:55","slug":"taca-de-ceramica-de-11-cm-touro-bege","status":"publish","type":"product","link":"https:\/\/olemosaic.orbitalia.org\/pt-pt\/produto\/taca-de-ceramica-de-11-cm-touro-bege\/","title":{"rendered":"Ta\u00e7a de cer\u00e2mica de 11 cm. Touro. Bege"},"content":{"rendered":"<p>Esta ta\u00e7a de cer\u00e2mica de 11 cm \u00e9 uma representa\u00e7\u00e3o vibrante do famoso touro espanhol, emblema do folclore nacional. Com um design colorido, a ta\u00e7a apresenta um fundo bege que real\u00e7a os touros em mosaico: um num vermelho intenso e outro num azul brilhante, simbolizando a diversidade e riqueza cultural de Espanha. Rodeados por um delicado padr\u00e3o de flores vermelhas, os touros s\u00e3o acompanhados pela palavra &#8220;Espa\u00f1a&#8221; em letras multicoloridas, real\u00e7ando ainda mais o seu apelo.<\/p>\n<p>O acabamento brilhante, combinado com uma subtil linha vermelha no rebordo, transforma este objeto numa pe\u00e7a n\u00e3o s\u00f3 decorativa, mas tamb\u00e9m funcional, ideal para servir tapas ou simplesmente como um adorno elegante em qualquer casa. Esta ta\u00e7a encapsula a ess\u00eancia da arte cer\u00e2mica espanhola e \u00e9 uma excelente recorda\u00e7\u00e3o do patrim\u00f3nio cultural que representa a tauromaquia, um tema recurrente em festas e celebra\u00e7\u00f5es por todo o pa\u00eds.<\/p>\n<p>Na Ol\u00e9 Mosaic, orgulhamo-nos de oferecer recorda\u00e7\u00f5es aut\u00eanticas e representativas como esta ta\u00e7a de cer\u00e2mica, perfeita para turistas que procuram levar um peda\u00e7o de Espanha para casa. Este produto \u00e9 uma op\u00e7\u00e3o ideal para lojas de presentes tur\u00edsticos que desejem oferecer artigos que celebrem a cultura espanhola na sua m\u00e1xima express\u00e3o. Como grossistas de recorda\u00e7\u00f5es, garantimos a qualidade e autenticidade em cada pe\u00e7a.<\/p>\n","protected":false},"excerpt":{"rendered":"<p>Ta\u00e7a de cer\u00e2mica de 11 cm com um design vibrante que presta homenagem ao famoso touro espanhol, s\u00edmbolo do folclore nacional. Esta atraente ta\u00e7a, de cor bege, apresenta coloridos touros em mosaico vermelho e azul, rodeados por um delicado padr\u00e3o de flores vermelhas e a palavra &#8220;Espa\u00f1a&#8221; em letras multicoloridas. Com um acabamento brilhante e uma subtil linha vermelha no rebordo, \u00e9 ideal para uso decorativo ou pr\u00e1tico, adicionando um toque cultural a qualquer casa.<\/p>\n","protected":false},"featured_media":7371,"template":"","meta":{"_acf_changed":false},"product_brand":[],"product_cat":[513],"product_tag":[516,515],"class_list":{"0":"post-28149","1":"product","2":"type-product","3":"status-publish","4":"has-post-thumbnail","6":"product_cat-bols","7":"product_tag-animais","8":"product_tag-ceramica","9":"pa_motivo-touros","11":"first","12":"instock","13":"shipping-taxable","14":"product-type-simple"},"acf":[],"_links":{"self":[{"href":"https:\/\/olemosaic.orbitalia.org\/pt-pt\/wp-json\/wp\/v2\/product\/28149","targetHints":{"allow":["GET"]}}],"collection":[{"href":"https:\/\/olemosaic.orbitalia.org\/pt-pt\/wp-json\/wp\/v2\/product"}],"about":[{"href":"https:\/\/olemosaic.orbitalia.org\/pt-pt\/wp-json\/wp\/v2\/types\/product"}],"wp:featuredmedia":[{"embeddable":true,"href":"https:\/\/olemosaic.orbitalia.org\/pt-pt\/wp-json\/wp\/v2\/media\/7371"}],"wp:attachment":[{"href":"https:\/\/olemosaic.orbitalia.org\/pt-pt\/wp-json\/wp\/v2\/media?parent=28149"}],"wp:term":[{"taxonomy":"product_brand","embeddable":true,"href":"https:\/\/olemosaic.orbitalia.org\/pt-pt\/wp-json\/wp\/v2\/product_brand?post=28149"},{"taxonomy":"product_cat","embeddable":true,"href":"https:\/\/olemosaic.orbitalia.org\/pt-pt\/wp-json\/wp\/v2\/product_cat?post=28149"},{"taxonomy":"product_tag","embeddable":true,"href":"https:\/\/olemosaic.orbitalia.org\/pt-pt\/wp-json\/wp\/v2\/product_tag?post=28149"}],"curies":[{"name":"wp","href":"https:\/\/api.w.org\/{rel}","templated":true}]}}