{"id":28148,"date":"2025-02-20T22:29:29","date_gmt":"2025-02-20T22:29:29","guid":{"rendered":"https:\/\/olemosaic.orbitalia.org\/producto\/bol-de-ceramica-de-11-cm-salamandra-y-flores-blanco\/"},"modified":"2025-07-25T19:00:37","modified_gmt":"2025-07-25T17:00:37","slug":"taca-de-ceramica-de-11-cm-salamandra-e-flores-branco","status":"publish","type":"product","link":"https:\/\/olemosaic.orbitalia.org\/pt-pt\/produto\/taca-de-ceramica-de-11-cm-salamandra-e-flores-branco\/","title":{"rendered":"Ta\u00e7a de cer\u00e2mica de 11 cm. Salamandra e flores. Branco"},"content":{"rendered":"<p>Esta ta\u00e7a de cer\u00e2mica de 11 cm \u00e9 uma pe\u00e7a vibrante que captura a ess\u00eancia da arte popular espanhola. Decorada com uma encantadora ilustra\u00e7\u00e3o de salamandras em tons de vermelho e azul, a ta\u00e7a apresenta um fundo branco que real\u00e7a os designs coloridos com eleg\u00e2ncia. As salamandras, s\u00edmbolos de transforma\u00e7\u00e3o e renova\u00e7\u00e3o, aparecem rodeadas por um delicado padr\u00e3o de flores e folhas verdes, que conferem frescura e vitalidade ao conjunto. O acabamento vermelho na parte superior da ta\u00e7a n\u00e3o s\u00f3 adiciona um toque de cor vibrante, como tamb\u00e9m cria um belo contraste com o fundo branco, transformando esta pe\u00e7a num elemento decorativo de destaque para qualquer cozinha ou mesa.<\/p>\n<p>Esta ta\u00e7a n\u00e3o \u00e9 apenas funcional, mas tamb\u00e9m uma recorda\u00e7\u00e3o aut\u00eantica que reflete a cultura e a tradi\u00e7\u00e3o artesanal de Espanha. \u00c9 perfeita para os turistas que procuram uma representa\u00e7\u00e3o aut\u00eantica da rica heran\u00e7a art\u00edstica da regi\u00e3o. Na Ol\u00e9 Mosaic, como grossista de cer\u00e2mica, oferecemos produtos que celebram a diversidade cultural, e esta ta\u00e7a \u00e9 uma excelente op\u00e7\u00e3o para lojas de presentes tur\u00edsticos que desejem fornecer artigos \u00fanicos e cheios de significado. As recorda\u00e7\u00f5es de cer\u00e2mica, como esta ta\u00e7a, s\u00e3o mem\u00f3rias memor\u00e1veis que ligam os viajantes \u00e0 autenticidade da sua experi\u00eancia em Espanha.<\/p>\n","protected":false},"excerpt":{"rendered":"<p>Ta\u00e7a de cer\u00e2mica de 11 cm, decorada com uma vibrante ilustra\u00e7\u00e3o de salamandras e flores. Esta elegante ta\u00e7a apresenta um fundo branco com um design colorido que inclui salamandras em tons de vermelho e azul, acompanhadas de flores e folhas verdes. O rebordo superior conta com um acabamento vermelho, criando um contraste atraente. Ideal para dar um toque de cor a qualquer cozinha ou mesa, esta ta\u00e7a reflete a arte e a cultura tradicional.<\/p>\n","protected":false},"featured_media":11173,"template":"","meta":{"_acf_changed":false},"product_brand":[],"product_cat":[513],"product_tag":[516,515],"class_list":{"0":"post-28148","1":"product","2":"type-product","3":"status-publish","4":"has-post-thumbnail","6":"product_cat-bols","7":"product_tag-animais","8":"product_tag-ceramica","9":"pa_motivo-salamandras","11":"first","12":"instock","13":"shipping-taxable","14":"product-type-simple"},"acf":[],"_links":{"self":[{"href":"https:\/\/olemosaic.orbitalia.org\/pt-pt\/wp-json\/wp\/v2\/product\/28148","targetHints":{"allow":["GET"]}}],"collection":[{"href":"https:\/\/olemosaic.orbitalia.org\/pt-pt\/wp-json\/wp\/v2\/product"}],"about":[{"href":"https:\/\/olemosaic.orbitalia.org\/pt-pt\/wp-json\/wp\/v2\/types\/product"}],"wp:featuredmedia":[{"embeddable":true,"href":"https:\/\/olemosaic.orbitalia.org\/pt-pt\/wp-json\/wp\/v2\/media\/11173"}],"wp:attachment":[{"href":"https:\/\/olemosaic.orbitalia.org\/pt-pt\/wp-json\/wp\/v2\/media?parent=28148"}],"wp:term":[{"taxonomy":"product_brand","embeddable":true,"href":"https:\/\/olemosaic.orbitalia.org\/pt-pt\/wp-json\/wp\/v2\/product_brand?post=28148"},{"taxonomy":"product_cat","embeddable":true,"href":"https:\/\/olemosaic.orbitalia.org\/pt-pt\/wp-json\/wp\/v2\/product_cat?post=28148"},{"taxonomy":"product_tag","embeddable":true,"href":"https:\/\/olemosaic.orbitalia.org\/pt-pt\/wp-json\/wp\/v2\/product_tag?post=28148"}],"curies":[{"name":"wp","href":"https:\/\/api.w.org\/{rel}","templated":true}]}}