{"id":28144,"date":"2025-02-20T22:29:29","date_gmt":"2025-02-20T22:29:29","guid":{"rendered":"https:\/\/olemosaic.orbitalia.org\/producto\/bol-de-ceramica-de-11-cm-mosaico-blanco\/"},"modified":"2025-07-25T20:31:18","modified_gmt":"2025-07-25T18:31:18","slug":"taca-de-ceramica-de-11-cm-mosaico-branco","status":"publish","type":"product","link":"https:\/\/olemosaic.orbitalia.org\/pt-pt\/produto\/taca-de-ceramica-de-11-cm-mosaico-branco\/","title":{"rendered":"Ta\u00e7a de cer\u00e2mica de 11 cm. Mosaico. Branco"},"content":{"rendered":"<p>Esta ta\u00e7a de cer\u00e2mica de 11 cm \u00e9 uma aut\u00eantica obra-prima que captura a ess\u00eancia da rica tradi\u00e7\u00e3o art\u00edstica espanhola. O seu exterior est\u00e1 adornado com um vibrante mosaico de cores, que combina motivos geom\u00e9tricos e florais numa explos\u00e3o de tons azuis, laranjas e vermelhos, evocando o calor e a alegria da paisagem espanhola. O interior, de uma cor vermelha intensa, oferece um belo contraste que real\u00e7a a riqueza visual da ta\u00e7a, tornando-a n\u00e3o apenas um utens\u00edlio funcional, mas tamb\u00e9m uma pe\u00e7a decorativa essencial para qualquer casa.<\/p>\n<p>Este tipo de cer\u00e2mica \u00e9 representativo de diversas regi\u00f5es espanholas, onde a artesania manual \u00e9 um pilar cultural, refletindo a hist\u00f3ria e a diversidade do pa\u00eds. Pensada para servir aperitivos ou simplesmente como um adorno atraente, esta ta\u00e7a \u00e9 a recorda\u00e7\u00e3o perfeita para os turistas que procuram levar um peda\u00e7o da cultura espanhola.<\/p>\n<p>Na Ol\u00e9 Mosaic, orgulhamo-nos de oferecer souvenirs de qualidade que refletem a autenticidade e a heran\u00e7a cultural de Espanha. Esta ta\u00e7a de cer\u00e2mica n\u00e3o s\u00f3 \u00e9 uma op\u00e7\u00e3o ideal para lojas de presentes tur\u00edsticos, como tamb\u00e9m garante a satisfa\u00e7\u00e3o dos clientes que procuram produtos aut\u00eanticos e coloridos. Como distribuidores de cer\u00e2mica por grosso, fornecemos artigos que celebram e perpetuam a rica tradi\u00e7\u00e3o cultural espanhola.<\/p>\n","protected":false},"excerpt":{"rendered":"<p>Ta\u00e7a de cer\u00e2mica de 11 cm, decorada com um mosaico vibrante que evoca a rica tradi\u00e7\u00e3o art\u00edstica espanhola. O exterior apresenta uma variada composi\u00e7\u00e3o de motivos geom\u00e9tricos e florais em tons azuis, laranjas e vermelhos, enquanto o interior \u00e9 de um vermelho intenso. Este produto artesanal reflete o estilo \u00fanico da cer\u00e2mica espanhola, ideal para servir aperitivos ou como pe\u00e7a decorativa em qualquer casa.<\/p>\n","protected":false},"featured_media":11175,"template":"","meta":{"_acf_changed":false},"product_brand":[],"product_cat":[513],"product_tag":[515],"class_list":{"0":"post-28144","1":"product","2":"type-product","3":"status-publish","4":"has-post-thumbnail","6":"product_cat-bols","7":"product_tag-ceramica","8":"pa_motivo-mosaico","10":"first","11":"instock","12":"shipping-taxable","13":"product-type-simple"},"acf":[],"_links":{"self":[{"href":"https:\/\/olemosaic.orbitalia.org\/pt-pt\/wp-json\/wp\/v2\/product\/28144","targetHints":{"allow":["GET"]}}],"collection":[{"href":"https:\/\/olemosaic.orbitalia.org\/pt-pt\/wp-json\/wp\/v2\/product"}],"about":[{"href":"https:\/\/olemosaic.orbitalia.org\/pt-pt\/wp-json\/wp\/v2\/types\/product"}],"wp:featuredmedia":[{"embeddable":true,"href":"https:\/\/olemosaic.orbitalia.org\/pt-pt\/wp-json\/wp\/v2\/media\/11175"}],"wp:attachment":[{"href":"https:\/\/olemosaic.orbitalia.org\/pt-pt\/wp-json\/wp\/v2\/media?parent=28144"}],"wp:term":[{"taxonomy":"product_brand","embeddable":true,"href":"https:\/\/olemosaic.orbitalia.org\/pt-pt\/wp-json\/wp\/v2\/product_brand?post=28144"},{"taxonomy":"product_cat","embeddable":true,"href":"https:\/\/olemosaic.orbitalia.org\/pt-pt\/wp-json\/wp\/v2\/product_cat?post=28144"},{"taxonomy":"product_tag","embeddable":true,"href":"https:\/\/olemosaic.orbitalia.org\/pt-pt\/wp-json\/wp\/v2\/product_tag?post=28144"}],"curies":[{"name":"wp","href":"https:\/\/api.w.org\/{rel}","templated":true}]}}