{"id":28119,"date":"2025-02-20T23:29:28","date_gmt":"2025-02-20T22:29:28","guid":{"rendered":"https:\/\/olemosaic.orbitalia.org\/producto\/bol-de-ceramica-de-11-cm-salamandra-y-flores-barcelona-blanco\/"},"modified":"2025-07-25T19:22:44","modified_gmt":"2025-07-25T17:22:44","slug":"taca-de-ceramica-de-11-cm-salamandra-e-flores-barcelona-branco","status":"publish","type":"product","link":"https:\/\/olemosaic.orbitalia.org\/pt-pt\/produto\/taca-de-ceramica-de-11-cm-salamandra-e-flores-barcelona-branco\/","title":{"rendered":"Ta\u00e7a de cer\u00e2mica de 11 cm. Salamandra e flores. Barcelona. Branco"},"content":{"rendered":"<p>Esta ta\u00e7a de cer\u00e2mica de 11 cm \u00e9 um souvenir atraente que evoca a vibrante cultura de Barcelona. Concebida com um acabamento branco brilhante, apresenta um delicado e colorido motivo pintado \u00e0 m\u00e3o de salamandras em tons de azul, verde e vermelho, que serpenteiam ao longo das suas laterais. Estas figuras encantadoras est\u00e3o rodeadas de flores suaves, acrescentando um toque de alegria e frescura ao design. Na parte superior, um rebordo vermelho complementa a est\u00e9tica \u00fanica da ta\u00e7a, tornando este objeto n\u00e3o s\u00f3 funcional, mas tamb\u00e9m um adorno encantador para qualquer lar.<\/p>\n<p>A salamandra, s\u00edmbolo de transforma\u00e7\u00e3o e equil\u00edbrio, \u00e9 uma refer\u00eancia clara \u00e0 rica tradi\u00e7\u00e3o cultural barcelonesa, frequentemente associada \u00e0s obras de Antoni Gaud\u00ed, cujo estilo se destaca pelo uso vibrante da cor e da natureza na sua arquitetura. Esta ta\u00e7a de cer\u00e2mica n\u00e3o \u00e9 apenas uma recorda\u00e7\u00e3o da cidade, mas tamb\u00e9m um hino \u00e0 sua identidade art\u00edstica. Na Ol\u00e9 Mosaic, dedicamo-nos \u00e0 distribui\u00e7\u00e3o por grosso de souvenirs aut\u00eanticos como este, ideais para lojas de presentes tur\u00edsticos que procuram oferecer aos seus clientes pe\u00e7as representativas e de grande qualidade da cultura espanhola. Um produto perfeito para quem deseja levar um peda\u00e7o de Barcelona para casa.<\/p>\n","protected":false},"excerpt":{"rendered":"<p>Ta\u00e7a de cer\u00e2mica de 11 cm, decorada com salamandras e flores coloridas, inspirada na vibrante cultura de Barcelona. Esta atraente ta\u00e7a branca apresenta um design artesanal, pintado \u00e0 m\u00e3o, onde os motivos das suas laterais incluem salamandras em tons de azul, verde e vermelho, rodeadas de flores que lhe d\u00e3o um toque de alegria. A parte superior da ta\u00e7a conta com um rebordo vermelho que complementa a sua est\u00e9tica \u00fanica e festiva, ideal para qualquer lar que valorize a arte e a tradi\u00e7\u00e3o.<\/p>\n","protected":false},"featured_media":11174,"template":"","meta":{"_acf_changed":false},"product_brand":[],"product_cat":[513],"product_tag":[516,515],"class_list":{"0":"post-28119","1":"product","2":"type-product","3":"status-publish","4":"has-post-thumbnail","6":"product_cat-bols","7":"product_tag-animais","8":"product_tag-ceramica","9":"pa_ciudad-barcelona","10":"pa_motivo-salamandras","11":"pa_pais-espana","13":"first","14":"instock","15":"shipping-taxable","16":"product-type-simple"},"acf":[],"_links":{"self":[{"href":"https:\/\/olemosaic.orbitalia.org\/pt-pt\/wp-json\/wp\/v2\/product\/28119","targetHints":{"allow":["GET"]}}],"collection":[{"href":"https:\/\/olemosaic.orbitalia.org\/pt-pt\/wp-json\/wp\/v2\/product"}],"about":[{"href":"https:\/\/olemosaic.orbitalia.org\/pt-pt\/wp-json\/wp\/v2\/types\/product"}],"wp:featuredmedia":[{"embeddable":true,"href":"https:\/\/olemosaic.orbitalia.org\/pt-pt\/wp-json\/wp\/v2\/media\/11174"}],"wp:attachment":[{"href":"https:\/\/olemosaic.orbitalia.org\/pt-pt\/wp-json\/wp\/v2\/media?parent=28119"}],"wp:term":[{"taxonomy":"product_brand","embeddable":true,"href":"https:\/\/olemosaic.orbitalia.org\/pt-pt\/wp-json\/wp\/v2\/product_brand?post=28119"},{"taxonomy":"product_cat","embeddable":true,"href":"https:\/\/olemosaic.orbitalia.org\/pt-pt\/wp-json\/wp\/v2\/product_cat?post=28119"},{"taxonomy":"product_tag","embeddable":true,"href":"https:\/\/olemosaic.orbitalia.org\/pt-pt\/wp-json\/wp\/v2\/product_tag?post=28119"}],"curies":[{"name":"wp","href":"https:\/\/api.w.org\/{rel}","templated":true}]}}