{"id":28090,"date":"2025-02-20T23:29:27","date_gmt":"2025-02-20T22:29:27","guid":{"rendered":"https:\/\/olemosaic.orbitalia.org\/producto\/bol-de-ceramica-de-10-cm-panoramica-barcelona-beige\/"},"modified":"2025-07-25T18:58:05","modified_gmt":"2025-07-25T16:58:05","slug":"taca-de-ceramica-de-10-cm-panoramica-barcelona-bege","status":"publish","type":"product","link":"https:\/\/olemosaic.orbitalia.org\/pt-pt\/produto\/taca-de-ceramica-de-10-cm-panoramica-barcelona-bege\/","title":{"rendered":"Ta\u00e7a de cer\u00e2mica de 10 cm. Panor\u00e2mica. Barcelona. Bege"},"content":{"rendered":"<p>Esta ta\u00e7a de cer\u00e2mica de 10 cm \u00e9 uma encantadora recorda\u00e7\u00e3o de Barcelona que capta a ess\u00eancia art\u00edstica da cidade. Inspirada no ic\u00f3nico estilo de mosaico de Antoni Gaud\u00ed, apresenta uma vibrante panor\u00e2mica da Sagrada Fam\u00edlia e outros monumentos emblem\u00e1ticos, tudo pintado \u00e0 m\u00e3o com um cuidado excecional. Com um interior branco que real\u00e7a as cores vivas do design, cada detalhe da cer\u00e2mica resplandece, criando uma pe\u00e7a \u00fanica que evoca as paisagens urbanas de Barcelona. A borda vermelha adiciona um toque distintivo, real\u00e7ando o seu apelo visual e tornando-a uma op\u00e7\u00e3o ideal para qualquer cole\u00e7\u00e3o de recorda\u00e7\u00f5es.<\/p>\n<p>Esta ta\u00e7a n\u00e3o \u00e9 apenas pr\u00e1tica, mas tamb\u00e9m serve como um lembrete tang\u00edvel da riqueza cultural e arquitet\u00f3nica de Barcelona. O seu design presta homenagem \u00e0 magn\u00edfica obra de Gaud\u00ed, um s\u00edmbolo do modernismo catal\u00e3o e do patrim\u00f3nio da cidade. Na Ol\u00e9 Mosaic, orgulhamo-nos de oferecer recorda\u00e7\u00f5es aut\u00eanticas que refletem a tradi\u00e7\u00e3o e criatividade locais. Esta ta\u00e7a de cer\u00e2mica \u00e9 uma excelente oportunidade para que as lojas de presentes tur\u00edsticos ofere\u00e7am aos seus clientes uma recorda\u00e7\u00e3o significativa que combine beleza e funcionalidade, sendo uma pe\u00e7a perfeita para quem procura recorda\u00e7\u00f5es aut\u00eanticas de Barcelona. Como grossistas de cer\u00e2mica, garantimos qualidade e design em cada uma das nossas pe\u00e7as.<\/p>\n","protected":false},"excerpt":{"rendered":"<p>Ta\u00e7a de cer\u00e2mica de 10 cm com uma encantadora panor\u00e2mica de Barcelona. Inspirada no emblem\u00e1tico estilo de mosaico de Gaud\u00ed, esta ta\u00e7a apresenta uma colorida representa\u00e7\u00e3o da Sagrada Fam\u00edlia e outros monumentos ic\u00f3nicos da cidade. O seu interior branco real\u00e7a as cores vivas do design, enquanto a borda vermelha adiciona um toque distintivo. Este artigo, de design artesanal e pintado \u00e0 m\u00e3o, \u00e9 perfeito para recordar a sua visita a Barcelona ou como um presente atraente.<\/p>\n","protected":false},"featured_media":7764,"template":"","meta":{"_acf_changed":false},"product_brand":[],"product_cat":[513],"product_tag":[515],"class_list":{"0":"post-28090","1":"product","2":"type-product","3":"status-publish","4":"has-post-thumbnail","6":"product_cat-bols","7":"product_tag-ceramica","8":"pa_ciudad-barcelona","9":"pa_motivo-panoramas","10":"pa_pais-espana","12":"first","13":"instock","14":"shipping-taxable","15":"product-type-simple"},"acf":[],"_links":{"self":[{"href":"https:\/\/olemosaic.orbitalia.org\/pt-pt\/wp-json\/wp\/v2\/product\/28090","targetHints":{"allow":["GET"]}}],"collection":[{"href":"https:\/\/olemosaic.orbitalia.org\/pt-pt\/wp-json\/wp\/v2\/product"}],"about":[{"href":"https:\/\/olemosaic.orbitalia.org\/pt-pt\/wp-json\/wp\/v2\/types\/product"}],"wp:featuredmedia":[{"embeddable":true,"href":"https:\/\/olemosaic.orbitalia.org\/pt-pt\/wp-json\/wp\/v2\/media\/7764"}],"wp:attachment":[{"href":"https:\/\/olemosaic.orbitalia.org\/pt-pt\/wp-json\/wp\/v2\/media?parent=28090"}],"wp:term":[{"taxonomy":"product_brand","embeddable":true,"href":"https:\/\/olemosaic.orbitalia.org\/pt-pt\/wp-json\/wp\/v2\/product_brand?post=28090"},{"taxonomy":"product_cat","embeddable":true,"href":"https:\/\/olemosaic.orbitalia.org\/pt-pt\/wp-json\/wp\/v2\/product_cat?post=28090"},{"taxonomy":"product_tag","embeddable":true,"href":"https:\/\/olemosaic.orbitalia.org\/pt-pt\/wp-json\/wp\/v2\/product_tag?post=28090"}],"curies":[{"name":"wp","href":"https:\/\/api.w.org\/{rel}","templated":true}]}}