{"id":28089,"date":"2025-02-20T23:29:26","date_gmt":"2025-02-20T22:29:26","guid":{"rendered":"https:\/\/olemosaic.orbitalia.org\/producto\/bol-de-ceramica-de-115-cm-camino-de-santiago-beige\/"},"modified":"2025-07-25T18:50:03","modified_gmt":"2025-07-25T16:50:03","slug":"taca-de-ceramica-de-11-5-cm-caminho-de-santiago-bege","status":"publish","type":"product","link":"https:\/\/olemosaic.orbitalia.org\/pt-pt\/produto\/taca-de-ceramica-de-11-5-cm-caminho-de-santiago-bege\/","title":{"rendered":"Ta\u00e7a de cer\u00e2mica de 11,5 cm. Caminho de Santiago. Bege"},"content":{"rendered":"<p>Esta ta\u00e7a de cer\u00e2mica quadrada de 11,5 cm inspira-se no emblem\u00e1tico Caminho de Santiago, tornando-se uma aut\u00eantica recorda\u00e7\u00e3o que capta a ess\u00eancia desta hist\u00f3rica rota. O design atraente, que combina tons de bege e vermelho, apresenta uma ilustra\u00e7\u00e3o vibrante que destaca a ic\u00f3nica catedral de Santiago, rodeada de elementos simb\u00f3licos como a concha do peregrino e as setas amarelas, tudo pintado \u00e0 m\u00e3o com finos detalhes coloridos. A catedral, uma joia da arte rom\u00e2nica e g\u00f3tica, \u00e9 representada com meticulosidade, enquanto a figura do peregrino, trajado com o seu bord\u00e3o, convida os viajantes a recordar as suas pr\u00f3prias aventuras ao longo do Caminho.<\/p>\n<p>Esta ta\u00e7a n\u00e3o \u00e9 apenas funcional, perfeita para servir aperitivos ou como elemento decorativo, mas tamb\u00e9m \u00e9 um captador de mem\u00f3rias de uma viagem inesquec\u00edvel. O seu design art\u00edstico reflete o patrim\u00f3nio cultural de Espanha, simbolizando a hospitalidade e o esp\u00edrito de aventura de quem percorre esta rota milenar. Na Ol\u00e9 Mosaic, como grossista de recorda\u00e7\u00f5es de qualidade, oferecemos esta ta\u00e7a de cer\u00e2mica como uma magn\u00edfica op\u00e7\u00e3o para lojas de presentes tur\u00edsticos que procuram produtos aut\u00eanticos e representativos. Esta ta\u00e7a do Caminho de Santiago \u00e9 uma recorda\u00e7\u00e3o ideal, que celebra a tradi\u00e7\u00e3o e a hist\u00f3ria, sendo perfeita para quem deseja levar um pedacinho de Espanha para casa.<\/p>\n","protected":false},"excerpt":{"rendered":"<p>Ta\u00e7a de cer\u00e2mica de 11,5 cm inspirada no Caminho de Santiago, com um design atraente em tons de bege e vermelho. Esta ta\u00e7a quadrada apresenta uma ilustra\u00e7\u00e3o vibrante que inclui a ic\u00f3nica catedral de Santiago e elementos simb\u00f3licos como a concha do peregrino e as setas amarelas, tudo com design artesanal, pintado \u00e0 m\u00e3o, com detalhes coloridos. Ideal como souvenir, combina a funcionalidade com uma representa\u00e7\u00e3o art\u00edstica da rota hist\u00f3rica, refletindo o patrim\u00f3nio cultural espanhol.<\/p>\n","protected":false},"featured_media":8727,"template":"","meta":{"_acf_changed":false},"product_brand":[],"product_cat":[513],"product_tag":[515],"class_list":{"0":"post-28089","1":"product","2":"type-product","3":"status-publish","4":"has-post-thumbnail","6":"product_cat-bols","7":"product_tag-ceramica","8":"pa_motivo-caminho-de-santiago","10":"first","11":"instock","12":"shipping-taxable","13":"product-type-simple"},"acf":[],"_links":{"self":[{"href":"https:\/\/olemosaic.orbitalia.org\/pt-pt\/wp-json\/wp\/v2\/product\/28089","targetHints":{"allow":["GET"]}}],"collection":[{"href":"https:\/\/olemosaic.orbitalia.org\/pt-pt\/wp-json\/wp\/v2\/product"}],"about":[{"href":"https:\/\/olemosaic.orbitalia.org\/pt-pt\/wp-json\/wp\/v2\/types\/product"}],"wp:featuredmedia":[{"embeddable":true,"href":"https:\/\/olemosaic.orbitalia.org\/pt-pt\/wp-json\/wp\/v2\/media\/8727"}],"wp:attachment":[{"href":"https:\/\/olemosaic.orbitalia.org\/pt-pt\/wp-json\/wp\/v2\/media?parent=28089"}],"wp:term":[{"taxonomy":"product_brand","embeddable":true,"href":"https:\/\/olemosaic.orbitalia.org\/pt-pt\/wp-json\/wp\/v2\/product_brand?post=28089"},{"taxonomy":"product_cat","embeddable":true,"href":"https:\/\/olemosaic.orbitalia.org\/pt-pt\/wp-json\/wp\/v2\/product_cat?post=28089"},{"taxonomy":"product_tag","embeddable":true,"href":"https:\/\/olemosaic.orbitalia.org\/pt-pt\/wp-json\/wp\/v2\/product_tag?post=28089"}],"curies":[{"name":"wp","href":"https:\/\/api.w.org\/{rel}","templated":true}]}}