{"id":28062,"date":"2025-02-20T23:29:25","date_gmt":"2025-02-20T22:29:25","guid":{"rendered":"https:\/\/olemosaic.orbitalia.org\/producto\/plato-de-ceramica-de-10-cm-patio-madrid-blanco\/"},"modified":"2025-07-25T19:36:46","modified_gmt":"2025-07-25T17:36:46","slug":"prato-de-ceramica-de-10-cm-patio-madrid-branco","status":"publish","type":"product","link":"https:\/\/olemosaic.orbitalia.org\/pt-pt\/produto\/prato-de-ceramica-de-10-cm-patio-madrid-branco\/","title":{"rendered":"Prato de cer\u00e2mica de 10 cm. P\u00e1tio. Madrid. Branco."},"content":{"rendered":"<p>Este atraente prato de cer\u00e2mica de 10 cm \u00e9 uma aut\u00eantica homenagem \u00e0 vibrante cultura madrilena. Com o seu design pintado \u00e0 m\u00e3o, o prato apresenta uma cena alegre que capta a ess\u00eancia de um t\u00edpico p\u00e1tio de Madrid, onde um par de bailarinos, trajados com roupas tradicionais ic\u00f3nicas, se entrega a uma dan\u00e7a cativante. A mulher, vestida com um elegante traje de folhos vermelhos, segura um leque, enquanto o seu companheiro, com chap\u00e9u de abas largas e fato escuro, confere um toque de sofistica\u00e7\u00e3o \u00e0 cena.<\/p>\n<p>Os vasos coloridos, repletos de flores, rodeiam o par e uma bela varanda com trepadeiras oferece um contexto tipicamente espanhol. O nome &#8220;MADRID&#8221; est\u00e1 inscrito com eleg\u00e2ncia, real\u00e7ando o apelo visual do prato. Esta recorda\u00e7\u00e3o n\u00e3o \u00e9 apenas um objeto decorativo, mas tamb\u00e9m um s\u00edmbolo do esp\u00edrito festivo e acolhedor da capital espanhola.<\/p>\n<p>Na Ol\u00e9 Mosaic, orgulhamo-nos de oferecer recorda\u00e7\u00f5es aut\u00eanticas que captam a ess\u00eancia cultural de Espanha. Este prato de cer\u00e2mica \u00e9 uma op\u00e7\u00e3o perfeita para lojas de presentes tur\u00edsticos que procuram produtos \u00fanicos e cheios de significado. A sua originalidade e qualidade tornam-no uma excelente recorda\u00e7\u00e3o da rica tradi\u00e7\u00e3o madrilena, ideal para colecionadores e turistas que desejam levar um pedacinho da cultura espanhola. Como distribuidores de pratos e artesanato por grosso, garantimos a autenticidade e a excel\u00eancia em cada produto.<\/p>\n","protected":false},"excerpt":{"rendered":"<p>Prato de cer\u00e2mica de 10 cm inspirado no ambiente vibrante de um p\u00e1tio madrileno. Este atraente prato apresenta um design artesanal, pintado \u00e0 m\u00e3o, com uma cena alegre que inclui um par de bailarinos vestidos com trajes tradicionais, rodeados de flores coloridas em vasos e uma varanda adornada. A palavra &#8220;MADRID&#8221; est\u00e1 inscrita com eleg\u00e2ncia, complementando os detalhes em cores vivas desta encantadora recorda\u00e7\u00e3o. Ideal para colecionadores ou como recorda\u00e7\u00e3o da cultura espanhola.<\/p>\n","protected":false},"featured_media":7971,"template":"","meta":{"_acf_changed":false},"product_brand":[],"product_cat":[629],"product_tag":[515],"class_list":{"0":"post-28062","1":"product","2":"type-product","3":"status-publish","4":"has-post-thumbnail","6":"product_cat-pratos-decorativos","7":"product_tag-ceramica","8":"pa_ciudad-madrid","9":"pa_motivo-patios","10":"pa_pais-espana","12":"first","13":"instock","14":"shipping-taxable","15":"product-type-simple"},"acf":[],"_links":{"self":[{"href":"https:\/\/olemosaic.orbitalia.org\/pt-pt\/wp-json\/wp\/v2\/product\/28062","targetHints":{"allow":["GET"]}}],"collection":[{"href":"https:\/\/olemosaic.orbitalia.org\/pt-pt\/wp-json\/wp\/v2\/product"}],"about":[{"href":"https:\/\/olemosaic.orbitalia.org\/pt-pt\/wp-json\/wp\/v2\/types\/product"}],"wp:featuredmedia":[{"embeddable":true,"href":"https:\/\/olemosaic.orbitalia.org\/pt-pt\/wp-json\/wp\/v2\/media\/7971"}],"wp:attachment":[{"href":"https:\/\/olemosaic.orbitalia.org\/pt-pt\/wp-json\/wp\/v2\/media?parent=28062"}],"wp:term":[{"taxonomy":"product_brand","embeddable":true,"href":"https:\/\/olemosaic.orbitalia.org\/pt-pt\/wp-json\/wp\/v2\/product_brand?post=28062"},{"taxonomy":"product_cat","embeddable":true,"href":"https:\/\/olemosaic.orbitalia.org\/pt-pt\/wp-json\/wp\/v2\/product_cat?post=28062"},{"taxonomy":"product_tag","embeddable":true,"href":"https:\/\/olemosaic.orbitalia.org\/pt-pt\/wp-json\/wp\/v2\/product_tag?post=28062"}],"curies":[{"name":"wp","href":"https:\/\/api.w.org\/{rel}","templated":true}]}}