{"id":28044,"date":"2025-02-20T22:29:25","date_gmt":"2025-02-20T22:29:25","guid":{"rendered":"https:\/\/olemosaic.orbitalia.org\/producto\/funda-de-telefono-para-iphone-14-tpu-gato-barcelona-negro\/"},"modified":"2025-07-25T18:43:47","modified_gmt":"2025-07-25T16:43:47","slug":"capa-de-telemovel-para-iphone-14-tpu-gato-barcelona-preto","status":"publish","type":"product","link":"https:\/\/olemosaic.orbitalia.org\/pt-pt\/produto\/capa-de-telemovel-para-iphone-14-tpu-gato-barcelona-preto\/","title":{"rendered":"Capa de telem\u00f3vel para iPhone 14 (TPU). Gato. Barcelona. Preto"},"content":{"rendered":"<p>Este atraente design de capa para iPhone 14 capta a ess\u00eancia de Barcelona atrav\u00e9s de um encantador gato ilustrado com um vibrante estilo mosaico. Fabricada em TPU de alta qualidade, esta capa oferece uma prote\u00e7\u00e3o robusta e leve para o seu dispositivo, garantindo que n\u00e3o s\u00f3 tenha um bom aspeto, mas que tamb\u00e9m esteja protegido contra choques e quedas. A obra de arte apresenta uma paleta de cores intensas, com azuis profundos, vermelhos vivos, amarelos brilhantes e verdes frescos, todos dispostos de forma a evocar a beleza das obras-primas arquitet\u00f3nicas da cidade.<\/p>\n<p>Rodeado de borboletas multicoloridas que conferem um toque de alegria e dinamismo, o gato destaca-se como um s\u00edmbolo do car\u00e1cter brincalh\u00e3o e art\u00edstico de Barcelona. O nome &#8220;Barcelona&#8221; apresenta-se numa elegante tipografia, acrescentando um elemento de sofistica\u00e7\u00e3o a este acess\u00f3rio imprescind\u00edvel. Esta recorda\u00e7\u00e3o n\u00e3o s\u00f3 \u00e9 funcional, como tamb\u00e9m \u00e9 uma lembran\u00e7a palp\u00e1vel da rica cultura e do ambiente vibrante que a cidade oferece, tornando-a uma op\u00e7\u00e3o perfeita para quem procura levar um peda\u00e7o de Barcelona consigo. Na Ol\u00e9 Mosaic, especializamo-nos na distribui\u00e7\u00e3o de recorda\u00e7\u00f5es aut\u00eanticas por grosso, e a nossa capa de gato mosaico \u00e9 um excelente exemplo de como a arte e a funcionalidade se combinam na perfei\u00e7\u00e3o. Ideal para lojas de recorda\u00e7\u00f5es tur\u00edsticas que procuram produtos \u00fanicos e com significado cultural, esta capa \u00e9 uma recorda\u00e7\u00e3o representativa e uma declara\u00e7\u00e3o art\u00edstica para qualquer amante da cidade.<\/p>\n","protected":false},"excerpt":{"rendered":"<p>Capa para iPhone 14 fabricada em TPU, adornada com um encantador design de um gato num vibrante estilo mosaico. Este atraente acess\u00f3rio, que presta homenagem \u00e0 cidade de Barcelona, apresenta cores intensas como o azul, o vermelho, o amarelo e o verde, rodeado de borboletas multicoloridas que acrescentam um toque alegre. Com a palavra &#8220;Barcelona&#8221; escrita com uma tipografia elegante, esta capa n\u00e3o s\u00f3 protege o seu dispositivo, como tamb\u00e9m lhe confere um toque art\u00edstico e distintivo.<\/p>\n","protected":false},"featured_media":12367,"template":"","meta":{"_acf_changed":false},"product_brand":[],"product_cat":[685],"product_tag":[516],"class_list":{"0":"post-28044","1":"product","2":"type-product","3":"status-publish","4":"has-post-thumbnail","6":"product_cat-capas-para-telemoveis","7":"product_tag-animais","8":"pa_ciudad-barcelona","9":"pa_motivo-gatos","10":"pa_pais-espana","12":"first","13":"instock","14":"shipping-taxable","15":"product-type-simple"},"acf":[],"_links":{"self":[{"href":"https:\/\/olemosaic.orbitalia.org\/pt-pt\/wp-json\/wp\/v2\/product\/28044","targetHints":{"allow":["GET"]}}],"collection":[{"href":"https:\/\/olemosaic.orbitalia.org\/pt-pt\/wp-json\/wp\/v2\/product"}],"about":[{"href":"https:\/\/olemosaic.orbitalia.org\/pt-pt\/wp-json\/wp\/v2\/types\/product"}],"wp:featuredmedia":[{"embeddable":true,"href":"https:\/\/olemosaic.orbitalia.org\/pt-pt\/wp-json\/wp\/v2\/media\/12367"}],"wp:attachment":[{"href":"https:\/\/olemosaic.orbitalia.org\/pt-pt\/wp-json\/wp\/v2\/media?parent=28044"}],"wp:term":[{"taxonomy":"product_brand","embeddable":true,"href":"https:\/\/olemosaic.orbitalia.org\/pt-pt\/wp-json\/wp\/v2\/product_brand?post=28044"},{"taxonomy":"product_cat","embeddable":true,"href":"https:\/\/olemosaic.orbitalia.org\/pt-pt\/wp-json\/wp\/v2\/product_cat?post=28044"},{"taxonomy":"product_tag","embeddable":true,"href":"https:\/\/olemosaic.orbitalia.org\/pt-pt\/wp-json\/wp\/v2\/product_tag?post=28044"}],"curies":[{"name":"wp","href":"https:\/\/api.w.org\/{rel}","templated":true}]}}