{"id":28042,"date":"2025-02-20T23:29:25","date_gmt":"2025-02-20T22:29:25","guid":{"rendered":"https:\/\/olemosaic.orbitalia.org\/producto\/bol-de-ceramica-de-12-cm-punt-de-trobada-beige\/"},"modified":"2025-07-25T20:35:38","modified_gmt":"2025-07-25T18:35:38","slug":"taca-de-ceramica-de-12-cm-punt-de-trobada-bege","status":"publish","type":"product","link":"https:\/\/olemosaic.orbitalia.org\/pt-pt\/produto\/taca-de-ceramica-de-12-cm-punt-de-trobada-bege\/","title":{"rendered":"Ta\u00e7a de cer\u00e2mica de 12 cm. Punt de trobada. Bege"},"content":{"rendered":"<p>Esta atraente ta\u00e7a de cer\u00e2mica de 12 cm, inspirada no estilo art\u00edstico \u00abPunt de trobada\u00bb, \u00e9 uma pe\u00e7a que sem d\u00favida cativar\u00e1 os amantes do design contempor\u00e2neo. Com uma base de uma suave cor bege, esta ta\u00e7a \u00e9 adornada com um vibrante padr\u00e3o geom\u00e9trico que inclui vermelhos, azuis, amarelos e verdes, criando um contraste visual impactante. Cada ta\u00e7a \u00e9 esmaltada e pintada \u00e0 m\u00e3o, o que real\u00e7a a singularidade e autenticidade de cada pe\u00e7a, tornando-a uma obra de arte funcional.<\/p>\n<p>O design da ta\u00e7a n\u00e3o s\u00f3 se destaca pela sua est\u00e9tica, como tamb\u00e9m reflete a rica heran\u00e7a cultural de Espanha, especialmente no \u00e2mbito da cer\u00e2mica artesanal. A sua forma contempor\u00e2nea e a integra\u00e7\u00e3o de cores chamativas tornam-na ideal para servir aperitivos ou apresentar doces, conferindo um toque de alegria e car\u00e1cter a qualquer mesa ou evento. \u00c9 uma recorda\u00e7\u00e3o representativa da criatividade e da tradi\u00e7\u00e3o da cultura espanhola, ideal para quem visita as regi\u00f5es onde a cer\u00e2mica artesanal tem um profundo significado.<\/p>\n<p>Na Ol\u00e9 Mosaic, especializamo-nos na distribui\u00e7\u00e3o de recorda\u00e7\u00f5es por grosso, e esta ta\u00e7a de cer\u00e2mica \u00e9 uma op\u00e7\u00e3o perfeita para lojas de recorda\u00e7\u00f5es tur\u00edsticas. Esta ta\u00e7a de cer\u00e2mica \u00abPunt de trobada\u00bb \u00e9 uma magn\u00edfica adi\u00e7\u00e3o a qualquer cole\u00e7\u00e3o de recorda\u00e7\u00f5es que procure real\u00e7ar a autenticidade e relev\u00e2ncia cultural de Espanha, garantindo qualidade e originalidade em cada pe\u00e7a.<\/p>\n","protected":false},"excerpt":{"rendered":"<p>Ta\u00e7a de cer\u00e2mica de 12 cm, inspirada no estilo art\u00edstico de &#8220;Punt de trobada&#8221;. Esta atraente ta\u00e7a apresenta um design contempor\u00e2neo com uma base bege decorada com motivos geom\u00e9tricos e coloridos, incluindo vermelho, azul, amarelo e verde. A cer\u00e2mica \u00e9 esmaltada e de design artesanal, pintada \u00e0 m\u00e3o, o que real\u00e7a a singularidade de cada pe\u00e7a. Ideal para servir e apresentar aperitivos, esta ta\u00e7a acrescenta um toque de cor e criatividade a qualquer mesa.<\/p>\n","protected":false},"featured_media":10045,"template":"","meta":{"_acf_changed":false},"product_brand":[],"product_cat":[513],"product_tag":[515],"class_list":{"0":"post-28042","1":"product","2":"type-product","3":"status-publish","4":"has-post-thumbnail","6":"product_cat-bols","7":"product_tag-ceramica","8":"pa_motivo-punt-de-trobada","10":"first","11":"instock","12":"shipping-taxable","13":"product-type-simple"},"acf":[],"_links":{"self":[{"href":"https:\/\/olemosaic.orbitalia.org\/pt-pt\/wp-json\/wp\/v2\/product\/28042","targetHints":{"allow":["GET"]}}],"collection":[{"href":"https:\/\/olemosaic.orbitalia.org\/pt-pt\/wp-json\/wp\/v2\/product"}],"about":[{"href":"https:\/\/olemosaic.orbitalia.org\/pt-pt\/wp-json\/wp\/v2\/types\/product"}],"wp:featuredmedia":[{"embeddable":true,"href":"https:\/\/olemosaic.orbitalia.org\/pt-pt\/wp-json\/wp\/v2\/media\/10045"}],"wp:attachment":[{"href":"https:\/\/olemosaic.orbitalia.org\/pt-pt\/wp-json\/wp\/v2\/media?parent=28042"}],"wp:term":[{"taxonomy":"product_brand","embeddable":true,"href":"https:\/\/olemosaic.orbitalia.org\/pt-pt\/wp-json\/wp\/v2\/product_brand?post=28042"},{"taxonomy":"product_cat","embeddable":true,"href":"https:\/\/olemosaic.orbitalia.org\/pt-pt\/wp-json\/wp\/v2\/product_cat?post=28042"},{"taxonomy":"product_tag","embeddable":true,"href":"https:\/\/olemosaic.orbitalia.org\/pt-pt\/wp-json\/wp\/v2\/product_tag?post=28042"}],"curies":[{"name":"wp","href":"https:\/\/api.w.org\/{rel}","templated":true}]}}