{"id":28041,"date":"2025-02-20T23:29:25","date_gmt":"2025-02-20T22:29:25","guid":{"rendered":"https:\/\/olemosaic.orbitalia.org\/producto\/bola-de-navidad-con-caja-don-quijote\/"},"modified":"2025-07-25T19:59:22","modified_gmt":"2025-07-25T17:59:22","slug":"bola-de-natal-com-caixa-dom-quixote","status":"publish","type":"product","link":"https:\/\/olemosaic.orbitalia.org\/pt-pt\/produto\/bola-de-natal-com-caixa-dom-quixote\/","title":{"rendered":"Bola de Natal com caixa. Dom Quixote."},"content":{"rendered":"<p>Este adorno natal\u00edcio, a Bola de Natal decorativa com caixa inspirada na ic\u00f3nica personagem de Dom Quixote, \u00e9 uma bela representa\u00e7\u00e3o da rica tradi\u00e7\u00e3o cultural espanhola. A bola apresenta uma vibrante ilustra\u00e7\u00e3o do famoso cavaleiro sobre o seu fiel cavalo, emoldurada por um fundo de mosaico que evoca as aventuras e a fantasia do cl\u00e1ssico liter\u00e1rio. Os tons azuis, amarelos e verdes destacam-se na composi\u00e7\u00e3o, criando uma pe\u00e7a apelativa que real\u00e7a a ess\u00eancia de Quixote e a sua luta pelos ideais. Num dos seus lados, o alegre texto &#8220;DON&#8221; acrescenta um toque contempor\u00e2neo ao design.<\/p>\n<p>Al\u00e9m disso, esta bola de Natal inclui um elegante la\u00e7o roxo que permite pendur\u00e1-la facilmente, tornando-a um adorno perfeito para qualquer \u00e1rvore de Natal. Apresentada numa elegante caixa, \u00e9 uma op\u00e7\u00e3o ideal para oferecer, acrescentando um toque cultural e significativo \u00e0s celebra\u00e7\u00f5es festivas. A liga\u00e7\u00e3o a Dom Quixote n\u00e3o s\u00f3 proporciona um sentido de nostalgia liter\u00e1ria, como tamb\u00e9m estabelece um v\u00ednculo emocional com a rica heran\u00e7a espanhola. Na Ol\u00e9 Mosaic, oferecemos esta bola como uma recorda\u00e7\u00e3o aut\u00eantica que reflete a cultura e a tradi\u00e7\u00e3o espanhola, sendo uma excelente escolha para lojas de recorda\u00e7\u00f5es tur\u00edsticas que procuram artigos \u00fanicos e representativos.<\/p>\n","protected":false},"excerpt":{"rendered":"<p>Bola de Natal decorativa com caixa, inspirada na ic\u00f3nica personagem de Dom Quixote. Este adorno, de design moderno, apresenta uma colorida ilustra\u00e7\u00e3o do cavaleiro no seu cavalo, rodeado de elementos que evocam a sua aventura. Sobre um fundo de mosaico, destacam-se os vibrantes tons azul, amarelo e verde, acompanhados pelo texto &#8220;DON&#8221;. Inclui um la\u00e7o roxo para pendurar e uma elegante caixa para a sua apresenta\u00e7\u00e3o, ideal para oferecer.<\/p>\n","protected":false},"featured_media":9844,"template":"","meta":{"_acf_changed":false},"product_brand":[],"product_cat":[652],"product_tag":[642],"class_list":{"0":"post-28041","1":"product","2":"type-product","3":"status-publish","4":"has-post-thumbnail","6":"product_cat-bolas-de-natal","7":"product_tag-natal","8":"pa_motivo-dom-quixote","10":"first","11":"instock","12":"shipping-taxable","13":"product-type-simple"},"acf":[],"_links":{"self":[{"href":"https:\/\/olemosaic.orbitalia.org\/pt-pt\/wp-json\/wp\/v2\/product\/28041","targetHints":{"allow":["GET"]}}],"collection":[{"href":"https:\/\/olemosaic.orbitalia.org\/pt-pt\/wp-json\/wp\/v2\/product"}],"about":[{"href":"https:\/\/olemosaic.orbitalia.org\/pt-pt\/wp-json\/wp\/v2\/types\/product"}],"wp:featuredmedia":[{"embeddable":true,"href":"https:\/\/olemosaic.orbitalia.org\/pt-pt\/wp-json\/wp\/v2\/media\/9844"}],"wp:attachment":[{"href":"https:\/\/olemosaic.orbitalia.org\/pt-pt\/wp-json\/wp\/v2\/media?parent=28041"}],"wp:term":[{"taxonomy":"product_brand","embeddable":true,"href":"https:\/\/olemosaic.orbitalia.org\/pt-pt\/wp-json\/wp\/v2\/product_brand?post=28041"},{"taxonomy":"product_cat","embeddable":true,"href":"https:\/\/olemosaic.orbitalia.org\/pt-pt\/wp-json\/wp\/v2\/product_cat?post=28041"},{"taxonomy":"product_tag","embeddable":true,"href":"https:\/\/olemosaic.orbitalia.org\/pt-pt\/wp-json\/wp\/v2\/product_tag?post=28041"}],"curies":[{"name":"wp","href":"https:\/\/api.w.org\/{rel}","templated":true}]}}