{"id":28035,"date":"2025-02-20T22:29:25","date_gmt":"2025-02-20T22:29:25","guid":{"rendered":"https:\/\/olemosaic.orbitalia.org\/producto\/ref\/"},"modified":"2025-07-25T18:45:37","modified_gmt":"2025-07-25T16:45:37","slug":"bola-de-natal-com-caixa-caminho-de-santiago","status":"publish","type":"product","link":"https:\/\/olemosaic.orbitalia.org\/pt-pt\/produto\/bola-de-natal-com-caixa-caminho-de-santiago\/","title":{"rendered":"Bola de Natal com caixa. Caminho de Santiago."},"content":{"rendered":"<p>Este adorno circular decorativo, inspirado no Caminho de Santiago, \u00e9 uma bela representa\u00e7\u00e3o da rica cultura galega. Fabricado em cer\u00e2mica, apresenta um design vibrante e alegre que capta a ess\u00eancia da famosa peregrina\u00e7\u00e3o. Na sua ilustra\u00e7\u00e3o destaca-se um peregrino com bord\u00e3o, trajado com a capa t\u00edpica e uma mochila, s\u00edmbolos da travessia de quem empreende este m\u00edstico caminho rumo a Santiago de Compostela. O fundo do adorno exibe um encantador mosaico azul, evocando as cores do c\u00e9u galego e do mar.<\/p>\n<p>O texto &#8220;El Santiago&#8221;, num tom chamativo, est\u00e1 disposto estrategicamente na parte superior do adorno, refor\u00e7ando a sua liga\u00e7\u00e3o com o ic\u00f3nico destino e o seu significado cultural. A sua fita vermelha permite pendur\u00e1-lo facilmente, o que o torna um presente ideal para que os turistas o exibam nas suas casas, como recorda\u00e7\u00e3o das suas viv\u00eancias na Galiza. Esta recorda\u00e7\u00e3o n\u00e3o s\u00f3 celebra a experi\u00eancia do caminho, como tamb\u00e9m encapsula a autenticidade e o legado cultural de uma das rotas de peregrina\u00e7\u00e3o mais importantes do mundo.<\/p>\n<p>Na Ol\u00e9 Mosaic, orgulhamo-nos de oferecer produtos aut\u00eanticos e de qualidade que real\u00e7am o patrim\u00f3nio espanhol. Este adorno cer\u00e2mico \u00e9 a escolha perfeita para lojas de presentes tur\u00edsticos que procuram recorda\u00e7\u00f5es do Caminho de Santiago, refletindo um design original e um valor cultural significativo. Como grossistas de recorda\u00e7\u00f5es, garantimos que cada pe\u00e7a representa a ess\u00eancia das tradi\u00e7\u00f5es galegas, sendo uma excelente homenagem para todos aqueles que percorreram esta m\u00edstica rota.<\/p>\n","protected":false},"excerpt":{"rendered":"<p>Adorno circular decorativo, inspirado no Caminho de Santiago, com um design alegre e colorido. Fabricado em cer\u00e2mica, apresenta uma vibrante ilustra\u00e7\u00e3o de um peregrino com bord\u00e3o e mochila, destacando-se sobre um fundo de mosaico azul. O adorno inclui a inscri\u00e7\u00e3o &#8220;El Santiago&#8221; num tom chamativo e uma fita vermelha para pendurar facilmente. Perfeito para recordar a experi\u00eancia do caminho ou como recorda\u00e7\u00e3o da Galiza.<\/p>\n","protected":false},"featured_media":9845,"template":"","meta":{"_acf_changed":false},"product_brand":[],"product_cat":[652],"product_tag":[],"class_list":{"0":"post-28035","1":"product","2":"type-product","3":"status-publish","4":"has-post-thumbnail","6":"product_cat-bolas-de-natal","7":"pa_motivo-caminho-de-santiago","9":"first","10":"instock","11":"shipping-taxable","12":"product-type-simple"},"acf":[],"_links":{"self":[{"href":"https:\/\/olemosaic.orbitalia.org\/pt-pt\/wp-json\/wp\/v2\/product\/28035","targetHints":{"allow":["GET"]}}],"collection":[{"href":"https:\/\/olemosaic.orbitalia.org\/pt-pt\/wp-json\/wp\/v2\/product"}],"about":[{"href":"https:\/\/olemosaic.orbitalia.org\/pt-pt\/wp-json\/wp\/v2\/types\/product"}],"wp:featuredmedia":[{"embeddable":true,"href":"https:\/\/olemosaic.orbitalia.org\/pt-pt\/wp-json\/wp\/v2\/media\/9845"}],"wp:attachment":[{"href":"https:\/\/olemosaic.orbitalia.org\/pt-pt\/wp-json\/wp\/v2\/media?parent=28035"}],"wp:term":[{"taxonomy":"product_brand","embeddable":true,"href":"https:\/\/olemosaic.orbitalia.org\/pt-pt\/wp-json\/wp\/v2\/product_brand?post=28035"},{"taxonomy":"product_cat","embeddable":true,"href":"https:\/\/olemosaic.orbitalia.org\/pt-pt\/wp-json\/wp\/v2\/product_cat?post=28035"},{"taxonomy":"product_tag","embeddable":true,"href":"https:\/\/olemosaic.orbitalia.org\/pt-pt\/wp-json\/wp\/v2\/product_tag?post=28035"}],"curies":[{"name":"wp","href":"https:\/\/api.w.org\/{rel}","templated":true}]}}