{"id":28031,"date":"2025-02-20T23:29:24","date_gmt":"2025-02-20T22:29:24","guid":{"rendered":"https:\/\/olemosaic.orbitalia.org\/producto\/abridor-de-metal-valencia-pintado-a-mano-mosaico\/"},"modified":"2025-07-25T18:41:37","modified_gmt":"2025-07-25T16:41:37","slug":"abridor-de-metal-valencia-pintado-a-mao-mosaico","status":"publish","type":"product","link":"https:\/\/olemosaic.orbitalia.org\/pt-pt\/produto\/abridor-de-metal-valencia-pintado-a-mao-mosaico\/","title":{"rendered":"Abridor de metal. Val\u00eancia. Mosaico"},"content":{"rendered":"<p>Este abridor de metal pintado \u00e0 m\u00e3o \u00e9 uma pe\u00e7a \u00fanica que capta a ess\u00eancia vibrante de Val\u00eancia. O seu design incorpora a palavra &#8220;VAL\u00caNCIA&#8221; em letras estilizadas, adornadas com um atraente mosaico de cores: desde os tons quentes de laranja e vermelho at\u00e9 aos frescos azuis e verdes, este abridor irradia a energia e a alegria que caracterizam a cidade. A combina\u00e7\u00e3o de cores vivas n\u00e3o s\u00f3 presta homenagem \u00e0 rica tradi\u00e7\u00e3o art\u00edstica valenciana, mas tamb\u00e9m evoca a famosa cer\u00e2mica valenciana, conhecida pelos seus designs coloridos e pela sua beleza.<\/p>\n<p>O acabamento met\u00e1lico do abridor garante n\u00e3o s\u00f3 uma funcionalidade excecional para abrir garrafas, mas tamb\u00e9m um car\u00e1cter decorativo que o torna uma recorda\u00e7\u00e3o apelativa. O seu estilo art\u00edstico e cultural torna-o ideal tanto para uso pessoal como para exibir em qualquer canto da casa. Este abridor \u00e9 a recorda\u00e7\u00e3o perfeita para quem visita Val\u00eancia, pois recorda-lhes momentos especiais e a vivacidade da cidade cada vez que o usam.<\/p>\n<p>Na Ol\u00e9 Mosaic, somos destacados distribuidores de recorda\u00e7\u00f5es por grosso e oferecemos artigos como este abridor de metal pintado \u00e0 m\u00e3o, que representa a aut\u00eantica beleza cultural de Val\u00eancia. Este produto \u00e9 ideal para lojas de presentes tur\u00edsticos que procuram artigos originais e representativos. Atraia os seus clientes com este abridor, uma fus\u00e3o de funcionalidade e arte, que n\u00e3o \u00e9 apenas uma recorda\u00e7\u00e3o de Val\u00eancia, mas uma pe\u00e7a que celebra a cultura espanhola.<\/p>\n","protected":false},"excerpt":{"rendered":"<p>Abridor met\u00e1lico de design artesanal, pintado \u00e0 m\u00e3o, inspirado nas cores vibrantes de Val\u00eancia. Este elegante abridor de garrafas apresenta a palavra &#8220;VAL\u00caNCIA&#8221; em letras estilizadas, decoradas com um mosaico de cores vivas que incluem tons de laranja, vermelho, azul e verde. O design capta a ess\u00eancia da cidade, evocando a sua rica tradi\u00e7\u00e3o cultural e art\u00edstica. O seu acabamento met\u00e1lico n\u00e3o s\u00f3 o torna funcional, como tamb\u00e9m o converte numa atraente recorda\u00e7\u00e3o ou pe\u00e7a decorativa.<\/p>\n","protected":false},"featured_media":12041,"template":"","meta":{"_acf_changed":false},"product_brand":[],"product_cat":[801],"product_tag":[],"class_list":{"0":"post-28031","1":"product","2":"type-product","3":"status-publish","4":"has-post-thumbnail","6":"product_cat-abridores","7":"pa_ciudad-valencia","8":"pa_pais-espana","10":"first","11":"instock","12":"shipping-taxable","13":"product-type-simple"},"acf":[],"_links":{"self":[{"href":"https:\/\/olemosaic.orbitalia.org\/pt-pt\/wp-json\/wp\/v2\/product\/28031","targetHints":{"allow":["GET"]}}],"collection":[{"href":"https:\/\/olemosaic.orbitalia.org\/pt-pt\/wp-json\/wp\/v2\/product"}],"about":[{"href":"https:\/\/olemosaic.orbitalia.org\/pt-pt\/wp-json\/wp\/v2\/types\/product"}],"wp:featuredmedia":[{"embeddable":true,"href":"https:\/\/olemosaic.orbitalia.org\/pt-pt\/wp-json\/wp\/v2\/media\/12041"}],"wp:attachment":[{"href":"https:\/\/olemosaic.orbitalia.org\/pt-pt\/wp-json\/wp\/v2\/media?parent=28031"}],"wp:term":[{"taxonomy":"product_brand","embeddable":true,"href":"https:\/\/olemosaic.orbitalia.org\/pt-pt\/wp-json\/wp\/v2\/product_brand?post=28031"},{"taxonomy":"product_cat","embeddable":true,"href":"https:\/\/olemosaic.orbitalia.org\/pt-pt\/wp-json\/wp\/v2\/product_cat?post=28031"},{"taxonomy":"product_tag","embeddable":true,"href":"https:\/\/olemosaic.orbitalia.org\/pt-pt\/wp-json\/wp\/v2\/product_tag?post=28031"}],"curies":[{"name":"wp","href":"https:\/\/api.w.org\/{rel}","templated":true}]}}