{"id":28010,"date":"2025-02-20T23:29:24","date_gmt":"2025-02-20T22:29:24","guid":{"rendered":"https:\/\/olemosaic.orbitalia.org\/producto\/abridor-de-metal-barcelona-pintado-a-mano-mosaico-2\/"},"modified":"2025-07-25T19:00:43","modified_gmt":"2025-07-25T17:00:43","slug":"abridor-de-metal-barcelona-pintado-a-mao-mosaico-2","status":"publish","type":"product","link":"https:\/\/olemosaic.orbitalia.org\/pt-pt\/produto\/abridor-de-metal-barcelona-pintado-a-mao-mosaico-2\/","title":{"rendered":"Abridor de metal. Barcelona. Mosaico. Estilo mediterr\u00e2nico."},"content":{"rendered":"<p>Este abridor de metal pintado \u00e0 m\u00e3o \u00e9 uma pe\u00e7a encantadora que presta homenagem \u00e0 vibrante cidade de Barcelona. O seu design art\u00edstico apresenta a palavra &#8220;Barcelona&#8221; em letras coloridas, evocando a ess\u00eancia l\u00fadica e din\u00e2mica que caracteriza esta metr\u00f3pole. Cada letra \u00e9 meticulosamente decorada, imitando os famosos mosaicos que adornam locais emblem\u00e1ticos como o Parque G\u00fcell, o que transforma este acess\u00f3rio funcional numa obra de arte visual. Os tons brilhantes, do azul marinho ao vermelho intenso, n\u00e3o s\u00f3 atraem a aten\u00e7\u00e3o, como tamb\u00e9m celebram o esp\u00edrito criativo e alegre da cultura catal\u00e3.<\/p>\n<p>O abridor combina uma base de metal resistente com um acabamento met\u00e1lico polido, garantindo durabilidade sem sacrificar o seu apelo est\u00e9tico. Perfeito para usar em casa ou para levar a qualquer reuni\u00e3o social, este abridor n\u00e3o \u00e9 apenas pr\u00e1tico, mas tamb\u00e9m uma recorda\u00e7\u00e3o significativa da rica heran\u00e7a art\u00edstica de Barcelona.<\/p>\n<p>A Ol\u00e9 Mosaic orgulha-se de oferecer este tipo de souvenirs representativos, ideais para turistas que procuram levar um pedacinho da cultura local. Como grossista de recorda\u00e7\u00f5es, sabemos que este abridor de metal pintado \u00e0 m\u00e3o ser\u00e1 um excelente atrativo para as lojas que desejem oferecer produtos aut\u00eanticos e com uma forte liga\u00e7\u00e3o cultural. Atraia os seus clientes com este abridor que encapsula a ess\u00eancia de Barcelona, tornando-o um presente memor\u00e1vel e esteticamente cativante.<\/p>\n","protected":false},"excerpt":{"rendered":"<p>Abridor de metal com design artesanal, pintado \u00e0 m\u00e3o, inspirado na vibrante cidade de Barcelona. Este acess\u00f3rio combina funcionalidade e arte, mostrando a palavra &#8220;Barcelona&#8221; em letras coloridas com um design que evoca o famoso mosaico da cidade. Os tons vivos e o acabamento met\u00e1lico fazem deste abridor um souvenir atraente e um excelente presente para os amantes da cultura catal\u00e3. Perfeito para adicionar um toque de estilo a qualquer casa.<\/p>\n","protected":false},"featured_media":10420,"template":"","meta":{"_acf_changed":false},"product_brand":[],"product_cat":[801],"product_tag":[],"class_list":{"0":"post-28010","1":"product","2":"type-product","3":"status-publish","4":"has-post-thumbnail","6":"product_cat-abridores","7":"pa_ciudad-barcelona","8":"pa_pais-espana","10":"first","11":"instock","12":"shipping-taxable","13":"product-type-simple"},"acf":[],"_links":{"self":[{"href":"https:\/\/olemosaic.orbitalia.org\/pt-pt\/wp-json\/wp\/v2\/product\/28010","targetHints":{"allow":["GET"]}}],"collection":[{"href":"https:\/\/olemosaic.orbitalia.org\/pt-pt\/wp-json\/wp\/v2\/product"}],"about":[{"href":"https:\/\/olemosaic.orbitalia.org\/pt-pt\/wp-json\/wp\/v2\/types\/product"}],"wp:featuredmedia":[{"embeddable":true,"href":"https:\/\/olemosaic.orbitalia.org\/pt-pt\/wp-json\/wp\/v2\/media\/10420"}],"wp:attachment":[{"href":"https:\/\/olemosaic.orbitalia.org\/pt-pt\/wp-json\/wp\/v2\/media?parent=28010"}],"wp:term":[{"taxonomy":"product_brand","embeddable":true,"href":"https:\/\/olemosaic.orbitalia.org\/pt-pt\/wp-json\/wp\/v2\/product_brand?post=28010"},{"taxonomy":"product_cat","embeddable":true,"href":"https:\/\/olemosaic.orbitalia.org\/pt-pt\/wp-json\/wp\/v2\/product_cat?post=28010"},{"taxonomy":"product_tag","embeddable":true,"href":"https:\/\/olemosaic.orbitalia.org\/pt-pt\/wp-json\/wp\/v2\/product_tag?post=28010"}],"curies":[{"name":"wp","href":"https:\/\/api.w.org\/{rel}","templated":true}]}}