{"id":28009,"date":"2025-02-20T23:29:23","date_gmt":"2025-02-20T22:29:23","guid":{"rendered":"https:\/\/olemosaic.orbitalia.org\/producto\/abridor-de-metal-bailaora-barcelona-pintado-a-mano\/"},"modified":"2025-07-25T18:54:05","modified_gmt":"2025-07-25T16:54:05","slug":"abridor-de-metal-bailaora-barcelona-pintado-a-mao","status":"publish","type":"product","link":"https:\/\/olemosaic.orbitalia.org\/pt-pt\/produto\/abridor-de-metal-bailaora-barcelona-pintado-a-mao\/","title":{"rendered":"Abridor de metal. Bailaora. Barcelona."},"content":{"rendered":"<p>Este abridor de metal pintado \u00e0 m\u00e3o \u00e9 uma espl\u00eandida representa\u00e7\u00e3o da arte flamenca, inspirado na eleg\u00e2ncia de uma bailaora de Barcelona. Com um design vibrante, este acess\u00f3rio \u00e9 uma fus\u00e3o perfeita de funcionalidade e express\u00e3o art\u00edstica. A figura da bailaora, cuja postura evoca uma dan\u00e7a cheia de gra\u00e7a e energia, destaca-se numa paleta de cores chamativas que prestam homenagem ao vestido tradicional espanhol, repleto de matizes e texturas que capturam a ess\u00eancia do flamenco. Cada detalhe foi cuidadosamente pintado \u00e0 m\u00e3o, o que garante a singularidade e autenticidade de cada pe\u00e7a como recorda\u00e7\u00e3o.<\/p>\n<p>A inscri\u00e7\u00e3o &#8220;Barcelona&#8221; na parte superior n\u00e3o s\u00f3 identifica a sua cidade de origem, como tamb\u00e9m adiciona um toque pessoal e distintivo, tornando-o o presente perfeito para turistas que procuram levar um peda\u00e7o da cultura catal\u00e3. Este abridor \u00e9 muito mais do que um simples utens\u00edlio; \u00e9 uma recorda\u00e7\u00e3o tang\u00edvel da vivacidade e do esp\u00edrito da tradi\u00e7\u00e3o espanhola, ideal para quem deseja levar um pedacinho de Barcelona para casa.<\/p>\n<p>Na Ol\u00e9 Mosaic, especializados na distribui\u00e7\u00e3o por grosso de souvenirs aut\u00eanticos, oferecemos este abridor de metal como uma excelente op\u00e7\u00e3o para lojas de presentes tur\u00edsticos que procuram produtos \u00fanicos que reflitam o rico patrim\u00f3nio cultural de Espanha. Com a sua combina\u00e7\u00e3o de arte e fun\u00e7\u00e3o, este abridor de bailaora \u00e9 uma escolha imprescind\u00edvel para todos os amantes do flamenco e da cultura espanhola.<\/p>\n","protected":false},"excerpt":{"rendered":"<p>Abridor de metal com design artesanal, pintado \u00e0 m\u00e3o, inspirado numa elegante bailaora de flamenco de Barcelona. Este atraente acess\u00f3rio apresenta um design colorido com detalhes vibrantes que evocam o tradicional vestido da bailaora. A figura \u00e9 mostrada numa pose graciosa, e a inscri\u00e7\u00e3o &#8220;Barcelona&#8221; na parte superior adiciona um toque distintivo. Perfeito como souvenir ou para adicionar um toque cultural \u00e0 sua casa, este abridor combina funcionalidade e arte num \u00fanico objeto.<\/p>\n","protected":false},"featured_media":11189,"template":"","meta":{"_acf_changed":false},"product_brand":[],"product_cat":[801],"product_tag":[],"class_list":{"0":"post-28009","1":"product","2":"type-product","3":"status-publish","4":"has-post-thumbnail","6":"product_cat-abridores","7":"pa_ciudad-barcelona","8":"pa_motivo-dancarinos","9":"pa_pais-espana","11":"first","12":"instock","13":"shipping-taxable","14":"product-type-simple"},"acf":[],"_links":{"self":[{"href":"https:\/\/olemosaic.orbitalia.org\/pt-pt\/wp-json\/wp\/v2\/product\/28009","targetHints":{"allow":["GET"]}}],"collection":[{"href":"https:\/\/olemosaic.orbitalia.org\/pt-pt\/wp-json\/wp\/v2\/product"}],"about":[{"href":"https:\/\/olemosaic.orbitalia.org\/pt-pt\/wp-json\/wp\/v2\/types\/product"}],"wp:featuredmedia":[{"embeddable":true,"href":"https:\/\/olemosaic.orbitalia.org\/pt-pt\/wp-json\/wp\/v2\/media\/11189"}],"wp:attachment":[{"href":"https:\/\/olemosaic.orbitalia.org\/pt-pt\/wp-json\/wp\/v2\/media?parent=28009"}],"wp:term":[{"taxonomy":"product_brand","embeddable":true,"href":"https:\/\/olemosaic.orbitalia.org\/pt-pt\/wp-json\/wp\/v2\/product_brand?post=28009"},{"taxonomy":"product_cat","embeddable":true,"href":"https:\/\/olemosaic.orbitalia.org\/pt-pt\/wp-json\/wp\/v2\/product_cat?post=28009"},{"taxonomy":"product_tag","embeddable":true,"href":"https:\/\/olemosaic.orbitalia.org\/pt-pt\/wp-json\/wp\/v2\/product_tag?post=28009"}],"curies":[{"name":"wp","href":"https:\/\/api.w.org\/{rel}","templated":true}]}}