{"id":28006,"date":"2025-02-20T23:29:23","date_gmt":"2025-02-20T22:29:23","guid":{"rendered":"https:\/\/olemosaic.orbitalia.org\/producto\/abridor-de-metal-tenerife-pintado-a-mano-mosaico\/"},"modified":"2025-07-25T18:41:36","modified_gmt":"2025-07-25T16:41:36","slug":"abridor-de-metal-tenerife-pintado-a-mao-mosaico","status":"publish","type":"product","link":"https:\/\/olemosaic.orbitalia.org\/pt-pt\/produto\/abridor-de-metal-tenerife-pintado-a-mao-mosaico\/","title":{"rendered":"Abridor de metal. Tenerife. Mosaico"},"content":{"rendered":"<p>Este abridor de metal pintado \u00e0 m\u00e3o com o nome &#8220;Tenerife&#8221; \u00e9 uma homenagem vibrante \u00e0 beleza e diversidade da ilha can\u00e1ria. Desenhado com uma tipografia moderna e divertida, o abridor destaca uma paleta de cores que inclui vermelho, laranja, azul, verde e rosa, evocando o calor e a alegria do ambiente de Tenerife. O seu design, inspirado nos mosaicos can\u00e1rios, capta la ess\u00eancia da cultura local, tornando-o uma pe\u00e7a aut\u00eantica e representativa da regi\u00e3o.<\/p>\n<p>Cada detalhe do abridor reflete um trabalho artesanal minucioso, com as cores dispostas de forma harmoniosa para criar um efeito visual estimulante. A combina\u00e7\u00e3o de cores vivas, que recorda as paisagens tropicais e a vibrante flora de Tenerife, torna-o n\u00e3o apenas um utens\u00edlio funcional, mas uma obra de arte que pode embelezar qualquer casa.<\/p>\n<p>Este abridor \u00e9 uma excelente op\u00e7\u00e3o de recorda\u00e7\u00e3o para quem procura levar um peda\u00e7o de Tenerife, ideal para turistas que desejam um souvenir que combine beleza e utilidade. Na Ol\u00e9 Mosaic, somos distribuidores especializados em souvenirs de qualidade, oferecendo este abridor de Tenerife como um produto aut\u00eantico e significativo. Perfeito para lojas de presentes tur\u00edsticos que procuram artigos \u00fanicos que capturem a ess\u00eancia da cultura can\u00e1ria, este souvenir destaca a autenticidade e a arte local, fazendo com que cada utiliza\u00e7\u00e3o do abridor seja uma recorda\u00e7\u00e3o do clima m\u00e1gico da ilha.<\/p>\n","protected":false},"excerpt":{"rendered":"<p>Abridor de metal com design artesanal, pintado \u00e0 m\u00e3o, com o nome &#8220;Tenerife&#8221; em cores vibrantes, inspirado nos mosaicos can\u00e1rios. Este atraente abridor apresenta uma tipografia divertida e moderna, com uma combina\u00e7\u00e3o de tons de vermelho, laranja, azul, verde e rosa que evocam o calor e a diversidade da ilha. Ideal como recorda\u00e7\u00e3o ou para adicionar um toque colorido \u00e0 sua casa, combina funcionalidade e arte num \u00fanico acess\u00f3rio.<\/p>\n","protected":false},"featured_media":12038,"template":"","meta":{"_acf_changed":false},"product_brand":[],"product_cat":[801],"product_tag":[],"class_list":{"0":"post-28006","1":"product","2":"type-product","3":"status-publish","4":"has-post-thumbnail","6":"product_cat-abridores","7":"pa_ciudad-tenerife","8":"pa_pais-espana","10":"first","11":"instock","12":"shipping-taxable","13":"product-type-simple"},"acf":[],"_links":{"self":[{"href":"https:\/\/olemosaic.orbitalia.org\/pt-pt\/wp-json\/wp\/v2\/product\/28006","targetHints":{"allow":["GET"]}}],"collection":[{"href":"https:\/\/olemosaic.orbitalia.org\/pt-pt\/wp-json\/wp\/v2\/product"}],"about":[{"href":"https:\/\/olemosaic.orbitalia.org\/pt-pt\/wp-json\/wp\/v2\/types\/product"}],"wp:featuredmedia":[{"embeddable":true,"href":"https:\/\/olemosaic.orbitalia.org\/pt-pt\/wp-json\/wp\/v2\/media\/12038"}],"wp:attachment":[{"href":"https:\/\/olemosaic.orbitalia.org\/pt-pt\/wp-json\/wp\/v2\/media?parent=28006"}],"wp:term":[{"taxonomy":"product_brand","embeddable":true,"href":"https:\/\/olemosaic.orbitalia.org\/pt-pt\/wp-json\/wp\/v2\/product_brand?post=28006"},{"taxonomy":"product_cat","embeddable":true,"href":"https:\/\/olemosaic.orbitalia.org\/pt-pt\/wp-json\/wp\/v2\/product_cat?post=28006"},{"taxonomy":"product_tag","embeddable":true,"href":"https:\/\/olemosaic.orbitalia.org\/pt-pt\/wp-json\/wp\/v2\/product_tag?post=28006"}],"curies":[{"name":"wp","href":"https:\/\/api.w.org\/{rel}","templated":true}]}}