{"id":27995,"date":"2025-02-20T23:29:23","date_gmt":"2025-02-20T22:29:23","guid":{"rendered":"https:\/\/olemosaic.orbitalia.org\/producto\/abridor-de-metal-toro-epoxy-3\/"},"modified":"2025-07-25T19:33:49","modified_gmt":"2025-07-25T17:33:49","slug":"abridor-de-metal-touro-espanha-epoxi","status":"publish","type":"product","link":"https:\/\/olemosaic.orbitalia.org\/pt-pt\/produto\/abridor-de-metal-touro-espanha-epoxi\/","title":{"rendered":"Abridor de metal. Touro. Espanha. Ep\u00f3xi."},"content":{"rendered":"<p>Este abridor met\u00e1lico, inspirado na majestade do touro espanhol, \u00e9 uma pe\u00e7a \u00fanica e vibrante que captura a ess\u00eancia do folclore espanhol em cada detalhe. Com um intrincado design em resina ep\u00f3xi, apresenta uma cabe\u00e7a de touro decorada com um colorido mosaico de tons azuis, vermelhos e amarelos, evocando a rica tradi\u00e7\u00e3o cultural do pa\u00eds. Os padr\u00f5es geom\u00e9tricos que adornam a superf\u00edcie do touro n\u00e3o s\u00f3 s\u00e3o visualmente impactantes, como tamb\u00e9m representam a paix\u00e3o e o orgulho que os espanh\u00f3is sentem por este emblem\u00e1tico s\u00edmbolo da sua cultura.<\/p>\n<p>Na parte superior do abridor, a palavra &#8220;ESPA\u00d1A&#8221; escrita de forma elegante acrescenta um toque adicional de autenticidade e significado. Este artigo n\u00e3o s\u00f3 cumpre a fun\u00e7\u00e3o de abridor, como tamb\u00e9m serve como pe\u00e7a decorativa, real\u00e7ando qualquer espa\u00e7o, seja um bar, uma cozinha ou uma cole\u00e7\u00e3o de recorda\u00e7\u00f5es. Como representante do folclore espanhol, \u00e9 um presente ideal para quem procura levar um peda\u00e7o da cultura de Espanha.<\/p>\n<p>Na Ol\u00e9 Mosaic, especializamo-nos na distribui\u00e7\u00e3o de recorda\u00e7\u00f5es por grosso, oferecendo produtos aut\u00eanticos que capturam a ess\u00eancia de cada regi\u00e3o. Este abridor de touro \u00e9 uma excelente op\u00e7\u00e3o para lojas de presentes tur\u00edsticos que procuram artigos distintivos e cheios de significado cultural. Com o seu design atrativo e a sua relev\u00e2ncia simb\u00f3lica, \u00e9 uma recorda\u00e7\u00e3o perfeita para todos aqueles que desejem recordar a sua visita a Espanha.<\/p>\n","protected":false},"excerpt":{"rendered":"<p>Abridor de metal inspirado na majestade do touro espanhol, decorado com um vibrante design em ep\u00f3xi. Este produto apresenta a cabe\u00e7a de um touro com um intrincado padr\u00e3o de mosaico que inclui cores vivas como o azul, o vermelho e o amarelo, evocando a ess\u00eancia do folclore espanhol. Na parte superior l\u00ea-se &#8220;ESPA\u00d1A&#8221;, complementando o seu apelo decorativo e funcional. Ideal como recorda\u00e7\u00e3o ou para adicionar um toque cultural ao seu lar.<\/p>\n","protected":false},"featured_media":6331,"template":"","meta":{"_acf_changed":false},"product_brand":[],"product_cat":[801],"product_tag":[516],"class_list":{"0":"post-27995","1":"product","2":"type-product","3":"status-publish","4":"has-post-thumbnail","6":"product_cat-abridores","7":"product_tag-animais","8":"pa_motivo-touros","10":"first","11":"instock","12":"shipping-taxable","13":"product-type-simple"},"acf":[],"_links":{"self":[{"href":"https:\/\/olemosaic.orbitalia.org\/pt-pt\/wp-json\/wp\/v2\/product\/27995","targetHints":{"allow":["GET"]}}],"collection":[{"href":"https:\/\/olemosaic.orbitalia.org\/pt-pt\/wp-json\/wp\/v2\/product"}],"about":[{"href":"https:\/\/olemosaic.orbitalia.org\/pt-pt\/wp-json\/wp\/v2\/types\/product"}],"wp:featuredmedia":[{"embeddable":true,"href":"https:\/\/olemosaic.orbitalia.org\/pt-pt\/wp-json\/wp\/v2\/media\/6331"}],"wp:attachment":[{"href":"https:\/\/olemosaic.orbitalia.org\/pt-pt\/wp-json\/wp\/v2\/media?parent=27995"}],"wp:term":[{"taxonomy":"product_brand","embeddable":true,"href":"https:\/\/olemosaic.orbitalia.org\/pt-pt\/wp-json\/wp\/v2\/product_brand?post=27995"},{"taxonomy":"product_cat","embeddable":true,"href":"https:\/\/olemosaic.orbitalia.org\/pt-pt\/wp-json\/wp\/v2\/product_cat?post=27995"},{"taxonomy":"product_tag","embeddable":true,"href":"https:\/\/olemosaic.orbitalia.org\/pt-pt\/wp-json\/wp\/v2\/product_tag?post=27995"}],"curies":[{"name":"wp","href":"https:\/\/api.w.org\/{rel}","templated":true}]}}