{"id":27993,"date":"2025-02-20T23:29:23","date_gmt":"2025-02-20T22:29:23","guid":{"rendered":"https:\/\/olemosaic.orbitalia.org\/producto\/abridor-de-metal-toro-madrid-epoxy-rojo-2\/"},"modified":"2025-07-25T19:30:32","modified_gmt":"2025-07-25T17:30:32","slug":"abridor-de-metal-touro-madrid-epoxi-vermelho-pt-pt","status":"publish","type":"product","link":"https:\/\/olemosaic.orbitalia.org\/pt-pt\/produto\/abridor-de-metal-touro-madrid-epoxi-vermelho-pt-pt\/","title":{"rendered":"Abridor de metal. Touro. Madrid. Espanha. Ep\u00f3xi. Vermelho"},"content":{"rendered":"<p>Este abridor met\u00e1lico com forma de touro \u00e9 uma recorda\u00e7\u00e3o emblem\u00e1tica que captura a vibrante ess\u00eancia de Madrid, sendo ao mesmo tempo um acess\u00f3rio funcional e art\u00edstico. Projetado com uma t\u00e9cnica de ep\u00f3xi, a sua superf\u00edcie resplandece em tons de vermelho, amarelo e laranja, criando um atrativo mosaico que se destaca em qualquer cole\u00e7\u00e3o. A parte superior do abridor ostenta a inscri\u00e7\u00e3o &#8220;MADRID&#8221;, um toque distintivo que evoca a capital espanhola.<\/p>\n<p>O touro \u00e9 um s\u00edmbolo tur\u00edstico de Madrid, representando tanto a tradi\u00e7\u00e3o da tauromaquia como o esp\u00edrito indom\u00e1vel da cultura espanhola. Cada detalhe do design \u00e9 meticulosamente elaborado, desde os grandes olhos do touro, que parecem ganhar vida, at\u00e9 aos chifres que se erguem com autoridade, tudo numa express\u00e3o art\u00edstica que reflete a rica heran\u00e7a folcl\u00f3rica da cidade. Este abridor n\u00e3o \u00e9 apenas ideal para abrir garrafas, mas tamb\u00e9m um objeto decorativo que evoca o esp\u00edrito festivo das celebra\u00e7\u00f5es madrilenas.<\/p>\n<p>Na Ol\u00e9 Mosaic, como grossistas de recorda\u00e7\u00f5es funcionais e aut\u00eanticas, oferecemos este abridor de touro a lojas de presentes tur\u00edsticos que procuram produtos que capturem a ess\u00eancia cultural de Madrid. \u00c9 a op\u00e7\u00e3o perfeita para quem procura recorda\u00e7\u00f5es significativas e representativas da sua visita \u00e0 cidade, unindo utilidade e um design art\u00edstico atrativo.<\/p>\n","protected":false},"excerpt":{"rendered":"<p>Abridor met\u00e1lico com forma de touro, um \u00edcone madrileno. Este atrativo abridor destaca-se pelo seu design colorido, elaborado com uma t\u00e9cnica de ep\u00f3xi que real\u00e7a os tons de vermelho, amarelo e laranja, criando um vibrante efeito de mosaico. Na parte superior, a palavra &#8220;MADRID&#8221; acrescenta um toque distintivo. Ideal para quem procura uma recorda\u00e7\u00e3o funcional e art\u00edstica que capture a ess\u00eancia do folclore madrileno.<\/p>\n","protected":false},"featured_media":6537,"template":"","meta":{"_acf_changed":false},"product_brand":[],"product_cat":[801],"product_tag":[516],"class_list":{"0":"post-27993","1":"product","2":"type-product","3":"status-publish","4":"has-post-thumbnail","6":"product_cat-abridores","7":"product_tag-animais","8":"pa_ciudad-madrid","9":"pa_motivo-touros","10":"pa_pais-espana","12":"first","13":"instock","14":"shipping-taxable","15":"product-type-simple"},"acf":[],"_links":{"self":[{"href":"https:\/\/olemosaic.orbitalia.org\/pt-pt\/wp-json\/wp\/v2\/product\/27993","targetHints":{"allow":["GET"]}}],"collection":[{"href":"https:\/\/olemosaic.orbitalia.org\/pt-pt\/wp-json\/wp\/v2\/product"}],"about":[{"href":"https:\/\/olemosaic.orbitalia.org\/pt-pt\/wp-json\/wp\/v2\/types\/product"}],"wp:featuredmedia":[{"embeddable":true,"href":"https:\/\/olemosaic.orbitalia.org\/pt-pt\/wp-json\/wp\/v2\/media\/6537"}],"wp:attachment":[{"href":"https:\/\/olemosaic.orbitalia.org\/pt-pt\/wp-json\/wp\/v2\/media?parent=27993"}],"wp:term":[{"taxonomy":"product_brand","embeddable":true,"href":"https:\/\/olemosaic.orbitalia.org\/pt-pt\/wp-json\/wp\/v2\/product_brand?post=27993"},{"taxonomy":"product_cat","embeddable":true,"href":"https:\/\/olemosaic.orbitalia.org\/pt-pt\/wp-json\/wp\/v2\/product_cat?post=27993"},{"taxonomy":"product_tag","embeddable":true,"href":"https:\/\/olemosaic.orbitalia.org\/pt-pt\/wp-json\/wp\/v2\/product_tag?post=27993"}],"curies":[{"name":"wp","href":"https:\/\/api.w.org\/{rel}","templated":true}]}}