{"id":27991,"date":"2025-02-20T22:29:22","date_gmt":"2025-02-20T22:29:22","guid":{"rendered":"https:\/\/olemosaic.orbitalia.org\/producto\/abridor-de-metal-salamandra-epoxy-naranja\/"},"modified":"2025-07-25T18:41:37","modified_gmt":"2025-07-25T16:41:37","slug":"abridor-de-metal-salamandra-epoxi-laranja","status":"publish","type":"product","link":"https:\/\/olemosaic.orbitalia.org\/pt-pt\/produto\/abridor-de-metal-salamandra-epoxi-laranja\/","title":{"rendered":"Abridor de metal. Salamandra. Ep\u00f3xi. Laranja"},"content":{"rendered":"<p>Este abridor met\u00e1lico com forma de salamandra \u00e9 uma aut\u00eantica recorda\u00e7\u00e3o que reflete a vibrante fauna mediterr\u00e2nica espanhola. Com um design cativante, adornado com um mosaico de cores que inclui tons de laranja e amarelo, este artigo n\u00e3o \u00e9 apenas uma ferramenta funcional, mas tamb\u00e9m uma pe\u00e7a de arte. O acabamento em ep\u00f3xi proporciona uma resist\u00eancia adicional, garantindo que a sua beleza perdure com o tempo. Cada detalhe do design \u00e9 meticulosamente elaborado, mostrando uma salamandra numa postura din\u00e2mica, com as patas estendidas e a cauda curvada, o que lhe confere um ar de movimento e energia.<\/p>\n<p>A salamandra, s\u00edmbolo de adaptabilidade e vida no calor, est\u00e1 estreitamente associada ao ambiente mediterr\u00e2nico, evocando as regi\u00f5es quentes de Espanha onde estes r\u00e9pteis s\u00e3o comuns. Este abridor \u00e9 mais do que um simples acess\u00f3rio; \u00e9 uma representa\u00e7\u00e3o da rica biodiversidade e da cultura local. Ideal para quem procura recordar as suas viagens, esta recorda\u00e7\u00e3o \u00e9 uma excelente op\u00e7\u00e3o para turistas e colecionadores.<\/p>\n<p>Na Ol\u00e9 Mosaic, oferecemos uma sele\u00e7\u00e3o de recorda\u00e7\u00f5es aut\u00eanticas e encantadoras. Este abridor de salamandra \u00e9 uma representa\u00e7\u00e3o perfeita do nosso compromisso com a qualidade e o artesanato. Como grossista de recorda\u00e7\u00f5es, este produto \u00e9 ideal para lojas de presentes tur\u00edsticos que procuram artigos atrativos e relevantes para os seus clientes.<\/p>\n","protected":false},"excerpt":{"rendered":"<p>Abridor met\u00e1lico com forma de salamandra, decorado com um vibrante design de mosaico em tons de laranja e amarelo. Este atrativo acess\u00f3rio conta com um acabamento em ep\u00f3xi que lhe proporciona resist\u00eancia e durabilidade, al\u00e9m de real\u00e7ar a beleza do seu padr\u00e3o colorido. Inspirado na fauna mediterr\u00e2nica, este abridor \u00e9 uma excelente recorda\u00e7\u00e3o que combina funcionalidade e arte, ideal para evocar o encanto das regi\u00f5es quentes de Espanha.<\/p>\n","protected":false},"featured_media":8689,"template":"","meta":{"_acf_changed":false},"product_brand":[],"product_cat":[801],"product_tag":[516],"class_list":{"0":"post-27991","1":"product","2":"type-product","3":"status-publish","4":"has-post-thumbnail","6":"product_cat-abridores","7":"product_tag-animais","8":"pa_motivo-salamandras","10":"first","11":"instock","12":"shipping-taxable","13":"product-type-simple"},"acf":[],"_links":{"self":[{"href":"https:\/\/olemosaic.orbitalia.org\/pt-pt\/wp-json\/wp\/v2\/product\/27991","targetHints":{"allow":["GET"]}}],"collection":[{"href":"https:\/\/olemosaic.orbitalia.org\/pt-pt\/wp-json\/wp\/v2\/product"}],"about":[{"href":"https:\/\/olemosaic.orbitalia.org\/pt-pt\/wp-json\/wp\/v2\/types\/product"}],"wp:featuredmedia":[{"embeddable":true,"href":"https:\/\/olemosaic.orbitalia.org\/pt-pt\/wp-json\/wp\/v2\/media\/8689"}],"wp:attachment":[{"href":"https:\/\/olemosaic.orbitalia.org\/pt-pt\/wp-json\/wp\/v2\/media?parent=27991"}],"wp:term":[{"taxonomy":"product_brand","embeddable":true,"href":"https:\/\/olemosaic.orbitalia.org\/pt-pt\/wp-json\/wp\/v2\/product_brand?post=27991"},{"taxonomy":"product_cat","embeddable":true,"href":"https:\/\/olemosaic.orbitalia.org\/pt-pt\/wp-json\/wp\/v2\/product_cat?post=27991"},{"taxonomy":"product_tag","embeddable":true,"href":"https:\/\/olemosaic.orbitalia.org\/pt-pt\/wp-json\/wp\/v2\/product_tag?post=27991"}],"curies":[{"name":"wp","href":"https:\/\/api.w.org\/{rel}","templated":true}]}}