{"id":27976,"date":"2025-02-20T23:29:21","date_gmt":"2025-02-20T22:29:21","guid":{"rendered":"https:\/\/olemosaic.orbitalia.org\/producto\/abridor-de-metal-bailaora-madrid-epoxy-2\/"},"modified":"2025-07-25T19:30:45","modified_gmt":"2025-07-25T17:30:45","slug":"abridor-de-metal-bailarina-madrid-epoxi-2","status":"publish","type":"product","link":"https:\/\/olemosaic.orbitalia.org\/pt-pt\/produto\/abridor-de-metal-bailarina-madrid-epoxi-2\/","title":{"rendered":"Abridor de metal. Bailarina. Flamenco. Madrid. Ep\u00f3xi."},"content":{"rendered":"<p>Este abridor de metal, decorado com uma elegante bailarina, capta a ess\u00eancia vibrante do flamenco madrileno, tornando-se um souvenir aut\u00eantico e pr\u00e1tico. Concebido com acabamento em ep\u00f3xi, o abridor apresenta uma grava\u00e7\u00e3o colorida e detalhada da bailarina, vestida com um espetacular vestido adornado com formas geom\u00e9tricas e diversos padr\u00f5es que evocam a paix\u00e3o e a alegria desta dan\u00e7a tradicional espanhola. As cores vibrantes vermelho, azul, verde e amarelo destacam-se no seu design, tornando cada pe\u00e7a \u00fanica e apelativa.<\/p>\n<p>A palavra &#8220;MADRID&#8221;, impressa com letras amig\u00e1veis na parte superior, acrescenta um toque distintivo e refor\u00e7a a sua liga\u00e7\u00e3o com a capital espanhola. Este abre-garrafas n\u00e3o s\u00f3 cumpre uma fun\u00e7\u00e3o pr\u00e1tica em celebra\u00e7\u00f5es e reuni\u00f5es, como tamb\u00e9m \u00e9 uma recorda\u00e7\u00e3o das tradi\u00e7\u00f5es culturais de Espanha, especialmente da arte do flamenco, emblem\u00e1tica da identidade madrilena.<\/p>\n<p>Na Ol\u00e9 Mosaic orgulhamo-nos de oferecer souvenirs aut\u00eanticos que refletem a rica heran\u00e7a cultural de Espanha. Esta pe\u00e7a \u00e9 uma excelente op\u00e7\u00e3o para lojas de presentes tur\u00edsticos que procuram produtos representativos e de qualidade. Como grossistas de souvenirs, garantimos que cada abridor de bailarina seja um atrativo digno de ser apresentado em qualquer montra.<\/p>\n","protected":false},"excerpt":{"rendered":"<p>Abridor met\u00e1lico decorado com uma elegante bailarina, que representa a ess\u00eancia do flamenco madrileno. O design inclui cores vibrantes e um acabamento em ep\u00f3xi que real\u00e7a os detalhes do vestido da bailarina, repleto de formas geom\u00e9tricas e padr\u00f5es coloridos. A palavra &#8220;MADRID&#8221; est\u00e1 impressa na parte superior, acrescentando um toque distintivo a este pr\u00e1tico souvenir, ideal para celebra\u00e7\u00f5es ou como presente.<\/p>\n","protected":false},"featured_media":6498,"template":"","meta":{"_acf_changed":false},"product_brand":[],"product_cat":[801],"product_tag":[],"class_list":{"0":"post-27976","1":"product","2":"type-product","3":"status-publish","4":"has-post-thumbnail","6":"product_cat-abridores","7":"pa_ciudad-madrid","8":"pa_motivo-dancarinos","9":"pa_pais-espana","11":"first","12":"instock","13":"shipping-taxable","14":"product-type-simple"},"acf":[],"_links":{"self":[{"href":"https:\/\/olemosaic.orbitalia.org\/pt-pt\/wp-json\/wp\/v2\/product\/27976","targetHints":{"allow":["GET"]}}],"collection":[{"href":"https:\/\/olemosaic.orbitalia.org\/pt-pt\/wp-json\/wp\/v2\/product"}],"about":[{"href":"https:\/\/olemosaic.orbitalia.org\/pt-pt\/wp-json\/wp\/v2\/types\/product"}],"wp:featuredmedia":[{"embeddable":true,"href":"https:\/\/olemosaic.orbitalia.org\/pt-pt\/wp-json\/wp\/v2\/media\/6498"}],"wp:attachment":[{"href":"https:\/\/olemosaic.orbitalia.org\/pt-pt\/wp-json\/wp\/v2\/media?parent=27976"}],"wp:term":[{"taxonomy":"product_brand","embeddable":true,"href":"https:\/\/olemosaic.orbitalia.org\/pt-pt\/wp-json\/wp\/v2\/product_brand?post=27976"},{"taxonomy":"product_cat","embeddable":true,"href":"https:\/\/olemosaic.orbitalia.org\/pt-pt\/wp-json\/wp\/v2\/product_cat?post=27976"},{"taxonomy":"product_tag","embeddable":true,"href":"https:\/\/olemosaic.orbitalia.org\/pt-pt\/wp-json\/wp\/v2\/product_tag?post=27976"}],"curies":[{"name":"wp","href":"https:\/\/api.w.org\/{rel}","templated":true}]}}