{"id":27911,"date":"2025-02-20T22:29:18","date_gmt":"2025-02-20T22:29:18","guid":{"rendered":"https:\/\/olemosaic.orbitalia.org\/producto\/abridor-de-metal-toro-madrid-epoxy\/"},"modified":"2025-07-25T18:34:32","modified_gmt":"2025-07-25T16:34:32","slug":"abridor-de-metal-touro-madrid-epoxi","status":"publish","type":"product","link":"https:\/\/olemosaic.orbitalia.org\/pt-pt\/produto\/abridor-de-metal-touro-madrid-epoxi\/","title":{"rendered":"Abridor de metal. Touro. Madrid. Ep\u00f3xi."},"content":{"rendered":"<p>Este abridor met\u00e1lico com design de touros \u00e9 uma recorda\u00e7\u00e3o vibrante de Madrid que encapsula a rica tradi\u00e7\u00e3o taurom\u00e1quica de Espanha. Com um estilo art\u00edstico que evoca a beleza de um mosaico, este abridor apresenta um cativante jogo de tonalidades vermelhas, azuis, verdes e amarelas, oferecendo um acabamento festivo que atrai a aten\u00e7\u00e3o. Na parte superior, a palavra &#8220;MADRID&#8221; real\u00e7a a liga\u00e7\u00e3o com a emblem\u00e1tica cidade, estabelecendo de imediato a sua identidade cultural.<\/p>\n<p>O design, elaborado com ep\u00f3xi, n\u00e3o s\u00f3 proporciona um aspeto visual atraente, como tamb\u00e9m assegura a durabilidade do produto, tornando-o num objeto funcional e resistente para o uso di\u00e1rio. A representa\u00e7\u00e3o dos dois touros, que se erguem com orgulho, simboliza a for\u00e7a e o car\u00e1cter do folclore madrileno, fazendo deste abridor uma pe\u00e7a de conversa ideal em qualquer reuni\u00e3o.<\/p>\n<p>Este abridor \u00e9 mais do que um simples utens\u00edlio: \u00e9 uma recorda\u00e7\u00e3o aut\u00eantica e representativa da cultura espanhola, perfeito para turistas que procuram levar um pedacinho de Madrid. Na Ol\u00e9 Mosaic, como grossistas de recorda\u00e7\u00f5es de qualidade, este abridor de touros torna-se uma excelente op\u00e7\u00e3o para lojas de presentes tur\u00edsticos que desejam oferecer produtos que capturam a ess\u00eancia da tradi\u00e7\u00e3o espanhola.<\/p>\n","protected":false},"excerpt":{"rendered":"<p>Abridor met\u00e1lico com design de dois touros de cores vibrantes, inspirado na cultura madrilena. Este abridor, decorado com ep\u00f3xi, apresenta um estilo art\u00edstico que recorda um mosaico, com tons vermelhos, azuis, verdes e amarelos. Na parte superior destaca-se a palavra &#8220;MADRID&#8221;, em refer\u00eancia \u00e0 emblem\u00e1tica cidade. Uma recorda\u00e7\u00e3o funcional e atraente que representa a tradi\u00e7\u00e3o taurom\u00e1quica espanhola.<\/p>\n","protected":false},"featured_media":8812,"template":"","meta":{"_acf_changed":false},"product_brand":[],"product_cat":[801],"product_tag":[516],"class_list":{"0":"post-27911","1":"product","2":"type-product","3":"status-publish","4":"has-post-thumbnail","6":"product_cat-abridores","7":"product_tag-animais","8":"pa_ciudad-madrid","9":"pa_motivo-touros","10":"pa_pais-espana","12":"first","13":"instock","14":"shipping-taxable","15":"product-type-simple"},"acf":[],"_links":{"self":[{"href":"https:\/\/olemosaic.orbitalia.org\/pt-pt\/wp-json\/wp\/v2\/product\/27911","targetHints":{"allow":["GET"]}}],"collection":[{"href":"https:\/\/olemosaic.orbitalia.org\/pt-pt\/wp-json\/wp\/v2\/product"}],"about":[{"href":"https:\/\/olemosaic.orbitalia.org\/pt-pt\/wp-json\/wp\/v2\/types\/product"}],"wp:featuredmedia":[{"embeddable":true,"href":"https:\/\/olemosaic.orbitalia.org\/pt-pt\/wp-json\/wp\/v2\/media\/8812"}],"wp:attachment":[{"href":"https:\/\/olemosaic.orbitalia.org\/pt-pt\/wp-json\/wp\/v2\/media?parent=27911"}],"wp:term":[{"taxonomy":"product_brand","embeddable":true,"href":"https:\/\/olemosaic.orbitalia.org\/pt-pt\/wp-json\/wp\/v2\/product_brand?post=27911"},{"taxonomy":"product_cat","embeddable":true,"href":"https:\/\/olemosaic.orbitalia.org\/pt-pt\/wp-json\/wp\/v2\/product_cat?post=27911"},{"taxonomy":"product_tag","embeddable":true,"href":"https:\/\/olemosaic.orbitalia.org\/pt-pt\/wp-json\/wp\/v2\/product_tag?post=27911"}],"curies":[{"name":"wp","href":"https:\/\/api.w.org\/{rel}","templated":true}]}}