{"id":27860,"date":"2025-02-20T23:29:16","date_gmt":"2025-02-20T22:29:16","guid":{"rendered":"https:\/\/olemosaic.orbitalia.org\/producto\/4-bols-de-coco-de-13-x-6-cm-sardina-lisboa\/"},"modified":"2025-07-25T18:48:21","modified_gmt":"2025-07-25T16:48:21","slug":"4-tacas-de-coco-de-13-x-6-cm-sardinha-lisboa","status":"publish","type":"product","link":"https:\/\/olemosaic.orbitalia.org\/pt-pt\/produto\/4-tacas-de-coco-de-13-x-6-cm-sardinha-lisboa\/","title":{"rendered":"4 Ta\u00e7as de coco de 13 x 6 cm. Sardinha. Lisboa."},"content":{"rendered":"<p>Estas coloridas e decorativas ta\u00e7as de coco de 13 x 6 cm s\u00e3o uma aut\u00eantica homenagem \u00e0 vibrante cultura lisboeta. Cada conjunto inclui quatro ta\u00e7as, cada uma com um alegre design que destaca uma sardinha no centro, um s\u00edmbolo ic\u00f3nico do patrim\u00f3nio gastron\u00f3mico de Portugal. Rodeadas por um encantador fundo repleto de cora\u00e7\u00f5es, as ta\u00e7as est\u00e3o dispon\u00edveis numa gama de cores vibrantes, como azul, vermelho, f\u00facsia e laranja, que conferem um toque de alegria e vitalidade a qualquer ocasi\u00e3o. O seu design muito especial n\u00e3o s\u00f3 as torna ideais para servir aperitivos, como tamb\u00e9m funcionam perfeitamente como elementos decorativos, acrescentando um toque portugu\u00eas \u00e0 sua mesa ou espa\u00e7o.<\/p>\n<p>Estas ta\u00e7as de coco s\u00e3o muito mais do que um simples acess\u00f3rio; representam o calor e o esp\u00edrito acolhedor de Lisboa, tornando-as numa requintada recorda\u00e7\u00e3o para os turistas que desejam levar um pedacinho desta bela cidade. Na Ol\u00e9 Mosaic, especializamo-nos na distribui\u00e7\u00e3o de souvenirs por grosso, oferecendo estas encantadoras ta\u00e7as como uma excelente op\u00e7\u00e3o para as lojas de presentes tur\u00edsticos que desejem oferecer produtos aut\u00eanticos e cheios de car\u00e1cter. Com a sua combina\u00e7\u00e3o de funcionalidade e beleza, estes souvenirs de Lisboa s\u00e3o a escolha perfeita para aqueles que procuram celebrar a rica cultura portuguesa no seu lar.<\/p>\n","protected":false},"excerpt":{"rendered":"<p>Ta\u00e7as de coco de 13 x 6 cm, coloridas e decorativas, inspiradas na cultura lisboeta. Cada ta\u00e7a apresenta um design \u00fanico com uma sardinha no centro, rodeada por um fundo cheio de cora\u00e7\u00f5es. A vibrante gama de cores, que inclui azul, vermelho, f\u00facsia e laranja, oferece uma combina\u00e7\u00e3o atraente e alegre. Ideais para servir aperitivos ou como elemento decorativo, estas ta\u00e7as conferem um toque portugu\u00eas a qualquer mesa.<\/p>\n","protected":false},"featured_media":10671,"template":"","meta":{"_acf_changed":false},"product_brand":[],"product_cat":[513],"product_tag":[516],"class_list":{"0":"post-27860","1":"product","2":"type-product","3":"status-publish","4":"has-post-thumbnail","6":"product_cat-bols","7":"product_tag-animais","8":"pa_ciudad-lisboa","9":"pa_motivo-sardinhas","10":"pa_pais-portugal","12":"first","13":"instock","14":"shipping-taxable","15":"product-type-simple"},"acf":[],"_links":{"self":[{"href":"https:\/\/olemosaic.orbitalia.org\/pt-pt\/wp-json\/wp\/v2\/product\/27860","targetHints":{"allow":["GET"]}}],"collection":[{"href":"https:\/\/olemosaic.orbitalia.org\/pt-pt\/wp-json\/wp\/v2\/product"}],"about":[{"href":"https:\/\/olemosaic.orbitalia.org\/pt-pt\/wp-json\/wp\/v2\/types\/product"}],"wp:featuredmedia":[{"embeddable":true,"href":"https:\/\/olemosaic.orbitalia.org\/pt-pt\/wp-json\/wp\/v2\/media\/10671"}],"wp:attachment":[{"href":"https:\/\/olemosaic.orbitalia.org\/pt-pt\/wp-json\/wp\/v2\/media?parent=27860"}],"wp:term":[{"taxonomy":"product_brand","embeddable":true,"href":"https:\/\/olemosaic.orbitalia.org\/pt-pt\/wp-json\/wp\/v2\/product_brand?post=27860"},{"taxonomy":"product_cat","embeddable":true,"href":"https:\/\/olemosaic.orbitalia.org\/pt-pt\/wp-json\/wp\/v2\/product_cat?post=27860"},{"taxonomy":"product_tag","embeddable":true,"href":"https:\/\/olemosaic.orbitalia.org\/pt-pt\/wp-json\/wp\/v2\/product_tag?post=27860"}],"curies":[{"name":"wp","href":"https:\/\/api.w.org\/{rel}","templated":true}]}}