{"id":27840,"date":"2025-02-20T22:29:14","date_gmt":"2025-02-20T22:29:14","guid":{"rendered":"https:\/\/olemosaic.orbitalia.org\/producto\/taza-de-ceramica-madrid-blanco\/"},"modified":"2025-07-25T18:38:26","modified_gmt":"2025-07-25T16:38:26","slug":"chavena-de-ceramica-madrid-branco","status":"publish","type":"product","link":"https:\/\/olemosaic.orbitalia.org\/pt-pt\/produto\/chavena-de-ceramica-madrid-branco\/","title":{"rendered":"Ch\u00e1vena de cer\u00e2mica. Madrid. Branco."},"content":{"rendered":"<p>Esta ch\u00e1vena de cer\u00e2mica decorativa \u00e9 uma homenagem colorida \u00e0 vibrante cidade de Madrid, ideal para recordar a sua visita ou para oferecer um pedacinho da capital espanhola. O seu design branco destaca-se por uma ilustra\u00e7\u00e3o vibrante que inclui o emblem\u00e1tico arco da Puerta de Alcal\u00e1, um s\u00edmbolo ic\u00f3nico da cidade que convida a descobrir a sua rica hist\u00f3ria. O interior da ch\u00e1vena, de um verde brilhante, oferece um contraste chamativo que real\u00e7a a alegria da cultura madrilena.<\/p>\n<p>Al\u00e9m disso, a ch\u00e1vena incorpora elementos do Metro de Madrid, com a sua conhecida sinaliza\u00e7\u00e3o, que liga os visitantes \u00e0 vida din\u00e2mica da cidade. Este motivo n\u00e3o s\u00f3 destaca o ritmo de vida urbano de Madrid, como tamb\u00e9m celebra a sua famosa rede de transportes, conhecida pela sua efici\u00eancia e modernidade. As ilustra\u00e7\u00f5es intrincadas em tons vibrantes s\u00e3o ideais para os amantes da cidade que desejem desfrutar da sua bebida favorita enquanto mergulham na cultura e no estilo de vida madrilenos.<\/p>\n<p>Na Ol\u00e9 Mosaic, oferecemos esta ch\u00e1vena como uma excelente recorda\u00e7\u00e3o que capta a ess\u00eancia de Madrid, tornando-a uma op\u00e7\u00e3o atraente para lojas de presentes tur\u00edsticos. Como grossistas de recorda\u00e7\u00f5es, garantimos a autenticidade e qualidade da nossa sele\u00e7\u00e3o, assegurando que cada pe\u00e7a seja um reflexo distintivo do legado cultural da regi\u00e3o. Esta ch\u00e1vena \u00e9, sem d\u00favida, um presente perfeito para quem procura recorda\u00e7\u00f5es de qualidade que representem o melhor de Madrid.<\/p>\n","protected":false},"excerpt":{"rendered":"<p>Ch\u00e1vena de cer\u00e2mica branca decorativa, inspirada na vibrante cidade de Madrid. Esta original ch\u00e1vena apresenta uma ilustra\u00e7\u00e3o colorida que inclui o famoso arco da Puerta de Alcal\u00e1 e um design de mosaico em tons alegres. O interior \u00e9 de um verde brilhante, o que acrescenta um contraste chamativo. Tamb\u00e9m inclui elementos do Metro de Madrid, destacando a sua ic\u00f3nica sinaliza\u00e7\u00e3o. \u00c9 ideal para desfrutar da sua bebida favorita enquanto mergulha na cultura madrilena.<\/p>\n","protected":false},"featured_media":9947,"template":"","meta":{"_acf_changed":false},"product_brand":[],"product_cat":[833],"product_tag":[515],"class_list":{"0":"post-27840","1":"product","2":"type-product","3":"status-publish","4":"has-post-thumbnail","6":"product_cat-canecas","7":"product_tag-ceramica","8":"pa_ciudad-madrid","9":"pa_pais-espana","11":"first","12":"instock","13":"shipping-taxable","14":"product-type-simple"},"acf":[],"_links":{"self":[{"href":"https:\/\/olemosaic.orbitalia.org\/pt-pt\/wp-json\/wp\/v2\/product\/27840","targetHints":{"allow":["GET"]}}],"collection":[{"href":"https:\/\/olemosaic.orbitalia.org\/pt-pt\/wp-json\/wp\/v2\/product"}],"about":[{"href":"https:\/\/olemosaic.orbitalia.org\/pt-pt\/wp-json\/wp\/v2\/types\/product"}],"wp:featuredmedia":[{"embeddable":true,"href":"https:\/\/olemosaic.orbitalia.org\/pt-pt\/wp-json\/wp\/v2\/media\/9947"}],"wp:attachment":[{"href":"https:\/\/olemosaic.orbitalia.org\/pt-pt\/wp-json\/wp\/v2\/media?parent=27840"}],"wp:term":[{"taxonomy":"product_brand","embeddable":true,"href":"https:\/\/olemosaic.orbitalia.org\/pt-pt\/wp-json\/wp\/v2\/product_brand?post=27840"},{"taxonomy":"product_cat","embeddable":true,"href":"https:\/\/olemosaic.orbitalia.org\/pt-pt\/wp-json\/wp\/v2\/product_cat?post=27840"},{"taxonomy":"product_tag","embeddable":true,"href":"https:\/\/olemosaic.orbitalia.org\/pt-pt\/wp-json\/wp\/v2\/product_tag?post=27840"}],"curies":[{"name":"wp","href":"https:\/\/api.w.org\/{rel}","templated":true}]}}